{"id":206488,"date":"2023-07-29T11:53:54","date_gmt":"2023-07-29T11:53:54","guid":{"rendered":"https:\/\/torricellapeligna.org\/documenti-notarili\/"},"modified":"2025-01-09T10:08:23","modified_gmt":"2025-01-09T10:08:23","slug":"documenti-notarili","status":"publish","type":"page","link":"https:\/\/torricellapeligna.org\/it\/documenti-notarili\/","title":{"rendered":"Documenti Notarili"},"content":{"rendered":"<p>[et_pb_section fb_built=&#8221;1&#8243; _builder_version=&#8221;4.21.0&#8243; _module_preset=&#8221;default&#8221; background_color=&#8221;#EDECE3&#8243; global_colors_info=&#8221;{}&#8221;][et_pb_row _builder_version=&#8221;4.21.0&#8243; _module_preset=&#8221;default&#8221; global_colors_info=&#8221;{}&#8221;][et_pb_column type=&#8221;4_4&#8243; _builder_version=&#8221;4.21.0&#8243; _module_preset=&#8221;default&#8221; global_colors_info=&#8221;{}&#8221;][et_pb_text _builder_version=&#8221;4.21.2&#8243; _module_preset=&#8221;default&#8221; global_colors_info=&#8221;{}&#8221;]<\/p>\n<h1>Documenti Notarili per Torricella Peligna<\/h1>\n<p>&nbsp;<\/p>\n<p><span>I documenti notarili sono utili per completare la ricerca genealogica quando non vi sono altre fonti di informazione o semplicemente non sono disponibili. Inoltre, essi permettono una grande comprensione della vita, della storia del popolo locale e dei rapporti tra le famiglie nelle occasioni importanti come i matrimoni, le morti; permettono una grande comprensione delle situazioni sullo stato sociale e sulla proprieta&#8217;, dei nomi dei luoghi e degli atti amministrativi di un luogo o piu&#8217;. <\/span><\/p>\n<p><span>Per ulteriori informazioni sul ruolo degli atti notarili nella ricerca genealogica, visitate il sito <\/span><a href=\"https:\/\/www.italyheritage.com\/magazine\/2004_01\/b.htm\" target=\"_blank\" data-saferedirecturl=\"https:\/\/www.google.com\/url?q=https:\/\/www.italyheritage.com\/magazine\/2004_01\/b.htm&amp;source=gmail&amp;ust=1697713243212000&amp;usg=AOvVaw1q7vLVpE8jlTExEfjRTpw1\" rel=\"noopener\">ItalyHeritage.com<\/a><span>. <\/span><\/p>\n<p>La maggior parte degli atti notarili di Torricella si trova nell&#8217;archivio di Lanciano, ma alcuni si trovano anche nell&#8217;archivio di Chieti. Per ottenere una copia di un atto notarile, inviare un&#8217;e-mail a as-ch.lanciano@beniculturali.it per Lanciano e as-ch@cultura.gov.it per Chieti. Indicare il nome del notaio, l&#8217;anno e la pagina.<\/p>\n<p>Di solito e&#8217; possibile fare le fotocopie se il libro e&#8217; in buone condizioni, altrimenti si possono fare solo le immagini digitali. E&#8217; suggerito inviare soldi in euro per le copie e l&#8217;affrancatura, 5 euro possono bastare per un atto e spedizione.<\/p>\n<p>Di solito la maggior parte dell&#8217;atto \u00e8 scritta a mano in latino, ma la parte pi\u00f9 rilevante si trova di solito nel primo e nel secondo paragrafo, anche se \u00e8 sempre consigliabile studiare l&#8217;intero atto.<\/p>\n<p>Abbiamo cercato di fornire quando possibile: la data, il numero del foglio che appare solo sulla pagina destra &#8211; la pagina sinistra e&#8217; considerata la pagina posteriore ed e&#8217; chiamata il &#8220;verso&#8221;, mentre la pagina destra che porta il numero e&#8217; chaimata il &#8220;retto&#8221; &#8211; titolo dell&#8217;atto se dato, e una spiegazione o commento breve se fattibile.<\/p>\n<p>Non ci sono dei notai per Fallascoso ad eccezione di uno intorno alla meta&#8217; del XIXesimo secolo, De Stefanis Raffaele, 1835-1856, con un repertorio. . Non ci sono neanche notai per Colledimacine ne&#8217; Montenerodomo. La gente di questi paesi probabilmente sarebbe dovuta andare a Torricella perche&#8217;, come Gessopalena, Palena e Lettopalena, aveva sempre un minimo di due notai al lavoro. Quindi, gli atti per Fallascoso, appaiono molto probabilmente assieme ai documenti notarili di Torricella.<\/p>\n<p><strong>Libri notarili nell&#8217;Archivio di Lanciano:<\/strong><\/p>\n<ul>\n<li>Mancini Nicola Sr. 1619-1633, 3 libri<\/li>\n<li>Mirolli Filippo 1620-1644, 3 libri<\/li>\n<li>\n<dl>\n<dt><span style=\"text-decoration: underline;\"><em><a href=\"http:\/\/www.torricellapeligna.com\/Notaries-mirolli_filippo.htm\" target=\"_blank\" rel=\"noopener\">Libro I, 1620-1627<\/a><\/em><\/span><\/dt>\n<\/dl>\n<\/li>\n<li>Mancini Costantino 1623-1639, 3 libri<\/li>\n<li><a href=\"http:\/\/www.torricellapeligna.com\/Notaries-mancini_isidoro.htm\" target=\"_blank\" rel=\"noopener\"><em><span style=\"text-decoration: underline;\">Mancini Isidoro<\/span><\/em><\/a><span> <\/span>1647-1678, 5 libri<\/li>\n<li>De Angelis Carlo 1650-1704, 3 libri<\/li>\n<li>\n<dl>\n<dt><em><span style=\"text-decoration: underline;\"><a href=\"http:\/\/www.torricellapeligna.com\/Notaries-deangelis_carlo.htm\" target=\"_blank\" rel=\"noopener\">Libro I 1650 &#8211; 1678<\/a><\/span><\/em><\/dt>\n<\/dl>\n<\/li>\n<li>De Angelis Daniele 1683-1716, 6 libri<\/li>\n<li>\n<dl>\n<dt><em><span style=\"text-decoration: underline;\"><a href=\"http:\/\/www.torricellapeligna.com\/Notaries-deangelis_daniele.htm\" target=\"_blank\" rel=\"noopener\">Libro I: 1683 &#8211; 1688<\/a><\/span><\/em><\/dt>\n<\/dl>\n<\/li>\n<li>De Sanctis Francescantonio 1689-1747, 7 libri<\/li>\n<li>Mancini Nicola Jr 1709-1768, 20 libri<\/li>\n<li>De Angelis Nicola 1719-1781, 6 libri<br \/><span> <\/span><a href=\"http:\/\/www.torricellapeligna.com\/Notaries-Rep-deangelis_nicola.htm\" target=\"_blank\" rel=\"noopener\">[1 repertorio (index) only for the years 1734-1781* ]<\/a><\/li>\n<li>Ficcaglia Enrico 1747-1787, 7 libri<\/li>\n<li>Bonanni Luigi 1780-1825, 27 libri, 1 repertorio (indice)<\/li>\n<li>Ficcaglia Leonardo Antonio 1788-1790, 1 libro<\/li>\n<li>Porreca Antonio 1791-1832, 37 libri, 1 repertorio (indice)<\/li>\n<li>De Stefanis Luigi 1795-1798, 4 libri<\/li>\n<li>Teti Carlo Eugenio 1804-1815, 12 libri, 2 libretti di testamenti<\/li>\n<li>Antrilli Domenico 1816-1833, 23 libri, 1 repertorio (indice)<\/li>\n<li>Teti Camillo 1830-1858, 29 libri, 6 repertori<\/li>\n<li>\n<div>Piccone Giuseppe 1861-1907<\/div>\n<\/li>\n<li>\n<div>Madonna, Teseo 1858-1911<\/div>\n<\/li>\n<\/ul>\n<p><strong> Libri notarili nell&#8217;Archivio di Chieti:<\/strong><\/p>\n<ul>\n<li>Mancini Nicola 1734-1768<\/li>\n<li>De Angelis Nicola 1734-1781<\/li>\n<li>Teti Carlo Eugenio 1781-1809<\/li>\n<li>Vespa Giandomenico 1804-<\/li>\n<li>Bonanni Luigi 1823-1824<\/li>\n<\/ul>\n<p><strong><\/strong><strong><\/strong><\/p>\n<hr \/>\n<p>* Si ricorda che il repertorio redatto dal notaio Nicola De Angelis per gli anni 1734-1781 \u00e8 conservato presso l&#8217;Archivio di Stato di Chieti. Gli atti notarili stessi, invece, sono conservati presso l&#8217;Archivio di Stato di Lanciano. Il repertorio \u00e8 un indice molto particolare che non solo identifica il tipo di atto, i nomi delle persone coinvolte e la data, ma fornisce anche una breve descrizione dell&#8217;oggetto dell&#8217;atto.<\/p>\n<p>[\/et_pb_text][\/et_pb_column][\/et_pb_row][\/et_pb_section]<\/p>\n","protected":false},"excerpt":{"rendered":"<p>Documenti Notarili per Torricella Peligna &nbsp; I documenti notarili sono utili per completare la ricerca genealogica quando non vi sono altre fonti di informazione o semplicemente non sono disponibili. Inoltre, essi permettono una grande comprensione della vita, della storia del popolo locale e dei rapporti tra le famiglie nelle occasioni importanti come i matrimoni, le [&hellip;]<\/p>\n","protected":false},"author":1,"featured_media":0,"parent":0,"menu_order":0,"comment_status":"closed","ping_status":"closed","template":"","meta":{"_et_pb_use_builder":"on","_et_pb_old_content":"","_et_gb_content_width":"","_uf_show_specific_survey":0,"_uf_disable_surveys":false,"iawp_total_views":48,"footnotes":""},"class_list":["post-206488","page","type-page","status-publish","hentry"],"_links":{"self":[{"href":"https:\/\/torricellapeligna.org\/it\/wp-json\/wp\/v2\/pages\/206488","targetHints":{"allow":["GET"]}}],"collection":[{"href":"https:\/\/torricellapeligna.org\/it\/wp-json\/wp\/v2\/pages"}],"about":[{"href":"https:\/\/torricellapeligna.org\/it\/wp-json\/wp\/v2\/types\/page"}],"author":[{"embeddable":true,"href":"https:\/\/torricellapeligna.org\/it\/wp-json\/wp\/v2\/users\/1"}],"replies":[{"embeddable":true,"href":"https:\/\/torricellapeligna.org\/it\/wp-json\/wp\/v2\/comments?post=206488"}],"version-history":[{"count":12,"href":"https:\/\/torricellapeligna.org\/it\/wp-json\/wp\/v2\/pages\/206488\/revisions"}],"predecessor-version":[{"id":208499,"href":"https:\/\/torricellapeligna.org\/it\/wp-json\/wp\/v2\/pages\/206488\/revisions\/208499"}],"wp:attachment":[{"href":"https:\/\/torricellapeligna.org\/it\/wp-json\/wp\/v2\/media?parent=206488"}],"curies":[{"name":"wp","href":"https:\/\/api.w.org\/{rel}","templated":true}]}}