{"id":206562,"date":"2023-08-03T13:21:17","date_gmt":"2023-08-03T13:21:17","guid":{"rendered":"https:\/\/torricellapeligna.org\/censimento-del-1743\/"},"modified":"2025-07-22T07:32:47","modified_gmt":"2025-07-22T07:32:47","slug":"censimento-del-1743","status":"publish","type":"page","link":"https:\/\/torricellapeligna.org\/it\/censimento-del-1743\/","title":{"rendered":"Censimento del 1743"},"content":{"rendered":"<p>[et_pb_section fb_built=&#8221;1&#8243; _builder_version=&#8221;4.21.2&#8243; _module_preset=&#8221;default&#8221; background_color=&#8221;#EDECE3&#8243; global_colors_info=&#8221;{}&#8221;][et_pb_row _builder_version=&#8221;4.21.2&#8243; _module_preset=&#8221;default&#8221; global_colors_info=&#8221;{}&#8221;][et_pb_column type=&#8221;4_4&#8243; _builder_version=&#8221;4.21.2&#8243; _module_preset=&#8221;default&#8221; global_colors_info=&#8221;{}&#8221;][et_pb_text _builder_version=&#8221;4.21.2&#8243; _module_preset=&#8221;default&#8221; global_colors_info=&#8221;{}&#8221;]<\/p>\n<h1><span>Censimento 1743 \/<\/span> Catasto Onciario<\/h1>\n<p>&nbsp;<\/p>\n<p>I Catasti sono fra le pi\u00f9 importanti fonti per lo studio della storia economica e sociale dell\u2019Italia Meridionale. Fino alla met\u00e0 del XVIII secolo i catasti antichi valutavano le propriet\u00e0 dei cittadini e le entrate derivanti dalle loro attivit\u00e0, al fine di stabilire l\u2019ammontare delle tasse dovute. Questo genere di tassazione fu chiamato \u201cbattaglione\u201d. Per le Universit\u00e0 (Comuni) era comunque possibile riscuotere le tasse con un metodo pi\u00f9 semplice chiamato \u201cgabella\u201d che sostanzialmente rappresentava una tassa sui beni di consumo. Per questa ragione fino al 1740, solo una minoranza di Comuni scelse di riscuotere le tasse con il sistema del \u201cbattaglione\u201d, per questo in molte localit\u00e0 non esistono Catasti antichi precedenti al 1742.    <\/p>\n<p>&nbsp;<\/p>\n<p>Tutto questo cambi\u00f2 con una legge emanata da Carlo II di Borbone il 4 Ottobre 1740, che ordinava il Catasto per l\u2019intero Regno. Nei due anni seguenti, 1741 e 1742, la Regia Camera della Sommaria eman\u00f2 le istruzioni per la compilazione dei Catasti, e il 28 Settembre 1742 l\u2019ordine di consegnare il censimento catastale entro quattro mesi. Dieci anni pi\u00f9 tardi molte Universit\u00e0 non avevano ancora completato il lavoro, ed il Re, nel maggio 1753, invi\u00f2 i suoi Commissari per terminare i lavori laddove i comuni non erano stati in grado di fare il Catasto da soli.  <\/p>\n<p>&nbsp;<\/p>\n<p>Il risultato fu una sorta di censimento dell\u2019intera popolazione dell\u2019Italia meridionale completo di et\u00e0, professioni e propriet\u00e0, non esclusi gli animali. Ciascuna Universit\u00e0 (Comune) doveva redigere in due copie, una da conservare presso l\u2019Universit\u00e0 per successivi aggiornamenti e l\u2019altra da inviare a Napoli alla Regia Camera della Sommaria, l\u2019autorit\u00e0 fiscale del Regno. Da allora molte delle copie conservate localmente sono andate distrutte o consegnate agli archivi provinciali. Le copie inviate a Napoli sono ora conservate in una speciale sezione dell\u2019Archivio di Stato che contiene migliaia e migliaia di libri, la maggior parte dei quali non \u00e8 mai stata studiata.   <\/p>\n<p>[\/et_pb_text][\/et_pb_column][\/et_pb_row][\/et_pb_section][et_pb_section fb_built=&#8221;1&#8243; _builder_version=&#8221;4.21.2&#8243; _module_preset=&#8221;default&#8221; background_color=&#8221;#343A40&#8243; global_colors_info=&#8221;{}&#8221;][et_pb_row column_structure=&#8221;1_2,1_2&#8243; _builder_version=&#8221;4.21.2&#8243; _module_preset=&#8221;default&#8221; global_colors_info=&#8221;{}&#8221;][et_pb_column type=&#8221;1_2&#8243; _builder_version=&#8221;4.21.2&#8243; _module_preset=&#8221;default&#8221; global_colors_info=&#8221;{}&#8221;][et_pb_image src=&#8221;https:\/\/torricellapeligna.org\/wp-content\/uploads\/2023\/08\/torricella-Catasto-onciario-cover-page-smaller.jpeg&#8221; title_text=&#8221;torricella Catasto onciario cover page-smaller&#8221; show_in_lightbox=&#8221;on&#8221; align=&#8221;center&#8221; _builder_version=&#8221;4.21.2&#8243; _module_preset=&#8221;default&#8221; global_colors_info=&#8221;{}&#8221;][\/et_pb_image][\/et_pb_column][et_pb_column type=&#8221;1_2&#8243; _builder_version=&#8221;4.21.2&#8243; _module_preset=&#8221;default&#8221; global_colors_info=&#8221;{}&#8221;][et_pb_text _builder_version=&#8221;4.21.2&#8243; _module_preset=&#8221;default&#8221; text_text_color=&#8221;#EDECE3&#8243; header_2_text_color=&#8221;#EDECE3&#8243; global_colors_info=&#8221;{}&#8221;]<\/p>\n<h2><span>Catasto Onciario &#8211; Torricella Peligna 1743<\/span><br \/><span>Copertina<\/span><\/h2>\n<p><span><\/span><\/p>\n<p align=\"center\" style=\"text-align: left;\"><strong><span style=\"text-decoration: underline;\"><em>Queste firme sono sulla copertina:<\/em><\/span><\/strong><\/p>\n<ul>\n<li><span style=\"font-size: small;\">Domenico Antonio delli Pizzi Camerlengo<br \/><\/span><\/li>\n<li><span style=\"font-size: small;\">cross sign of Giuseppe di Laudadio di Paolo<br \/><\/span><\/li>\n<li><span style=\"font-size: small;\">cross sign of Girolamo Ficca<br \/><\/span><\/li>\n<li><span style=\"font-size: small;\">Francesco Antonio de Sanctis deputato<br \/><\/span><\/li>\n<li><span style=\"font-size: small;\">M. Niccolo de Angelis deputato<br \/><\/span><\/li>\n<li><span style=\"font-size: small;\">Simeone de Santis deputato<br \/><\/span><\/li>\n<li><span style=\"font-size: small;\">cross sign of Carmine D&#8217;Amore deputato<br \/><\/span><\/li>\n<li><span style=\"font-size: small;\">cross sign of Domenico Di Luzio deputato<br \/><\/span><\/li>\n<li><span style=\"font-size: small;\">cross sign of Antonio di Marino deputato<br \/><\/span><\/li>\n<li><span style=\"font-size: small;\">Dontao d&#8217;Ulisse agrimensore et apprezzatore<br \/><\/span><\/li>\n<li><span style=\"font-size: small;\">Tomaso d&#8217;Antrilli agrimensore et apprezzatore<br \/><\/span><\/li>\n<li><span style=\"font-size: small;\">Santo di Pietro Antonio apprezzatore<br \/><\/span><\/li>\n<li><span style=\"font-size: small;\">c<\/span><span style=\"font-size: small;\">ross sign of Eustachio Faenza apprezzatore<br \/><\/span><\/li>\n<li><span style=\"font-size: small;\">Falco del Duca deputato<br \/><\/span><\/li>\n<li><span style=\"font-size: small;\">Errico Ficcaglia Cancelliere<\/span><\/li>\n<\/ul>\n<p>[\/et_pb_text][\/et_pb_column][\/et_pb_row][\/et_pb_section][et_pb_section fb_built=&#8221;1&#8243; _builder_version=&#8221;4.21.2&#8243; _module_preset=&#8221;default&#8221; background_color=&#8221;#EDECE3&#8243; global_colors_info=&#8221;{}&#8221;][et_pb_row _builder_version=&#8221;4.21.2&#8243; _module_preset=&#8221;default&#8221; global_colors_info=&#8221;{}&#8221;][et_pb_column type=&#8221;4_4&#8243; _builder_version=&#8221;4.21.2&#8243; _module_preset=&#8221;default&#8221; global_colors_info=&#8221;{}&#8221;][et_pb_text _builder_version=&#8221;4.21.2&#8243; _module_preset=&#8221;default&#8221; global_colors_info=&#8221;{}&#8221;]<\/p>\n<p align=\"center\"><b><span lang=\"IT\">Di seguito la trascrizione degli indici del Catasto Onciario per Torricella Peligna<\/span><\/b><\/p>\n<p style=\"text-align: center;\"><i><span lang=\"EN-GB\">Il documento completo \u00e8 disponibile solo presso l&#8217;archivio di Napoli.<\/span><\/i><\/p>\n<p>[\/et_pb_text][et_pb_text _builder_version=&#8221;4.21.2&#8243; _module_preset=&#8221;default&#8221; global_colors_info=&#8221;{}&#8221;]<\/p>\n<p>Source: State Archive of Naples, Regia Camera della Sommaria.<\/p>\n<p>Cover Page:<\/p>\n<p>&#8220;Catasto generale in questa unit\u00e0 di Torricella, Provincia de Apruzzo Citra, ordinato da S.M., che Iddio sempre feliciti, con le sue Regali Istruzzioni, inviati e distribuiti per la Reggia Camera della Summaria, formato dalli Magnifici Domenico Antonio Delli Pizzi Cammerlengo, Giuseppe di Laudadio di Paolo e Girolamo Ficca, Compagni del regimento, dalli Magnifici Notar Francesco Antonio De Santis e notar Nicola De Angelis, deputati nel ceto Civile, Simeone De Santis, e Carmine D&#8217;Amore nel secondo ceto, da Domenico Di Luzio et Antonio Di Marino in ultimo luogo, dalli Magnifici Agrimensori et Apprezzatori Donato d&#8217;Ulisse e Tomaso D. Antrilli, Magnifico Filippo De Angelis scribente di Campiagna, come pure D. Santo di Pietrantonio ed Eustachio Faienza della Terra del Fllascoso Apprezzatori forestieri &#8212; et altres\u00ec dalli Magnifici Dott. Fisico Falco del Duca deputato de Deputati nel ceto civile, Giovan Francesco Furia nel mediocre, ed Angelo di Iorio del plebeo, Filippo Ficca di questa Terra e Cristofano di Nanno del Fallascoso, Apprezzatori delli suddetti agrimensori e stimatori &#8230;&#8230; dal Magn.co Enrico Ficcaglia Cancelliere e Scribente &#8230;. Torricella, 28 Luglio 1743. &#8220;<\/p>\n<p>&nbsp;<\/p>\n<p>&nbsp;<\/p>\n<p>As information, these signatures above represent the people charged with writing and checking the information to give to the state in 1743. The deputato is a representative of his class. The primo ceto, or ceto civile, was the nobles and similar (notaries, doctors) the second was of merchants and persons of some wealth &#8211; the terzo ceto or plebeo were the laborers. the apprezzatore is a kind of tax surveyor, who verified that the declaration was correct and in case updated the tax to pay on properties &#8211; the agrimensore was a a land surveyor. it was required that two of them were not from the place (in fact they came from Fallascoso) &#8211; Magnifico is a title of respect given to the individuals of the primo ceto.<\/p>\n<p>&#8212;&#8212;&#8212;&#8212;-<\/p>\n<p>Indice alfabetico di tutti li cittadini, Bonatenenti, Vedove et Ecclesiastici descritti nel seguente Catasto &#8220;<\/p>\n<p>&nbsp;<\/p>\n<p>&#8212;&#8212;&#8212;&#8212;&#8211;<\/p>\n<p>(The index is by first name in the original)<\/p>\n<p>Cittadini abitanti: 209 Capofuochi<\/p>\n<p>* ? Francesco * ACCETTELLA Stefano * ALTOBELLO Domenico Antonio * ALTOBELLO Luca * ALTOBELLO Vincenzo * AMORUSO Sossio * ASPROMONTE Berardino * ASPROMONTE Federico * ASPROMONTE Giosia * BELLINO Nicola * BELLINO Rosario * CARAPELLE Domenico * CARAPELLE Giovanni * CARAPELLE Giuseppe * CARAPELLE Ignazio * CARAPELLE Nicola * CICCHELLA Antonio * COCCI magnifico Giuseppe Antonio * CONICELLA Angiolo * <span>CRIVELLI\u00a0<\/span>Berardino * CRIVELLI Simone * D&#8217;AMBROSIO Filippo * D&#8217;AMBROSIO Francesco di Berardino * D&#8217;AMBROSIO Francesco di Modesto * D&#8217;AMBROSIO Giovanni * D&#8217;AMBROSIO Nicola * D&#8217;AMICO Amico * D&#8217;AMICO Carmine * D&#8217;AMICO Domenico Antonio * D&#8217;AMICO Giovanni * D&#8217;AMORE Carmine * D&#8217;ANDRILLI Agostino * D&#8217;ANDRILLI Domenico di Francesco * D&#8217;ANDRILLI Nicola di Domenico * D&#8217;ANDRILLI Pietro * D&#8217;ANDRILLI Santo * D&#8217;ANNUNZIO Domenico * D&#8217;ASCENZO magnifico Falco * DE ANGELIS magnifico notar Nicola * DE SANTIS Arcangiolo * DE SANTIS magnifico Notar Francesco Antonio * DE SANTIS Simeone * DEL DUCA Domizio * DEL DUCA Giovanbattista * DEL DUCA Giovanni di Damaso * DEL DUCA magnifico Falco * DEL PIZZO Domenico di Gerolamo * DELLI PIZZI Filippo * DELLI PIZZI Lonard&#8217;Antonio * DELLI PIZZI Magnifico Domenico Antonio * DELLI QUATRI Lorenzo * DI CINO Antonio * DI CINO Berardino * DI CINO Giacomo * DI CINO Giovanni * DI FABIANO Flaviano * DI FABRIZIO Fabrizio * DI FABRIZIO Giuseppe * DI FABRIZIO Giuseppe di Leone * DI FABRIZIO Leone * DI FABRIZIO Mercurio * DI FABRIZIO Sigismondo * DI IORIO Andrea del quondam Giuseppe * DI IORIO Angiolo * DI IORIO Eustachio * DI IORIO Francesco di Giuseppe * DI IORIO Giosafat * DI IORIO Giuseppe * DI IORIO Giuseppe d&#8217;Isidoro * DI IORIO Nicola di Bonaventura * DI IORIO Pietro di Luca * DI IORIO Vincenzo * DI LUZIO Andrea * DI LUZIO Angiolo * DI LUZIO Berardino * DI LUZIO Domenico di Agostino * DI LUZIO Domenico di Giuseppe * DI LUZIO Leonardo * DI LUZIO Nicola di Nicola * DI MARCO Nicola * DI MARINO Antonio * DI MARINO Benedetto * DI MARINO Biagio * DI MARINO Cesare * DI MARINO Francesco * DI MARINO Francesco di Leone * DI MARINO Giacomo di Giovannni Domenico * DI MARINO Giuseppe * DI MARINO Leonardo * DI MARINO Marino * DI MARINO Martino * DI MARINO Menno * DI MARINO Nicola di Marco * DI MARINO Salvatore * DI MARINO Simone * DI MARINO Tomaso * DI MARINO Tomaso di Marco * DI PAOLO Giacomo * DI PAOLO Giovanni * DI PAOLO Isidoro * DI PAOLO Leonardo * DI PAOLO Paolo di Tomaso * DI STEFANO Berardino * DI STEFANO Carmine * DI STEFANO Francesco * DI STEFANO Gasbarro * DI STEFANO Nicola * DI TOMASO Carlo Antonio * DI TOMASO Felice * DI TOMASO Pietro * DI TOMASO Tomaso di Donato * DI TULLIO Giuseppe * DI TULLIO Nicola * D&#8217;ORAZIO Francesco * D&#8217;ULISSE Agostiniano * D&#8217;ULISSE Donato * D&#8217;ULISSE Eusebio * D&#8217;ULISSE Falco * D&#8217;ULISSE Giuseppe * FABIANI Felice * FANTE Giacomo * FANTE Nicola * FANTE Tomaso * FANTINO Giuseppe * FICCA Angiolo Antonio di Remigio * FICCA Bonifacio * FICCA Buccio * FICCA Carlo * FICCA Carlo d&#8217;Eusebio * FICCA Domenico di Angelo Antonio * FICCA Domenico di Dalmazio * FICCA Filippo * FICCA Giandomenico di Guerrino * FICCA Giovanni * FICCA Girolamo * FICCA Giuseppe di Giacomo * FICCA Leonardo di Nunziato * FICCA Matteo di Giuseppe * FICCA Nunzio * FICCA Pietro * FICCA Valentino * FICCAGLIA magnifico Leonard&#8217;Antonio * FURIA Gilario * FURIA Giovanni Francesco * LEONELLI Sebastiano * MACCHIOLI Magnifico Francesco * MANCINI Domenico * MANCINI magnifico notar Nicola * MIROLLO Bonaventura * ODORISIO Fioravante * OLIVIERI Antonio * OLIVIERI Nicola di Adriano * PALIZZA Giacinto * PASSALACQUA Berardino * PASSALACQUA Matteo * PERSICHITTO Giovanni * PERSICHITTO Nicola * PERSICHITTO Silvestro * PICCIRELLI Dionisio * PICCIRELLI Marcantonio * PICCIRELLI Nicola * PICCIRELLI Sebastiano * PICCOLO Agostino * PICCOLO Carmine * PICCOLO David * PICCOLO Eliseo * PICCOLO Giuseppe * PICCONE Angiolo * PICCONE Giovanni * PICCONE Leonardo * PICCONE Matteo * PORRECA Andrea del quondam Domenico * PORRECA Andrea di Francesco * PORRECA Angiolo di Michele * PORRECA Antonio di Matteo * PORRECA Bartolomeo * PORRECA Berardino * PORRECA Carlo * PORRECA Carmine di Giovanni * PORRECA Domenico Crescenzo * PORRECA Eusebio * PORRECA Filippo * PORRECA Giovanni di Liberatore * PORRECA Giuseppe di Vincenzo * PORRECA Mattia di Giovan Camillo * PORRECA Mercurio * PORRECA Muzio * PORRECA Nicola di Giovanni * PORRECA Nicola di Liberatore * RUGGIERO Carmine * RUGGIERO Stefano * TARTAGLIA Carlo * TARTAGLIA Giuseppe * TETI Ani\u2026 * TETI Carmine di Carlo * TETI Carmine di Salvatore * TETI Filippo d&#8217;Orazio * TETI Francesco di Giuseppe * TETI Giacinto * TETI Giovanni * TETI Leonardo * TETI Leonto * TETI Menno * TETI Reginaldo * TETI Tomaso di Bartolo * TETI Vincenzo di Giuseppe * TETI Vittorio * TR\u2026 Stefano * VENANZO Clemente *<\/p>\n<p>&nbsp;<\/p>\n<p>Cittadini Assenti: 4 Capofuochi<\/p>\n<p>DI IORIO Giacomo * DI MATTEO Simone del quondam Giuseppe * PORRECA Anzelmo * PORRECA Ortenzio<\/p>\n<p>&nbsp;<\/p>\n<p>Vedove: 8 Capofuochi<\/p>\n<p>FANTI Antina * PICCIRELLI Caterina * DEL DUCA Domenica * TETI Elisabetta * FABIANI Giovanna * DI CINO Lucia * PASSALACQUA Maria * CANIGLIA Maria *<\/p>\n<p>&nbsp;<\/p>\n<p>Cittadini bonatenenti forestieri: 7 Capofuochi<\/p>\n<p>BUCCITELLI Giuseppe * CARAGI Giovanni * DE SIMEONIBUS Giulio * DI CROCE Donato * DI TOMASO Falco * OLIVIERI Domenico * PICCONE Elisabetta *<\/p>\n<p>&nbsp;<\/p>\n<p>Sacerdoti: 14 Capofuochi<\/p>\n<p>ACCETTELLA Nobile * BELLINO Carlo * COCCI Nicol\u00f2 * DE PIZZIS Gesualdo abate * DE SANTIS Ponziano * DI IORIO Germano * FABIANI Angelo Eremita * FABIANO Carmine * FICCAGLIA Giovanni Quondam abate * FICCAGLIA Michelangelo * FURIA Feliciano * MACCHIOLI Giacomo * MACCHIOLI Giuseppe * PICCIRELLI Geremia *<\/p>\n<p>[\/et_pb_text][et_pb_text _builder_version=&#8221;4.21.2&#8243; _module_preset=&#8221;default&#8221; global_colors_info=&#8221;{}&#8221;]<\/p>\n<p><span>La descrizione sopra riportata \u00e8 stata tratta, con lievi modifiche, da <\/span><a href=\"https:\/\/www.italyheritage.com\/genealogy\/catasti\/\" target=\"_blank\" data-saferedirecturl=\"https:\/\/www.google.com\/url?q=http:\/\/ItalyHeritage.com&amp;source=gmail&amp;ust=1691149468034000&amp;usg=AOvVaw0wBv4k0k8DqAim6WQg9V5A\" rel=\"noopener\">ItalyHeritage.com<\/a><span>. <\/span> <\/p>\n<p>[\/et_pb_text][et_pb_text _builder_version=&#8221;4.21.2&#8243; _module_preset=&#8221;default&#8221; global_colors_info=&#8221;{}&#8221;]<\/p>\n<p><span style=\"text-decoration: underline;\"><strong><a href=\"http:\/\/www.torricellapeligna.com\/Gen-Catasto%20Onciario%20Fallascoso%20.htm\" target=\"_blank\" rel=\"noopener\">Catasto Onciario &#8211; Fallascoso<\/a><\/strong><\/span><\/p>\n<p><span style=\"text-decoration: underline;\"><strong><a href=\"http:\/\/www.torricellapeligna.com\/Gen-Catasto%20Onciario%20Colledimacine%20.htm\" target=\"_blank\" rel=\"noopener\">Catasto Onciario &#8211; Colledimacine<\/a><\/strong><\/span><\/p>\n<p>[\/et_pb_text][\/et_pb_column][\/et_pb_row][\/et_pb_section]<\/p>\n","protected":false},"excerpt":{"rendered":"<p>Censimento 1743 \/ Catasto Onciario &nbsp; I Catasti sono fra le pi\u00f9 importanti fonti per lo studio della storia economica e sociale dell\u2019Italia Meridionale. Fino alla met\u00e0 del XVIII secolo i catasti antichi valutavano le propriet\u00e0 dei cittadini e le entrate derivanti dalle loro attivit\u00e0, al fine di stabilire l\u2019ammontare delle tasse dovute. Questo genere [&hellip;]<\/p>\n","protected":false},"author":1,"featured_media":0,"parent":0,"menu_order":0,"comment_status":"closed","ping_status":"closed","template":"","meta":{"_et_pb_use_builder":"on","_et_pb_old_content":"","_et_gb_content_width":"","_uf_show_specific_survey":0,"_uf_disable_surveys":false,"iawp_total_views":70,"footnotes":""},"class_list":["post-206562","page","type-page","status-publish","hentry"],"_links":{"self":[{"href":"https:\/\/torricellapeligna.org\/it\/wp-json\/wp\/v2\/pages\/206562","targetHints":{"allow":["GET"]}}],"collection":[{"href":"https:\/\/torricellapeligna.org\/it\/wp-json\/wp\/v2\/pages"}],"about":[{"href":"https:\/\/torricellapeligna.org\/it\/wp-json\/wp\/v2\/types\/page"}],"author":[{"embeddable":true,"href":"https:\/\/torricellapeligna.org\/it\/wp-json\/wp\/v2\/users\/1"}],"replies":[{"embeddable":true,"href":"https:\/\/torricellapeligna.org\/it\/wp-json\/wp\/v2\/comments?post=206562"}],"version-history":[{"count":27,"href":"https:\/\/torricellapeligna.org\/it\/wp-json\/wp\/v2\/pages\/206562\/revisions"}],"predecessor-version":[{"id":208562,"href":"https:\/\/torricellapeligna.org\/it\/wp-json\/wp\/v2\/pages\/206562\/revisions\/208562"}],"wp:attachment":[{"href":"https:\/\/torricellapeligna.org\/it\/wp-json\/wp\/v2\/media?parent=206562"}],"curies":[{"name":"wp","href":"https:\/\/api.w.org\/{rel}","templated":true}]}}