{"id":206798,"date":"2023-08-09T07:48:14","date_gmt":"2023-08-09T07:48:14","guid":{"rendered":"https:\/\/torricellapeligna.org\/chi-siamo\/"},"modified":"2023-10-27T16:20:45","modified_gmt":"2023-10-27T16:20:45","slug":"chi-siamo","status":"publish","type":"page","link":"https:\/\/torricellapeligna.org\/it\/chi-siamo\/","title":{"rendered":"Chi siamo"},"content":{"rendered":"<p>[et_pb_section fb_built=&#8221;1&#8243; fullwidth=&#8221;on&#8221; admin_label=&#8221;Hero Section&#8221; _builder_version=&#8221;4.21.0&#8243; background_color=&#8221;#343A40&#8243; parallax=&#8221;on&#8221; custom_padding=&#8221;0px|0px|0px|0px&#8221; global_colors_info=&#8221;{}&#8221;][et_pb_fullwidth_header title=&#8221;Informazioni su questo sito web&#8221; header_fullscreen=&#8221;on&#8221; background_overlay_color=&#8221;rgba(29,38,51,0.86)&#8221; content_max_width=&#8221;1000px&#8221; admin_label=&#8221;Hero&#8221; _builder_version=&#8221;4.21.2&#8243; title_font=&#8221;|700||on|||||&#8221; title_font_size=&#8221;80px&#8221; title_line_height=&#8221;1.3em&#8221; content_font=&#8221;||||||||&#8221; content_font_size=&#8221;20px&#8221; content_line_height=&#8221;1.8em&#8221; background_color=&#8221;#6B705C&#8221; background_image=&#8221;https:\/\/torricellapeligna.org\/wp-content\/uploads\/2023\/05\/Untitled-design-2023-05-30T123133.701.png&#8221; parallax=&#8221;on&#8221; parallax_method=&#8221;on&#8221; custom_button_one=&#8221;on&#8221; button_one_border_radius=&#8221;0px&#8221; button_one_letter_spacing=&#8221;4px&#8221; button_one_font=&#8221;Oswald|on||on|&#8221; button_one_icon=&#8221;&#x24;||divi||400&#8243; button_one_icon_color=&#8221;#ffffff&#8221; custom_padding=&#8221;100px||100px||true|false&#8221; animation_style=&#8221;zoom&#8221; animation_direction=&#8221;bottom&#8221; animation_intensity_zoom=&#8221;4%&#8221; title_font_size_tablet=&#8221;80px&#8221; title_font_size_phone=&#8221;45px&#8221; title_font_size_last_edited=&#8221;on|phone&#8221; button_one_text_color_hover=&#8221;#ffffff&#8221; button_one_border_color_hover=&#8221;#ffffff&#8221; button_one_border_radius_hover=&#8221;0px&#8221; button_one_letter_spacing_hover=&#8221;4px&#8221; button_one_bg_color_hover=&#8221;rgba(0,0,0,0)&#8221; global_colors_info=&#8221;{}&#8221; button_one_text_size__hover_enabled=&#8221;off&#8221; button_two_text_size__hover_enabled=&#8221;off&#8221; button_one_text_color__hover_enabled=&#8221;on&#8221; button_one_text_color__hover=&#8221;#ffffff&#8221; button_two_text_color__hover_enabled=&#8221;off&#8221; button_one_border_width__hover_enabled=&#8221;off&#8221; button_two_border_width__hover_enabled=&#8221;off&#8221; button_one_border_color__hover_enabled=&#8221;on&#8221; button_one_border_color__hover=&#8221;#ffffff&#8221; button_two_border_color__hover_enabled=&#8221;off&#8221; button_one_border_radius__hover_enabled=&#8221;on&#8221; button_one_border_radius__hover=&#8221;0px&#8221; button_two_border_radius__hover_enabled=&#8221;off&#8221; button_one_letter_spacing__hover_enabled=&#8221;on&#8221; button_one_letter_spacing__hover=&#8221;4px&#8221; button_two_letter_spacing__hover_enabled=&#8221;off&#8221; button_one_bg_color__hover_enabled=&#8221;on&#8221; button_one_bg_color__hover=&#8221;rgba(0,0,0,0)&#8221; button_two_bg_color__hover_enabled=&#8221;off&#8221;]<\/p>\n<p><span>Siamo un gruppo d\u2019individui con una passione in comune per Torricella Peligna, un piccolo paese nell&#8217;Abruzzo che \u00e8 simbolo della nostra eredit\u00e0 culturale ed etnica. Noi torricellani siamo sparsi qua e l\u00e0 per il mondo, tuttavia ci sentiamo legati. Con questo sito web vorremmo fornire un mezzo che permetta ai torricellani di conoscersi e condividere non soltanto dati e informazioni, ma anche ricordi, immagini ed emozioni che riguardano Torricella.  <\/span><\/p>\n<p>[\/et_pb_fullwidth_header][\/et_pb_section][et_pb_section fb_built=&#8221;1&#8243; _builder_version=&#8221;4.21.0&#8243; background_color=&#8221;#EDECE3&#8243; custom_padding=&#8221;110px||0px|||&#8221; global_colors_info=&#8221;{}&#8221;][et_pb_row column_structure=&#8221;1_2,1_2&#8243; _builder_version=&#8221;4.16&#8243; custom_padding=&#8221;||17px|||&#8221; global_colors_info=&#8221;{}&#8221;][et_pb_column type=&#8221;1_2&#8243; _builder_version=&#8221;4.16&#8243; custom_padding=&#8221;|||&#8221; global_colors_info=&#8221;{}&#8221; custom_padding__hover=&#8221;|||&#8221;][et_pb_text admin_label=&#8221;Top Destination Title&#8221; _builder_version=&#8221;4.21.2&#8243; text_font=&#8221;||||&#8221; text_text_color=&#8221;#1a1a1a&#8221; header_font=&#8221;|700||on|||||&#8221; header_text_align=&#8221;left&#8221; header_font_size=&#8221;60px&#8221; header_line_height=&#8221;1.3em&#8221; custom_margin=&#8221;|||&#8221; custom_padding=&#8221;|||&#8221; animation_style=&#8221;slide&#8221; animation_direction=&#8221;top&#8221; animation_intensity_slide=&#8221;10%&#8221; header_font_size_tablet=&#8221;60px&#8221; header_font_size_phone=&#8221;45px&#8221; header_font_size_last_edited=&#8221;on|phone&#8221; locked=&#8221;off&#8221; global_colors_info=&#8221;{}&#8221;]<\/p>\n<h1><span>Come abbiamo iniziato<\/span><\/h1>\n<p>[\/et_pb_text][et_pb_divider color=&#8221;#343A40&#8243; divider_position=&#8221;center&#8221; divider_weight=&#8221;3px&#8221; disabled_on=&#8221;off|off|off&#8221; _builder_version=&#8221;4.21.2&#8243; max_width=&#8221;150px&#8221; height=&#8221;false&#8221; animation_style=&#8221;slide&#8221; animation_direction=&#8221;top&#8221; animation_delay=&#8221;100ms&#8221; animation_intensity_slide=&#8221;10%&#8221; locked=&#8221;off&#8221; global_colors_info=&#8221;{}&#8221;][\/et_pb_divider][et_pb_text admin_label=&#8221;Top Destination Sub Title&#8221; _builder_version=&#8221;4.23&#8243; text_font=&#8221;||||||||&#8221; text_text_color=&#8221;#1a1a1a&#8221; text_font_size=&#8221;24px&#8221; text_line_height=&#8221;1.8em&#8221; custom_padding=&#8221;30px||1px|||&#8221; animation_style=&#8221;slide&#8221; animation_direction=&#8221;top&#8221; animation_delay=&#8221;200ms&#8221; animation_intensity_slide=&#8221;10%&#8221; hover_enabled=&#8221;0&#8243; locked=&#8221;off&#8221; global_colors_info=&#8221;{}&#8221; sticky_enabled=&#8221;0&#8243;]<\/p>\n<p><span>Questo progetto deve un merito particolare a Pierangela Badia e al World Club Abruzzo. Attraverso il loro sito web, <a href=\"http:\/\/abruzzo2000.com\/\" target=\"_blank\" data-saferedirecturl=\"https:\/\/www.google.com\/url?q=http:\/\/Abruzzo2000.com&amp;source=gmail&amp;ust=1698389857754000&amp;usg=AOvVaw3jPU4cpp5thjniUM1plXz3\" rel=\"noopener\">Abruzzo2000.com<\/a>, <a href=\"http:\/\/www.torricellapeligna.com\/Al-Tribute.htm\" target=\"_blank\" rel=\"noopener\">Al (Albert) Porreca<\/a> del New Jersey, Dan (Donato) Aspromonte della California e Barry Miller (Di Valerio \/ Di Pietrantonio) della Georgia hanno incontrato<\/span><span>.  <\/span><\/p>\n<p>[\/et_pb_text][\/et_pb_column][et_pb_column type=&#8221;1_2&#8243; _builder_version=&#8221;4.16&#8243; custom_padding=&#8221;|||&#8221; global_colors_info=&#8221;{}&#8221; custom_padding__hover=&#8221;|||&#8221;][et_pb_text admin_label=&#8221;Top Destination Text&#8221; _builder_version=&#8221;4.21.2&#8243; text_font=&#8221;||||||||&#8221; text_font_size=&#8221;16px&#8221; text_line_height=&#8221;1.9em&#8221; custom_padding=&#8221;||60px|&#8221; animation_style=&#8221;slide&#8221; animation_direction=&#8221;top&#8221; animation_intensity_slide=&#8221;4%&#8221; locked=&#8221;off&#8221; global_colors_info=&#8221;{}&#8221;]<\/p>\n<p><span>Nel maggio del 2003 hanno unito le loro forze e creato il sito: www.torricellapeligna.com. Sotto la guida di Barry, il sito di Torricella si \u00e8 successivamente ramificato dando vita ad un sito web dedicato a Fallascoso, www.Fallascoso.com, un paesino un tempo indipendente ma che ora \u00e8 parte di Torricella<\/span><\/p>\n<p><span>Ben presto si unirono al progetto altre persone, tra cui Angela Di Berardino (California), il compianto Peppinuccio Cionna\/Joe Cionni (Torricella e Ohio), Antonio Piccoli (Torricella e Roma), Janet Di Pastena (Utah), Mirella Palizzi (Torricella e Texas), la compianta <\/span><span>Marion Apley Porreca (Regno Unito), <\/span><span>Rob Piccone (Washington D.C. e New York), Francine Piccoli Ransdell (California), Massimo Ficca (Torricella e Australia), Marziale Di Marino (Torricella), Joe Persichetti (Colorado), Eric Umile (Pennsylvania), Pierluigi Marsigli (Pisa, Torricella e Brasile), Joseph Bevins (Minnesota), Ada Ficca (Torricella Peligna), Carlo Liberati (Roma)<\/span><\/p>\n<p>Nel 2023 un nuovo sito web \u00e8 stato commissionato da Dan Aspromonte a due web designer irlandesi Conor &amp; Carys Ludlow, che vivono a Torricella dall&#8217;inizio del 2022. Gestiscono la societ\u00e0 di marketing chiamata  <a href=\"https:\/\/www.fasxfis.com\/\" target=\"_blank\" rel=\"noopener\"><span>F\u00e1s X F\u00eds, pronunciato <\/span><em>&#8220;\/Fos By Feece\/\u201d,<\/em><span> Significa crescita per visione in irlandese. Potete consultare il loro sito web qui. <\/span><\/a><span><\/span><\/p>\n<p><span>Il nostro sito web continua a crescere velocemente. Vi preghiamo di contribuire allo sviluppo di questo sito inviandoci aneddoti, biografie, alberi genealogici, foto, ricette culinarie, ecc. che facciano riferimento a Torricella. Insieme stiamo generando un sito che possa essere l\u2019orgoglio sia dei Torricellani residenti che di quelli sparsi per il mondo.  <\/span><\/p>\n<p>[\/et_pb_text][\/et_pb_column][\/et_pb_row][et_pb_row column_structure=&#8221;1_4,1_4,1_4,1_4&#8243; use_custom_gutter=&#8221;on&#8221; gutter_width=&#8221;1&#8243; make_equal=&#8221;on&#8221; admin_label=&#8221;Galleria&#8221; module_class=&#8221; et_pb_row_fullwidth&#8221; _builder_version=&#8221;4.16&#8243; width=&#8221;100%&#8221; width_tablet=&#8221;100%&#8221; width_phone=&#8221;100%&#8221; width_last_edited=&#8221;on|desktop&#8221; max_width=&#8221;100%&#8221; max_width_tablet=&#8221;100%&#8221; max_width_phone=&#8221;100%&#8221; max_width_last_edited=&#8221;on|desktop&#8221; custom_padding=&#8221;||17px|||&#8221; make_fullwidth=&#8221;on&#8221; global_colors_info=&#8221;{}&#8221;][et_pb_column type=&#8221;1_4&#8243; _builder_version=&#8221;4.16&#8243; custom_padding=&#8221;|||&#8221; global_colors_info=&#8221;{}&#8221; custom_padding__hover=&#8221;|||&#8221;][et_pb_image src=&#8221;https:\/\/torricellapeligna.org\/wp-content\/uploads\/2023\/06\/356754283_1318226469093564_8041331098858409924_n.jpg&#8221; title_text=&#8221;356754283_1318226469093564_8041331098858409924_n&#8221; show_in_lightbox=&#8221;on&#8221; force_fullwidth=&#8221;on&#8221; align_tablet=&#8221;center&#8221; align_phone=&#8221;center&#8221; align_last_edited=&#8221;on|desktop&#8221; _builder_version=&#8221;4.21.0&#8243; animation_style=&#8221;zoom&#8221; animation_intensity_zoom=&#8221;10%&#8221; global_colors_info=&#8221;{}&#8221;][\/et_pb_image][\/et_pb_column][et_pb_column type=&#8221;1_4&#8243; _builder_version=&#8221;4.16&#8243; custom_padding=&#8221;|||&#8221; global_colors_info=&#8221;{}&#8221; custom_padding__hover=&#8221;|||&#8221;][et_pb_image src=&#8221;https:\/\/torricellapeligna.org\/wp-content\/uploads\/2023\/06\/356349116_573931888275077_9080566781988599066_n.jpg&#8221; title_text=&#8221;356349116_573931888275077_9080566781988599066_n&#8221; show_in_lightbox=&#8221;on&#8221; force_fullwidth=&#8221;on&#8221; align_tablet=&#8221;center&#8221; align_phone=&#8221;center&#8221; align_last_edited=&#8221;on|desktop&#8221; _builder_version=&#8221;4.21.0&#8243; animation_style=&#8221;zoom&#8221; animation_delay=&#8221;100ms&#8221; animation_intensity_zoom=&#8221;10%&#8221; locked=&#8221;off&#8221; global_colors_info=&#8221;{}&#8221;][\/et_pb_image][\/et_pb_column][et_pb_column type=&#8221;1_4&#8243; _builder_version=&#8221;4.16&#8243; custom_padding=&#8221;|||&#8221; global_colors_info=&#8221;{}&#8221; custom_padding__hover=&#8221;|||&#8221;][et_pb_image src=&#8221;https:\/\/torricellapeligna.org\/wp-content\/uploads\/2023\/06\/355862469_282048804214382_8717633130794017947_n.jpg&#8221; title_text=&#8221;355862469_282048804214382_8717633130794017947_n&#8221; show_in_lightbox=&#8221;on&#8221; force_fullwidth=&#8221;on&#8221; align_tablet=&#8221;center&#8221; align_phone=&#8221;center&#8221; align_last_edited=&#8221;on|desktop&#8221; _builder_version=&#8221;4.21.0&#8243; animation_style=&#8221;zoom&#8221; animation_delay=&#8221;200ms&#8221; animation_intensity_zoom=&#8221;10%&#8221; locked=&#8221;off&#8221; global_colors_info=&#8221;{}&#8221;][\/et_pb_image][\/et_pb_column][et_pb_column type=&#8221;1_4&#8243; _builder_version=&#8221;4.16&#8243; custom_padding=&#8221;|||&#8221; global_colors_info=&#8221;{}&#8221; custom_padding__hover=&#8221;|||&#8221;][et_pb_image src=&#8221;https:\/\/torricellapeligna.org\/wp-content\/uploads\/2023\/06\/356437664_808649597236029_2377604057253128399_n.jpg&#8221; title_text=&#8221;356437664_808649597236029_2377604057253128399_n&#8221; show_in_lightbox=&#8221;on&#8221; force_fullwidth=&#8221;on&#8221; align_tablet=&#8221;center&#8221; align_phone=&#8221;center&#8221; align_last_edited=&#8221;on|desktop&#8221; _builder_version=&#8221;4.21.0&#8243; animation_style=&#8221;zoom&#8221; animation_delay=&#8221;300ms&#8221; animation_intensity_zoom=&#8221;10%&#8221; locked=&#8221;off&#8221; global_colors_info=&#8221;{}&#8221;][\/et_pb_image][\/et_pb_column][\/et_pb_row][\/et_pb_section][et_pb_section fb_built=&#8221;1&#8243; _builder_version=&#8221;4.21.0&#8243; background_color=&#8221;#EDECE3&#8243; custom_padding=&#8221;59px||110px|||&#8221; global_colors_info=&#8221;{}&#8221;][et_pb_row column_structure=&#8221;1_2,1_2&#8243; _builder_version=&#8221;4.16&#8243; global_colors_info=&#8221;{}&#8221;][et_pb_column type=&#8221;1_2&#8243; _builder_version=&#8221;4.16&#8243; custom_padding=&#8221;|||&#8221; global_colors_info=&#8221;{}&#8221; custom_padding__hover=&#8221;|||&#8221;][et_pb_text admin_label=&#8221;Discover Beatuty Sub Title&#8221; _builder_version=&#8221;4.23&#8243; text_font=&#8221;||||||||&#8221; text_text_color=&#8221;#1a1a1a&#8221; text_font_size=&#8221;24px&#8221; text_line_height=&#8221;1.4em&#8221; animation_style=&#8221;slide&#8221; animation_direction=&#8221;top&#8221; animation_intensity_slide=&#8221;10%&#8221; hover_enabled=&#8221;0&#8243; global_colors_info=&#8221;{}&#8221; sticky_enabled=&#8221;0&#8243;]<\/p>\n<p><strong><span>Il paese premia due emigrati<\/span><\/strong><\/p>\n<p><strong><span><\/span><\/strong><\/p>\n<h5><strong><span><em>-Walter Teti.<\/em>  <\/span><\/strong><\/h5>\n<p>[\/et_pb_text][et_pb_divider color=&#8221;#A98467&#8243; divider_position=&#8221;center&#8221; divider_weight=&#8221;3px&#8221; disabled_on=&#8221;off|off|off&#8221; _builder_version=&#8221;4.21.2&#8243; max_width=&#8221;150px&#8221; height=&#8221;false&#8221; animation_style=&#8221;slide&#8221; animation_direction=&#8221;top&#8221; animation_delay=&#8221;100ms&#8221; animation_intensity_slide=&#8221;10%&#8221; global_colors_info=&#8221;{}&#8221;][\/et_pb_divider][et_pb_text admin_label=&#8221;Discover Beatuty Text&#8221; _builder_version=&#8221;4.23&#8243; text_font=&#8221;Roboto||||&#8221; text_font_size=&#8221;16px&#8221; text_line_height=&#8221;1.9em&#8221; custom_padding=&#8221;30px|||&#8221; animation_style=&#8221;slide&#8221; animation_direction=&#8221;top&#8221; animation_delay=&#8221;200ms&#8221; animation_intensity_slide=&#8221;10%&#8221; hover_enabled=&#8221;0&#8243; global_colors_info=&#8221;{}&#8221; sticky_enabled=&#8221;0&#8243;]<\/p>\n<p style=\"font-weight: 400;\"><strong>Torricella Peligna:<\/strong><span> <\/span>L\u2019epilogo della prima edizione de \u201cLa Settimana dei Torricellani nel Mondo\u201d \u00e8 stata la premiazione del Sindaco<span> <\/span><strong><em>Tiziano Teti<\/em><\/strong> a due emigrati che si sono distinti per aver promosso la cultura del paese unita alla conoscenza delle grandi potenzialit\u00e0 del medio Sangro Aventino.<\/p>\n<p style=\"font-weight: 400;\">I premiati sono<span> <\/span><strong>Albert Porreca<\/strong><span> <\/span>e<span> <\/span><strong>Dan Aspromonte<span> <\/span><\/strong>he vivono rispettivamente nel New Jersey e in California. Il loro merito \u00e8 stato quello di aver creato, qualche anno fa, il sito web <span> <\/span><b><a href=\"http:\/\/www.torricellapeligna.com\/\" target=\"_blank\" rel=\"noopener\">www.torricellapeligna.com<\/a><\/b><span> <\/span>che ha dato la possibilit\u00e0 agli emigrati di incontrarsi e di costituire una sorta di comunit\u00e0 virtuale che si \u00e8 unita sempre di pi\u00f9: prima con la creazione di un gruppo-forum su \u201cYahoo\u201d creato da<span> <\/span><strong>Edoardo Gentile<\/strong><span> <\/span>poi con la istituzione della \u201cSettimana del torricellano\u201d, che ha riportato in paese centinaia di emigranti. Infatti nel piccolo centro montano, in questi giorni si sentono parlare tante lingue diverse dai migranti rientrati dalle Americhe e dal Nord Europa.  <\/p>\n<p style=\"font-weight: 400;\">Ai premiati il primo cittadino ha consegnato una pergamena realizzata da<span> <\/span><strong>Paola Di Biase<\/strong>,e una torre in argento lavorata da<span> <\/span><strong>Pasquale Imbastaro.<\/strong><span> <\/span>Il sindaco, il vice<span> <\/span><strong>Piero Ottobrini,<\/strong><span> <\/span>e l&#8217;assessore alla cultura<span> <\/span><strong>Carmine Ficca<\/strong>,hanno prospettato la volont\u00e0 di istituzionalizzare il premio. Alla iniziativa lavorano<span> <\/span><strong>Marion Porreca, Angela Di Berardino,<span> <\/span><\/strong>e<span> <\/span><strong>Antonio Piccoli,<\/strong><span> <\/span>che da anni mantengono i contatti fra i torricellani all\u2019estero e aggiornano il sito con le notizie.<\/p>\n<p style=\"font-weight: 400;\"><span>Nella foto, da sinistra a destra: il Vice sindaco<\/span><b>Piero Ottobrini<\/b><span>, il sindaco<\/span><b>Tiziano Teti<\/b><span>,<\/span><b>l\u2019assessore alla cultura Carmine Ficca<\/b><span>, <\/span><b>Albert Porreca<\/b><span>, uno dei due premiati, e<\/span><b>Antonio Piccoli<\/b><span>. <\/span><b>Dan Aspromonte<\/b><span>l\u2019altro premiato, era trattenuto in California e quindi non poteva assistere alla cerimonia. Durante la premiazione il Sindaco ha telefonato a Dan per ringraziarlo personalmente. A causa del fuso orario, non si \u00e8 riuscito a comunicare con lui, ma gli ha lasciato un messaggio di ringraziamento. <a href=\"http:\/\/www.torricellapeligna.com\/Dans_Award_Letter.htm\" target=\"_blank\" rel=\"noopener\">In seguito Dan ha risposto con una lettera indirizzata ai cittadini di Torricella. <\/a><\/span><\/p>\n<p style=\"font-weight: 400;\"><span>-Traduzione per gentile concessione della Dott.ssa Marion Apley Porreca<\/span><\/p>\n<p>[\/et_pb_text][\/et_pb_column][et_pb_column type=&#8221;1_2&#8243; _builder_version=&#8221;4.16&#8243; custom_padding=&#8221;|||&#8221; global_colors_info=&#8221;{}&#8221; custom_padding__hover=&#8221;|||&#8221;][et_pb_text admin_label=&#8221;Discover Beatuty Title&#8221; _builder_version=&#8221;4.21.2&#8243; text_font=&#8221;||||&#8221; text_text_color=&#8221;#1a1a1a&#8221; header_font=&#8221;|700||on|||||&#8221; header_text_align=&#8221;right&#8221; header_font_size=&#8221;47px&#8221; header_line_height=&#8221;1.4em&#8221; animation_style=&#8221;slide&#8221; animation_direction=&#8221;top&#8221; animation_intensity_slide=&#8221;10%&#8221; header_font_size_tablet=&#8221;47px&#8221; header_font_size_phone=&#8221;22px&#8221; header_font_size_last_edited=&#8221;on|phone&#8221; global_colors_info=&#8221;{}&#8221;]<\/p>\n<h1>Premio per il sito web TorricellaPeligna.com<\/h1>\n<p>[\/et_pb_text][et_pb_image src=&#8221;https:\/\/torricellapeligna.org\/wp-content\/uploads\/2023\/05\/TNM-IlCentroArticle-Best.jpg&#8221; title_text=&#8221;TNM-IlCentroArticle-Best&#8221; show_in_lightbox=&#8221;on&#8221; force_fullwidth=&#8221;on&#8221; align_tablet=&#8221;center&#8221; align_phone=&#8221;center&#8221; align_last_edited=&#8221;on|desktop&#8221; _builder_version=&#8221;4.21.2&#8243; custom_margin=&#8221;90px|||&#8221; animation_style=&#8221;fold&#8221; animation_direction=&#8221;right&#8221; animation_intensity_fold=&#8221;20%&#8221; animation=&#8221;fade_in&#8221; global_colors_info=&#8221;{}&#8221;][\/et_pb_image][\/et_pb_column][\/et_pb_row][\/et_pb_section]<\/p>\n","protected":false},"excerpt":{"rendered":"<p>Siamo un gruppo d\u2019individui con una passione in comune per Torricella Peligna, un piccolo paese nell&#8217;Abruzzo che \u00e8 simbolo della nostra eredit\u00e0 culturale ed etnica. Noi torricellani siamo sparsi qua e l\u00e0 per il mondo, tuttavia ci sentiamo legati. Con questo sito web vorremmo fornire un mezzo che permetta ai torricellani di conoscersi e condividere [&hellip;]<\/p>\n","protected":false},"author":1,"featured_media":0,"parent":0,"menu_order":0,"comment_status":"closed","ping_status":"closed","template":"","meta":{"_et_pb_use_builder":"on","_et_pb_old_content":"","_et_gb_content_width":"","_uf_show_specific_survey":0,"_uf_disable_surveys":false,"iawp_total_views":111,"footnotes":""},"class_list":["post-206798","page","type-page","status-publish","hentry"],"_links":{"self":[{"href":"https:\/\/torricellapeligna.org\/it\/wp-json\/wp\/v2\/pages\/206798","targetHints":{"allow":["GET"]}}],"collection":[{"href":"https:\/\/torricellapeligna.org\/it\/wp-json\/wp\/v2\/pages"}],"about":[{"href":"https:\/\/torricellapeligna.org\/it\/wp-json\/wp\/v2\/types\/page"}],"author":[{"embeddable":true,"href":"https:\/\/torricellapeligna.org\/it\/wp-json\/wp\/v2\/users\/1"}],"replies":[{"embeddable":true,"href":"https:\/\/torricellapeligna.org\/it\/wp-json\/wp\/v2\/comments?post=206798"}],"version-history":[{"count":21,"href":"https:\/\/torricellapeligna.org\/it\/wp-json\/wp\/v2\/pages\/206798\/revisions"}],"predecessor-version":[{"id":207408,"href":"https:\/\/torricellapeligna.org\/it\/wp-json\/wp\/v2\/pages\/206798\/revisions\/207408"}],"wp:attachment":[{"href":"https:\/\/torricellapeligna.org\/it\/wp-json\/wp\/v2\/media?parent=206798"}],"curies":[{"name":"wp","href":"https:\/\/api.w.org\/{rel}","templated":true}]}}