{"id":207688,"date":"2023-11-07T16:53:10","date_gmt":"2023-11-07T16:53:10","guid":{"rendered":"https:\/\/torricellapeligna.org\/scienza-tecnologia-e-accademia\/"},"modified":"2023-11-13T10:30:35","modified_gmt":"2023-11-13T10:30:35","slug":"scienza-tecnologia-e-accademia","status":"publish","type":"page","link":"https:\/\/torricellapeligna.org\/it\/scienza-tecnologia-e-accademia\/","title":{"rendered":"Scienza, tecnologia e accademia"},"content":{"rendered":"<p>[et_pb_section fb_built=&#8221;1&#8243; fullwidth=&#8221;on&#8221; admin_label=&#8221;Hero Section&#8221; _builder_version=&#8221;4.16&#8243; background_color=&#8221;#233b4e&#8221; parallax=&#8221;on&#8221; custom_padding=&#8221;0px|0px|0px|0px&#8221; global_colors_info=&#8221;{}&#8221;][et_pb_fullwidth_header title=&#8221;Scienza, tecnologia e accademia&#8221; header_fullscreen=&#8221;on&#8221; background_overlay_color=&#8221;rgba(29,38,51,0.86)&#8221; content_max_width=&#8221;1400px&#8221; admin_label=&#8221;Hero&#8221; _builder_version=&#8221;4.23.1&#8243; title_font=&#8221;|700||on|||||&#8221; title_font_size=&#8221;80px&#8221; title_line_height=&#8221;1.3em&#8221; content_font=&#8221;||||||||&#8221; content_font_size=&#8221;20px&#8221; content_line_height=&#8221;1.8em&#8221; background_color=&#8221;rgba(255, 255, 255, 0)&#8221; background_enable_image=&#8221;off&#8221; custom_button_one=&#8221;on&#8221; button_one_border_radius=&#8221;0px&#8221; button_one_letter_spacing=&#8221;4px&#8221; button_one_font=&#8221;Oswald|on||on|&#8221; button_one_icon=&#8221;&#x24;||divi||400&#8243; button_one_icon_color=&#8221;#ffffff&#8221; custom_padding=&#8221;0px||0px||true|false&#8221; animation_style=&#8221;zoom&#8221; animation_direction=&#8221;bottom&#8221; animation_intensity_zoom=&#8221;4%&#8221; hover_enabled=&#8221;0&#8243; title_font_size_tablet=&#8221;80px&#8221; title_font_size_phone=&#8221;40px&#8221; title_font_size_last_edited=&#8221;on|phone&#8221; button_one_text_color_hover=&#8221;#ffffff&#8221; button_one_border_color_hover=&#8221;#ffffff&#8221; button_one_border_radius_hover=&#8221;0px&#8221; button_one_letter_spacing_hover=&#8221;4px&#8221; button_one_bg_color_hover=&#8221;rgba(0,0,0,0)&#8221; global_colors_info=&#8221;{}&#8221; button_one_text_size__hover_enabled=&#8221;off&#8221; button_two_text_size__hover_enabled=&#8221;off&#8221; button_one_text_color__hover_enabled=&#8221;on&#8221; button_one_text_color__hover=&#8221;#ffffff&#8221; button_two_text_color__hover_enabled=&#8221;off&#8221; button_one_border_width__hover_enabled=&#8221;off&#8221; button_two_border_width__hover_enabled=&#8221;off&#8221; button_one_border_color__hover_enabled=&#8221;on&#8221; button_one_border_color__hover=&#8221;#ffffff&#8221; button_two_border_color__hover_enabled=&#8221;off&#8221; button_one_border_radius__hover_enabled=&#8221;on&#8221; button_one_border_radius__hover=&#8221;0px&#8221; button_two_border_radius__hover_enabled=&#8221;off&#8221; button_one_letter_spacing__hover_enabled=&#8221;on&#8221; button_one_letter_spacing__hover=&#8221;4px&#8221; button_two_letter_spacing__hover_enabled=&#8221;off&#8221; button_one_bg_color__hover_enabled=&#8221;on&#8221; button_one_bg_color__hover=&#8221;rgba(0,0,0,0)&#8221; button_two_bg_color__hover_enabled=&#8221;off&#8221; sticky_enabled=&#8221;0&#8243;]<\/p>\n<p><span>In questa pagina troverete persone che hanno dato un contributo degno di nota ai campi della scienza, della tecnologia e\/o della ricerca accademica.<\/span><\/p>\n<p>[\/et_pb_fullwidth_header][\/et_pb_section][et_pb_section fb_built=&#8221;1&#8243; _builder_version=&#8221;4.23&#8243; _module_preset=&#8221;default&#8221; background_color=&#8221;#EDECE3&#8243; custom_padding=&#8221;32px||35px|||&#8221; global_colors_info=&#8221;{}&#8221;][et_pb_row column_structure=&#8221;1_3,2_3&#8243; _builder_version=&#8221;4.21.0&#8243; _module_preset=&#8221;default&#8221; custom_padding=&#8221;||38px|||&#8221; global_colors_info=&#8221;{}&#8221;][et_pb_column type=&#8221;1_3&#8243; _builder_version=&#8221;4.21.0&#8243; _module_preset=&#8221;default&#8221; global_colors_info=&#8221;{}&#8221;][et_pb_image src=&#8221;https:\/\/torricellapeligna.org\/wp-content\/uploads\/2023\/11\/Beviglia-Lucia.jpeg&#8221; title_text=&#8221;Beviglia Lucia&#8221; _builder_version=&#8221;4.23.1&#8243; _module_preset=&#8221;default&#8221; min_height=&#8221;474.6px&#8221; max_height=&#8221;400px&#8221; global_colors_info=&#8221;{}&#8221;][\/et_pb_image][\/et_pb_column][et_pb_column type=&#8221;2_3&#8243; _builder_version=&#8221;4.21.0&#8243; _module_preset=&#8221;default&#8221; global_colors_info=&#8221;{}&#8221;][et_pb_text _builder_version=&#8221;4.23.1&#8243; _module_preset=&#8221;default&#8221; text_text_color=&#8221;#EDECE3&#8243; header_text_color=&#8221;#EDECE3&#8243; header_font_size=&#8221;40px&#8221; global_colors_info=&#8221;{}&#8221;]<\/p>\n<h1><span style=\"color: #100f0d;\">Lucia Beviglia<\/span><\/h1>\n<p><span style=\"color: #100f0d;\"><\/span><\/p>\n<p><span style=\"color: #000000;\">Lucia Beviglia, laureata in Science Biologiche all\u2019Universit\u00e0 di Perugia, inizi\u00f2 la carriera scientifica in Italia all\u2019Istituto Mario Negri a Santa Maria Imbaro studiando modelli sperimentali di ricerca ematologica ed oncologica. Dopo avere ricevuto una borsa di studio \u201cfellowship\u201d dalla Regione Abruzzo e dal Consorzio Mario Negri Sud, nel 1991 si trasfer\u00ec negli Stati Uniti alla Universit\u00e0 di Temple a Philadelphia, dove ebbe l\u2019opportunit\u00e0 di approfondire lo studio delle metastasi tumorali, fino a conseguire il diploma di specializzazione in Scienze Biomediche a Farmacologiche. In seguito continu\u00f2 a lavorare con passione nelle prestigiose Universit\u00e0 di California a San Francisco e Universit\u00e0 di North Carolina a Chapel Hill, fino ad arrivare nel 2000 alla Silicon Valley in California assumendo posizioni leader presso le case farmaceutiche Celera, Corgentech e OncoMed e l\u2019Istituto SRI. Dal 1918 lavora in proprio alla Beviglia Cancer Models su importanti progetti preclinici di immunoterapia oncologica collaborando con altri ricercatori in tutti gli Stati Uniti. Durante la sua carriera ha ricevuto diversi riconoscimenti e pubblicato pi\u00f9 di 30 articoli. Ha compreso che la pazienza, perseveranza e tenacia necessarie nel lavoro di ricerca sono tutte qualit\u00e0 che le sono state conferite dall\u2019ambiente in cui ha vissuto, dalla famiglia, dagli insegnanti di Torricella e da esempi di vita torricellana. Nel 2015 ha vinto il Premio di Torricellana nel Mondo (vedi Chi\u2019ssi dicie? 33). Suo padre, dott. Antonio Beviglia, originario di Borrello, era residente e veterinario di Torricella per anni. Lucia torna spesso a Torricella con il suo marito peruviano-americano, Pedro Barrantes, ingegnere industriale e dei sistemi che lavora come Manager per l\u2019azienda mondiale del networking Cisco Systems.        <\/span><\/p>\n<p><span style=\"color: #000000;\"> <\/span><\/p>\n<p>[\/et_pb_text][\/et_pb_column][\/et_pb_row][\/et_pb_section][et_pb_section fb_built=&#8221;1&#8243; _builder_version=&#8221;4.21.0&#8243; _module_preset=&#8221;default&#8221; background_color=&#8221;#343A40&#8243; custom_padding=&#8221;32px||35px|||&#8221; global_colors_info=&#8221;{}&#8221;][et_pb_row column_structure=&#8221;3_5,2_5&#8243; _builder_version=&#8221;4.21.0&#8243; _module_preset=&#8221;default&#8221; custom_padding=&#8221;||38px|||&#8221; global_colors_info=&#8221;{}&#8221;][et_pb_column type=&#8221;3_5&#8243; _builder_version=&#8221;4.21.0&#8243; _module_preset=&#8221;default&#8221; global_colors_info=&#8221;{}&#8221;][et_pb_text _builder_version=&#8221;4.23&#8243; _module_preset=&#8221;default&#8221; text_text_color=&#8221;#EDECE3&#8243; header_text_color=&#8221;#EDECE3&#8243; header_font_size=&#8221;40px&#8221; global_colors_info=&#8221;{}&#8221;]<\/p>\n<h1><strong>Valeria Caiolfa<\/strong><\/h1>\n<p><strong><\/strong><\/p>\n<p><strong><\/strong><\/p>\n<p>Valeria Caiolfa, nata a Torricella Peligna, \u00e8 una ricercatrice a livello mondiale in campo oncologico. Ha conseguito la laurea magistrale in Scienze e il PhD in Chimica fisica all\u2019Universit\u00e0 Ben Gurion in Israele. Dal 1992 al 2000 \u00e8 stata responsabile di laboratorio presso Pharmacia spa di Milano. Dal 2001 \u00e8 stata professoressa di bioinformatica al San Raffaele di Milano. Dal 2005 \u00e8 anche Visiting Scientist del laboratorio per la fluorescenza dinamica all\u2019Istituto nazionale per la salute di Los Angeles ad Irvine nella California. Attualmente lavora fra Madrid e Milano nei laboratori di ricerca pi\u00f9 importanti. \u00c8 autrice di molte pubblicazioni scientifiche insieme al suo compagno nel lavoro e nella vita, Moreno Zamai. Valeria e Moreno si sono sposati a Torricella nel 2008.       <\/p>\n<p>Nel 2011 \u00e8 stata la prima donna a ricevere il Premio di &#8220;Torricellana nel Mondo&#8221;.<\/p>\n<p>&nbsp;<\/p>\n<p>[\/et_pb_text][\/et_pb_column][et_pb_column type=&#8221;2_5&#8243; _builder_version=&#8221;4.21.0&#8243; _module_preset=&#8221;default&#8221; global_colors_info=&#8221;{}&#8221;][et_pb_image src=&#8221;https:\/\/torricellapeligna.org\/wp-content\/uploads\/2023\/11\/Caiolfa-Valeria2.jpeg&#8221; title_text=&#8221;Caiolfa Valeria2&#8243; _builder_version=&#8221;4.23&#8243; _module_preset=&#8221;default&#8221; max_height=&#8221;500px&#8221; global_colors_info=&#8221;{}&#8221;][\/et_pb_image][\/et_pb_column][\/et_pb_row][\/et_pb_section][et_pb_section fb_built=&#8221;1&#8243; _builder_version=&#8221;4.23&#8243; _module_preset=&#8221;default&#8221; background_color=&#8221;#EDECE3&#8243; custom_padding=&#8221;32px||35px|||&#8221; global_colors_info=&#8221;{}&#8221;][et_pb_row column_structure=&#8221;1_3,2_3&#8243; _builder_version=&#8221;4.21.0&#8243; _module_preset=&#8221;default&#8221; custom_padding=&#8221;||38px|||&#8221; global_colors_info=&#8221;{}&#8221;][et_pb_column type=&#8221;1_3&#8243; _builder_version=&#8221;4.21.0&#8243; _module_preset=&#8221;default&#8221; global_colors_info=&#8221;{}&#8221;][et_pb_image src=&#8221;https:\/\/torricellapeligna.org\/wp-content\/uploads\/2023\/11\/DAmico-Luciano.jpeg&#8221; title_text=&#8221;D&apos;Amico Luciano&#8221; _builder_version=&#8221;4.23&#8243; _module_preset=&#8221;default&#8221; global_colors_info=&#8221;{}&#8221;][\/et_pb_image][\/et_pb_column][et_pb_column type=&#8221;2_3&#8243; _builder_version=&#8221;4.21.0&#8243; _module_preset=&#8221;default&#8221; global_colors_info=&#8221;{}&#8221;][et_pb_text _builder_version=&#8221;4.23&#8243; _module_preset=&#8221;default&#8221; text_text_color=&#8221;#EDECE3&#8243; header_text_color=&#8221;#EDECE3&#8243; header_font_size=&#8221;40px&#8221; global_colors_info=&#8221;{}&#8221;]<\/p>\n<h1><span style=\"color: #100f0d;\">Luciano D&#8217;Amico<\/span><\/h1>\n<p><span style=\"color: #100f0d;\"><\/span><\/p>\n<p><span style=\"color: #000000;\">Luciano D\u2019Amico, nato a Torricella nel 1960, \u00e8 un economista rinomato con un <a href=\"https:\/\/www.unite.it\/UniTE\/Docente\/Doc\/ldamico\" target=\"_blank\" rel=\"noopener\" style=\"color: #000000;\">curriculum invidiabile.<\/a> \u00c8 rettore emerito dell\u2019Universit\u00e0 di Teramo, professore ordinario di economia aziendale ed ex preside della Facolt\u00e0 di Scienze della Comunicazione. Ha svolto ricerche prevalentemente istituzionali su temi di Economia aziendale, Finanza e Revisione aziendale. \u00c8 autore di numerose monografie e articoli pubblicati da prestigiosi editori. Il suo impegno e il valore del suo contributo professionale sono stati riconosciuti attribuendogli l\u2019onorificenza di Cavaliere Ordine al Merito della Repubblica Italiana.   <\/span><br \/><span style=\"color: #000000;\">Ha trascorso la sua giovent\u00f9 a Torricella e ci torna spesso. Nel 2011 ha partecipato come relatore al convegno sulle Energie rinnovabili svoltosi nella Mediateca di Torricella.  <a href=\"https:\/\/www.ilcentro.it\/chieti\/il-torricelliano-nel-mondo-al-rettore-d-amico-1.1225146\" target=\"_blank\" rel=\"noopener\" style=\"color: #000000;\">Nel 2013 gli \u00e8 stato conferito il Premio di \u201cTorricellano nel Mondo\u201d.<\/a><\/span><br \/><span style=\"color: #000000;\">Ultimamente si \u00e8 rivolto verso l\u2019attivit\u00e0 politica, <a href=\"https:\/\/www.ilcentro.it\/pescara\/d-amico-stringiamo-un-patto-per-far-rinascere-la-regione-1.3195139\" target=\"_blank\" rel=\"noopener\" style=\"color: #000000;\">candidandosi per il posto di presidente della Regione di Abruzzo<\/a> con una coalizione di sinistra, \u201cAbruzzo Insieme\u201d.<\/span><\/p>\n<p><span style=\"color: #000000;\"> <\/span><\/p>\n<p>[\/et_pb_text][\/et_pb_column][\/et_pb_row][\/et_pb_section][et_pb_section fb_built=&#8221;1&#8243; _builder_version=&#8221;4.21.0&#8243; _module_preset=&#8221;default&#8221; background_color=&#8221;#343A40&#8243; custom_padding=&#8221;32px||35px|||&#8221; global_colors_info=&#8221;{}&#8221;][et_pb_row column_structure=&#8221;2_3,1_3&#8243; _builder_version=&#8221;4.21.0&#8243; _module_preset=&#8221;default&#8221; custom_padding=&#8221;||38px|||&#8221; global_colors_info=&#8221;{}&#8221;][et_pb_column type=&#8221;2_3&#8243; _builder_version=&#8221;4.21.0&#8243; _module_preset=&#8221;default&#8221; global_colors_info=&#8221;{}&#8221;][et_pb_text _builder_version=&#8221;4.21.0&#8243; _module_preset=&#8221;default&#8221; text_text_color=&#8221;#EDECE3&#8243; header_text_color=&#8221;#EDECE3&#8243; header_font_size=&#8221;40px&#8221; global_colors_info=&#8221;{}&#8221;]<\/p>\n<h1><b>Luigi &#8216;Gigi&#8217; Mancini<\/b><\/h1>\n<p>(1894-1979)<\/p>\n<p><b><\/b><\/p>\n<p>Mancini inizi\u00f2 la sua carriera nell&#8217;aviazione nel 1914, quando frequent\u00f2 la Prima Scuola Civile di Volo a Roma, e partecip\u00f2 nel 1915 al Gruppo Aviatori Volontari, con l&#8217;Onorevole Mont\u00f9, a Mirafiori. Come pilota di guerra, pilot\u00f2 un aereo Caproni in uno dei primi attacchi agli aerei nemici, usando un fucile che aveva portato a bordo, per cercare di colpire gli aerei avversari. Come pilota di caccia ha poi affrontato numerose battaglie aeree per le quali il suo nome \u00e8 stato proposto per le medaglie d&#8217;argento e di bronzo al valor militare.<\/p>\n<p>Dopo la guerra, la sua passione per il volo lo spinse verso le competizioni aeree, i record e il trasporto aereo commerciale. Per diversi anni \u00e8 stato redattore a Roma della &#8220;Gazzetta dell&#8217;Aviazione&#8221;; ha fondato e diretto le riviste &#8220;Aeronautica&#8221;, &#8220;Orario Aereo&#8221;, &#8220;Ali d&#8217;Italia&#8221;, oltre a numeri speciali dedicati a particolari manifestazioni ed esibizioni aeree, ecc. His last publication, that has been out for a number of years now, and still being published at the time of his death, was \u201cLa ruota diorama\u201d (The Diorama Wheel).<\/p>\n<p>C&#8217;\u00e8 una pubblicazione di Mancini che merita una menzione particolare per vari motivi: innanzitutto perch\u00e9 si tratta di un&#8217;opera davvero originale per l&#8217;epoca in cui \u00e8 stata scritta, il 1936; si tratta infatti della &#8220;Grande Enciclopedia Aeronautica&#8221;, un corposo volume di 660 pagine di testo, con innumerevoli illustrazioni. Pu\u00f2 sembrare strano che l&#8217;Enciclopedia Mancini non abbia avuto ulteriori edizioni o aggiornamenti periodici. Questa mancanza di continuit\u00e0, secondo noi, non risiede nell&#8217;opera in s\u00e9, ma pu\u00f2 essere attribuita piuttosto a qualcosa di curiosamente carente nel temperamento di Mancini; spirito profondamente indipendente e consapevole delle proprie capacit\u00e0 e realizzazioni, non aveva una delle leve pi\u00f9 sicure del successo, quella di poter chiedere l&#8217;appoggio dei potenti per le proprie idee. Faceva le cose da solo e si preoccupava di farle da solo, quasi come se si lanciasse continuamente una sfida.<\/p>\n<p>\u00c8 anche per questo, al di l\u00e0 di tutte le vicende della sua vita di aviatore, che forse Luigi Mancini non sar\u00e0 ricordato con applausi spettacolari, ma certamente rester\u00e0 al centro del cuore di chi lo ha conosciuto. Infine, a noi che siamo stati suoi colleghi e allievi, oltre a Mancini pioniere del volo, dell&#8217;aeronautica e dei collegamenti aerei commerciali, dispiace molto non poter descrivere in modo esauriente gli aurei attributi umani della sua personalit\u00e0, la sua modestia, la sua generosit\u00e0 e l&#8217;affettuoso altruismo che hanno reso la sua sincera amicizia un tesoro inestimabile.  <\/p>\n<p>&nbsp;<\/p>\n<p>[\/et_pb_text][\/et_pb_column][et_pb_column type=&#8221;1_3&#8243; _builder_version=&#8221;4.21.0&#8243; _module_preset=&#8221;default&#8221; global_colors_info=&#8221;{}&#8221;][et_pb_image src=&#8221;https:\/\/torricellapeligna.org\/wp-content\/uploads\/2023\/06\/NotableLMancini.jpg&#8221; title_text=&#8221;NotevoleLMancini&#8221; _builder_version=&#8221;4.21.0&#8243; _module_preset=&#8221;default&#8221; global_colors_info=&#8221;{}&#8221;][\/et_pb_image][\/et_pb_column][\/et_pb_row][\/et_pb_section][et_pb_section fb_built=&#8221;1&#8243; _builder_version=&#8221;4.23&#8243; _module_preset=&#8221;default&#8221; background_color=&#8221;#EDECE3&#8243; custom_padding=&#8221;32px||35px|||&#8221; global_colors_info=&#8221;{}&#8221;][et_pb_row column_structure=&#8221;1_3,2_3&#8243; _builder_version=&#8221;4.21.0&#8243; _module_preset=&#8221;default&#8221; custom_padding=&#8221;||38px|||&#8221; global_colors_info=&#8221;{}&#8221;][et_pb_column type=&#8221;1_3&#8243; _builder_version=&#8221;4.21.0&#8243; _module_preset=&#8221;default&#8221; global_colors_info=&#8221;{}&#8221;][et_pb_image src=&#8221;https:\/\/torricellapeligna.org\/wp-content\/uploads\/2023\/11\/Di-Pietrantonio.-Lorisjpeg.jpeg&#8221; title_text=&#8221;Di Pietrantonio. Lorisjpeg&#8221; _builder_version=&#8221;4.23&#8243; _module_preset=&#8221;default&#8221; max_height=&#8221;500px&#8221; global_colors_info=&#8221;{}&#8221;][\/et_pb_image][\/et_pb_column][et_pb_column type=&#8221;2_3&#8243; _builder_version=&#8221;4.21.0&#8243; _module_preset=&#8221;default&#8221; global_colors_info=&#8221;{}&#8221;][et_pb_text _builder_version=&#8221;4.23&#8243; _module_preset=&#8221;default&#8221; text_text_color=&#8221;#EDECE3&#8243; header_text_color=&#8221;#EDECE3&#8243; header_font_size=&#8221;40px&#8221; global_colors_info=&#8221;{}&#8221;]<\/p>\n<h1><span style=\"color: #000000;\">Loris Di Pietrantonio<\/span><\/h1>\n<p><span style=\"color: #100f0d;\"><\/span><\/p>\n<p><span style=\"color: #000000;\">Loris Di Pietrantonio \u00e8 cresciuto a Torricella dove ha frequentato le scuole elementari e medie e il Liceo Classico di Lanciano, sezione distaccata di Casoli, diplomandosi nel 1992. Ha proseguito gli studi presso l&#8217;Universit\u00e0 di Scienze Internazionali e Diplomatiche di Gorizia e successivamente presso il Collegio d\u2019Europa di Bruges. La sua brillante carriera lo ha portato a lavorare in tutto il mondo ed ora presso la prestigiosa Commissione Europea, dove ricopre la posizione di Vicedirettore del Fondo Sociale Europeo.  <\/span><\/p>\n<p><span style=\"color: #000000;\">Rimane costantemente interessato alle varie iniziative riguardanti Torricella, organizzando anche eventi come conferenze e convegni in paese. In occasione della festa del suo matrimonio, ha devoluto parte dei regali di nozze per il finanziamento di una borsa di studio per studenti dell&#8217;Universit\u00e0 dell&#8217;Aquila inerente lo studio di fattibilit\u00e0 di una centrale eolica nella zona di Torricella. Non manca di spendere il nome di Torricella e di essere presente durante le feste e le vacanze estive.   <\/span><\/p>\n<p><span style=\"color: #000000;\">Nel 2017 gli \u00e8 stato conferito il Premio di \u201cTorricellano nel Mondo\u201d.<\/span><\/p>\n<p>[\/et_pb_text][\/et_pb_column][\/et_pb_row][\/et_pb_section][et_pb_section fb_built=&#8221;1&#8243; _builder_version=&#8221;4.21.0&#8243; _module_preset=&#8221;default&#8221; background_color=&#8221;#343A40&#8243; custom_padding=&#8221;32px||35px|||&#8221; global_colors_info=&#8221;{}&#8221;][et_pb_row column_structure=&#8221;2_3,1_3&#8243; _builder_version=&#8221;4.21.0&#8243; _module_preset=&#8221;default&#8221; custom_padding=&#8221;||38px|||&#8221; global_colors_info=&#8221;{}&#8221;][et_pb_column type=&#8221;2_3&#8243; _builder_version=&#8221;4.21.0&#8243; _module_preset=&#8221;default&#8221; global_colors_info=&#8221;{}&#8221;][et_pb_text _builder_version=&#8221;4.23&#8243; _module_preset=&#8221;default&#8221; text_text_color=&#8221;#EDECE3&#8243; header_text_color=&#8221;#EDECE3&#8243; header_font_size=&#8221;40px&#8221; global_colors_info=&#8221;{}&#8221;]<\/p>\n<h1>Gianni Pugliese<\/h1>\n<p>&nbsp;<\/p>\n<p>Gianni Pugliese ha raggiunto traguardi prestigiosi nella sua vita professionale. Fin da piccolo nell\u2019impresa di suo padre a Roma ha assistito ad innovazioni e brevetti. Nel 1993 ha fondato T<a href=\"\" target=\"\" rel=\"noopener\">elecom &amp; Security con sede presso Manoppello Scalo,<\/a> provincia di Pescara.   Nasce dall\u2019esperienza della casa madre, <a href=\"https:\/\/www.fait.it\/\" target=\"_blank\" rel=\"noopener\">FAIT<\/a>, fondata dall\u2019Ingegner Giorgio Pugliese, padre di Giovanni. L\u2019invenzione pi\u00f9 importante \u00e8 il <a href=\"https:\/\/www.telecomsecurity.it\/cap-connettore-a-pressione\/\" target=\"_blank\" rel=\"noopener\">CaP, il Connettore a Pressione<\/a>, che consente una connessione rapida ed economica e con cui ha vinto numerosi premi in mostre e fiere mondiali. Il CaP \u00e8 prodotto in Italia ed esportato in tutti i 5 continenti.<\/p>\n<p>Gianni Pugliese \u00e8 nato a Roma ma Torricellano a tutti gli effetti. \u00c8 stato iscritto agli Amici di Torricella con il n\u00b0 1, ossia il primo che ha preso la tessera dell\u2019associazione. Ha partecipato al film amatoriale \u201cI promessi sposi\u201d ambientato a Torricella.  <\/p>\n<p>Nel 2008 gli \u00e8 stato conferito il <a href=\"http:\/\/www.torricellapeligna.com\/News-2008Estate2.htm\" target=\"_blank\" rel=\"noopener\">Premio di &#8220;Torricellano nel Mondo&#8221;.<\/a><\/p>\n<p>[\/et_pb_text][\/et_pb_column][et_pb_column type=&#8221;1_3&#8243; _builder_version=&#8221;4.21.0&#8243; _module_preset=&#8221;default&#8221; global_colors_info=&#8221;{}&#8221;][et_pb_image src=&#8221;https:\/\/torricellapeligna.org\/wp-content\/uploads\/2023\/11\/Pugliese-Gianni.jpeg&#8221; title_text=&#8221;Pugliese Gianni&#8221; _builder_version=&#8221;4.23.1&#8243; _module_preset=&#8221;default&#8221; max_height=&#8221;500px&#8221; global_colors_info=&#8221;{}&#8221;][\/et_pb_image][\/et_pb_column][\/et_pb_row][\/et_pb_section]<\/p>\n","protected":false},"excerpt":{"rendered":"<p>In questa pagina troverete persone che hanno dato un contributo degno di nota ai campi della scienza, della tecnologia e\/o della ricerca accademica.Lucia Beviglia Lucia Beviglia, laureata in Science Biologiche all\u2019Universit\u00e0 di Perugia, inizi\u00f2 la carriera scientifica in Italia all\u2019Istituto Mario Negri a Santa Maria Imbaro studiando modelli sperimentali di ricerca ematologica ed oncologica. Dopo [&hellip;]<\/p>\n","protected":false},"author":1,"featured_media":0,"parent":0,"menu_order":0,"comment_status":"closed","ping_status":"closed","template":"","meta":{"_et_pb_use_builder":"on","_et_pb_old_content":"","_et_gb_content_width":"","_uf_show_specific_survey":0,"_uf_disable_surveys":false,"iawp_total_views":148,"footnotes":""},"class_list":["post-207688","page","type-page","status-publish","hentry"],"_links":{"self":[{"href":"https:\/\/torricellapeligna.org\/it\/wp-json\/wp\/v2\/pages\/207688","targetHints":{"allow":["GET"]}}],"collection":[{"href":"https:\/\/torricellapeligna.org\/it\/wp-json\/wp\/v2\/pages"}],"about":[{"href":"https:\/\/torricellapeligna.org\/it\/wp-json\/wp\/v2\/types\/page"}],"author":[{"embeddable":true,"href":"https:\/\/torricellapeligna.org\/it\/wp-json\/wp\/v2\/users\/1"}],"replies":[{"embeddable":true,"href":"https:\/\/torricellapeligna.org\/it\/wp-json\/wp\/v2\/comments?post=207688"}],"version-history":[{"count":28,"href":"https:\/\/torricellapeligna.org\/it\/wp-json\/wp\/v2\/pages\/207688\/revisions"}],"predecessor-version":[{"id":207979,"href":"https:\/\/torricellapeligna.org\/it\/wp-json\/wp\/v2\/pages\/207688\/revisions\/207979"}],"wp:attachment":[{"href":"https:\/\/torricellapeligna.org\/it\/wp-json\/wp\/v2\/media?parent=207688"}],"curies":[{"name":"wp","href":"https:\/\/api.w.org\/{rel}","templated":true}]}}