{"id":207695,"date":"2023-11-08T10:07:14","date_gmt":"2023-11-08T10:07:14","guid":{"rendered":"https:\/\/torricellapeligna.org\/?page_id=207695"},"modified":"2025-01-08T15:07:54","modified_gmt":"2025-01-08T15:07:54","slug":"arte-e-fotografia","status":"publish","type":"page","link":"https:\/\/torricellapeligna.org\/it\/arte-e-fotografia\/","title":{"rendered":"Arte e fotografia"},"content":{"rendered":"<p>[et_pb_section fb_built=&#8221;1&#8243; fullwidth=&#8221;on&#8221; admin_label=&#8221;Hero Section&#8221; _builder_version=&#8221;4.16&#8243; background_color=&#8221;#233b4e&#8221; parallax=&#8221;on&#8221; custom_padding=&#8221;0px|0px|0px|0px&#8221; global_colors_info=&#8221;{}&#8221;][et_pb_fullwidth_header title=&#8221;Arte e fotografia  &#8221; header_fullscreen=&#8221;on&#8221; background_overlay_color=&#8221;rgba(29,38,51,0.86)&#8221; content_max_width=&#8221;1400px&#8221; admin_label=&#8221;Hero&#8221; _builder_version=&#8221;4.23.1&#8243; title_font=&#8221;|700||on|||||&#8221; title_font_size=&#8221;80px&#8221; title_line_height=&#8221;1.3em&#8221; content_font=&#8221;||||||||&#8221; content_font_size=&#8221;20px&#8221; content_line_height=&#8221;1.8em&#8221; background_color=&#8221;rgba(255, 255, 255, 0)&#8221; background_enable_image=&#8221;off&#8221; custom_button_one=&#8221;on&#8221; button_one_border_radius=&#8221;0px&#8221; button_one_letter_spacing=&#8221;4px&#8221; button_one_font=&#8221;Oswald|on||on|&#8221; button_one_icon=&#8221;&#x24;||divi||400&#8243; button_one_icon_color=&#8221;#ffffff&#8221; custom_padding=&#8221;0px||0px||true|false&#8221; animation_style=&#8221;zoom&#8221; animation_direction=&#8221;bottom&#8221; animation_intensity_zoom=&#8221;4%&#8221; title_font_size_tablet=&#8221;80px&#8221; title_font_size_phone=&#8221;30px&#8221; title_font_size_last_edited=&#8221;on|phone&#8221; button_one_text_color_hover=&#8221;#ffffff&#8221; button_one_border_color_hover=&#8221;#ffffff&#8221; button_one_border_radius_hover=&#8221;0px&#8221; button_one_letter_spacing_hover=&#8221;4px&#8221; button_one_bg_color_hover=&#8221;rgba(0,0,0,0)&#8221; global_colors_info=&#8221;{}&#8221; button_one_text_size__hover_enabled=&#8221;off&#8221; button_two_text_size__hover_enabled=&#8221;off&#8221; button_one_text_color__hover_enabled=&#8221;on&#8221; button_one_text_color__hover=&#8221;#ffffff&#8221; button_two_text_color__hover_enabled=&#8221;off&#8221; button_one_border_width__hover_enabled=&#8221;off&#8221; button_two_border_width__hover_enabled=&#8221;off&#8221; button_one_border_color__hover_enabled=&#8221;on&#8221; button_one_border_color__hover=&#8221;#ffffff&#8221; button_two_border_color__hover_enabled=&#8221;off&#8221; button_one_border_radius__hover_enabled=&#8221;on&#8221; button_one_border_radius__hover=&#8221;0px&#8221; button_two_border_radius__hover_enabled=&#8221;off&#8221; button_one_letter_spacing__hover_enabled=&#8221;on&#8221; button_one_letter_spacing__hover=&#8221;4px&#8221; button_two_letter_spacing__hover_enabled=&#8221;off&#8221; button_one_bg_color__hover_enabled=&#8221;on&#8221; button_one_bg_color__hover=&#8221;rgba(0,0,0,0)&#8221; button_two_bg_color__hover_enabled=&#8221;off&#8221;]<\/p>\n<p><span>In questa pagina troverete persone che hanno avuto una carriera degna di nota nelle arti visive. <\/span><\/p>\n<p>[\/et_pb_fullwidth_header][\/et_pb_section][et_pb_section fb_built=&#8221;1&#8243; _builder_version=&#8221;4.21.0&#8243; _module_preset=&#8221;default&#8221; background_color=&#8221;#EDECE3&#8243; custom_padding=&#8221;32px||35px|||&#8221; global_colors_info=&#8221;{}&#8221;][et_pb_row column_structure=&#8221;3_5,2_5&#8243; _builder_version=&#8221;4.21.0&#8243; _module_preset=&#8221;default&#8221; custom_padding=&#8221;56px||38px|||&#8221; global_colors_info=&#8221;{}&#8221;][et_pb_column type=&#8221;3_5&#8243; _builder_version=&#8221;4.21.0&#8243; _module_preset=&#8221;default&#8221; global_colors_info=&#8221;{}&#8221;][et_pb_text _builder_version=&#8221;4.21.0&#8243; _module_preset=&#8221;default&#8221; header_font_size=&#8221;40px&#8221; global_colors_info=&#8221;{}&#8221;]<\/p>\n<h1>Guglielmo Coladonato<\/h1>\n<p>Nato il 3 gennaio del 1933 a Torricella Peligna, risiede e lavora a Roma .<\/p>\n<p>A 12 anni, nel 1945, insieme ad altri 150 ragazzi, fra i 5 e i 15 anni, accumunati dalla stessa sorte di essere rimasti orfani di guerra, fu accolto a Silvi Marina in uno di quei \u201cVillaggi dei fanciulli\u201d voluti dal governo per aiutare i bambini bisognosi. La maggior parte di essi restarono sino al 1951-52. <\/p>\n<p>Durante quel periodo Guglielmo passava il tempo libero, che era tantissimo datosi che le lezioni di scuola erano poche, dedicandosi alla scultura. Trasformava in statue o in altre figure tutto ci\u00f2 che gli passava per le mani, gesso, pietre, terra. <\/p>\n<p>Una volta uscito dal villaggio \u00e8 andato in Svizzera per continuare gli studi poi si \u00e8 trasferito a Roma, si \u00e8 sposato, ha avuto due figli ed ha coltivato sempre il suo hobby, la scultura.<\/p>\n<p>Pi\u00f9 tardi prov\u00f2 anche con la pittura, anch\u2019essa come hobby.<\/p>\n<p>Esposizioni nei pi\u00f9 grandi musei d\u2019Italia, Londra, New York, Venezuela. Centinaia di premi, critiche e perfino un insolito fatto: dipingere un nudo femminile in diretta TV. <\/p>\n<p>Il suo successo \u00e8 continuato. Centinaia di sue opere sono state esposte nelle gallerie d&#8217;arte di Roma, Milano, Firenze, New York e Londra, alle Nazioni Unite e nella Sala dei Deputati a Roma. <\/p>\n<p>L&#8217;Enciclopedia dell&#8217;Arte Italiana ne parla come di un artista dalla &#8220;fervida ispirazione, dai colori vivaci e dalla scelta interessante dei soggetti&#8221;. La spontaneit\u00e0 della sua pittura \u00e8 evidente, cos\u00ec come la sua immaginazione che anima tutte le sue concezioni artistiche. I suoi dipinti colpiscono l&#8217;immaginazione e si ricordano facilmente&#8221;. L&#8217;atmosfera della sua terra natale accompagna l&#8217;artista nella sua vita e ispira le sue opere: i colori del paesaggio e della gente abruzzese, che Coladonato ricorda cos\u00ec: &#8220;Vengo dall&#8217;Abruzzo. Ho sempre davanti agli occhi l&#8217;apertura del mio paesaggio natio nutrito di luce, di grigi, di verdi, della campagna stessa, con la malinconia, la tristezza della mia gente semplice, pronta a riscattarsi per un futuro migliore. Rivedo le mie rocce, sulle quali ho ricamato i miei primi sogni di artista&#8221;. <\/p>\n<p>Le opere di Coladonato hanno attualmente un valore variabile dai 600,00 euro ai 9.000,00 euro<\/p>\n<p>[\/et_pb_text][\/et_pb_column][et_pb_column type=&#8221;2_5&#8243; _builder_version=&#8221;4.21.0&#8243; _module_preset=&#8221;default&#8221; global_colors_info=&#8221;{}&#8221;][et_pb_code _builder_version=&#8221;4.21.0&#8243; _module_preset=&#8221;default&#8221; global_colors_info=&#8221;{}&#8221;]<iframe width=\"560\" height=\"315\" data-src=\"https:\/\/www.youtube.com\/embed\/mQx2HR4Yqac\" title=\"YouTube video player\" frameborder=\"0\" allow=\"accelerometer; autoplay; clipboard-write; encrypted-media; gyroscope; picture-in-picture; web-share\" allowfullscreen=\"\" src=\"data:image\/svg+xml;base64,PHN2ZyB3aWR0aD0iMSIgaGVpZ2h0PSIxIiB4bWxucz0iaHR0cDovL3d3dy53My5vcmcvMjAwMC9zdmciPjwvc3ZnPg==\" class=\"lazyload\" data-load-mode=\"1\"><\/iframe>[\/et_pb_code][\/et_pb_column][\/et_pb_row][\/et_pb_section][et_pb_section fb_built=&#8221;1&#8243; _builder_version=&#8221;4.21.0&#8243; _module_preset=&#8221;default&#8221; background_color=&#8221;#343A40&#8243; custom_padding=&#8221;32px||35px|||&#8221; global_colors_info=&#8221;{}&#8221;][et_pb_row column_structure=&#8221;2_5,3_5&#8243; _builder_version=&#8221;4.21.0&#8243; _module_preset=&#8221;default&#8221; custom_padding=&#8221;||38px|||&#8221; global_colors_info=&#8221;{}&#8221;][et_pb_column type=&#8221;2_5&#8243; _builder_version=&#8221;4.21.0&#8243; _module_preset=&#8221;default&#8221; global_colors_info=&#8221;{}&#8221;][et_pb_image src=&#8221;https:\/\/torricellapeligna.org\/wp-content\/uploads\/2023\/06\/download.jpeg&#8221; title_text=&#8221;scaricare&#8221; align=&#8221;center&#8221; _builder_version=&#8221;4.21.0&#8243; _module_preset=&#8221;default&#8221; global_colors_info=&#8221;{}&#8221;][\/et_pb_image][et_pb_image src=&#8221;https:\/\/torricellapeligna.org\/wp-content\/uploads\/2023\/07\/LTSP_Weiser_window-scaled.jpg&#8221; title_text=&#8221;LTSP_Weiser_window&#8221; align=&#8221;center&#8221; _builder_version=&#8221;4.21.0&#8243; _module_preset=&#8221;default&#8221; module_alignment=&#8221;center&#8221; max_height=&#8221;600px&#8221; global_colors_info=&#8221;{}&#8221;][\/et_pb_image][\/et_pb_column][et_pb_column type=&#8221;3_5&#8243; _builder_version=&#8221;4.21.0&#8243; _module_preset=&#8221;default&#8221; global_colors_info=&#8221;{}&#8221;][et_pb_text _builder_version=&#8221;4.27.4&#8243; _module_preset=&#8221;default&#8221; text_text_color=&#8221;#EDECE3&#8243; header_text_color=&#8221;#EDECE3&#8243; header_font_size=&#8221;40px&#8221; hover_enabled=&#8221;0&#8243; global_colors_info=&#8221;{}&#8221; sticky_enabled=&#8221;0&#8243;]<\/p>\n<h1><b>Nicola D&#8217;Ascenzo<\/b><\/h1>\n<p>(25 settembre 1871, Torricella Peligna, Italia &#8211; 13 aprile 1954, Filadelfia, Pennsylvania)<\/p>\n<p>\u00e8 stato un designer di vetrate, pittore e istruttore americano di origine italiana. \u00c8 conosciuto soprattutto per aver creato le vetrate della Washington Memorial Chapel a Valley Forge, Pennsylvania; del Nipper Building a Camden, New Jersey; della Loyola Alumni Chapel of Our Lady alla Loyola University Maryland; della Folger Shakespeare Library e della Washington National Cathedral, entrambe a Washington.<\/p>\n<p>Nacque a Torricella Peligna, in Italia, in una famiglia di artisti, fabbri e armaioli. La sua famiglia pi\u00f9 stretta emigr\u00f2 negli Stati Uniti nel 1882 e si stabil\u00ec a Philadelphia, Pennsylvania. Lavor\u00f2 come pittore murale durante l&#8217;adolescenza e frequent\u00f2 corsi serali alla Pennsylvania Academy of the Fine Arts. Frequent\u00f2 e poi insegn\u00f2 alla Pennsylvania Museum School, dove incontr\u00f2 sua moglie, la collega istruttrice Myrtle Dell Goodwin (1864\u20131954). Si sposano nel 1894 e si trasferiscono in Italia, dove l&#8217;artista studia alla Scuola Libera di Roma. La coppia torna a Filadelfia nel 1896, dove l&#8217;artista lavora come ritrattista e apre i D&#8217;Ascenzo Studios, inizialmente un&#8217;azienda di decorazione d&#8217;interni.<\/p>\n<p>D&#8217;Ascenzo ricevette una medaglia alla World&#8217;s Columbian Exposition di Chicago del 1893, la medaglia d&#8217;oro del T-Square Club di Filadelfia del 1898, il secondo premio per l&#8217;artigianato alla Americanization Through Art Exhibition di Filadelfia del 1916 (il primo premio fu assegnato a Samuel Yellin) e la medaglia d&#8217;oro della Architectural League di New York del 1925. Ha esposto alla Pennsylvania Academy of the Fine Arts: 1892-1904, 1916 e 1936. \u00c8 stato presidente della Stained Glass Association of America nel 1929-1930. \u00c8 stato membro del Philadelphia Board of Education (1934-1948) e ha organizzato mostre d&#8217;arte che hanno fatto il giro delle scuole pubbliche della citt\u00e0. L&#8217;Universit\u00e0 della Pennsylvania ha ospitato nel 1938 una mostra di dipinti, disegni e vetrate di D&#8217;Ascenzo.<\/p>\n<p>Tra il 1904 e il 1954, gli studi D&#8217;Ascenzo hanno realizzato pi\u00f9 di 7.800 vetrate.<\/p>\n<p>La porta &#8220;Doubting Thomas&#8221; della Christ Church Cranbrook a Bloomfield Hills, Michigan, presenta un piccolo ritratto in bassorilievo di D&#8217;Ascenzo come artigiano medievale. L&#8217;intagliatore Johannes Kirchmayer ha scolpito le immagini dei vari artigiani che hanno lavorato alla chiesa.<\/p>\n<p>D&#8217;Ascenzo, sua moglie Myrtle G. D&#8217;Ascenzo (1864-1954) e il figlio Nicola Goodwin D&#8217;Ascenzo (1905-1958) sono sepolti sul sagrato della Washington Memorial Chapel a Valley Forge, Pennsylvania.<\/p>\n<p>I documenti aziendali dei D&#8217;Ascenzo Studios e gli schizzi di molte delle sue opere sono conservati nella collezione dell&#8217;Ateneo di Filadelfia. I dipinti di D&#8217;Ascenzo appaiono occasionalmente all&#8217;asta.<\/p>\n<div><span style=\"text-decoration: underline;\"><span style=\"color: #edece3;\"><a href=\"https:\/\/en.wikipedia.org\/wiki\/Nicola_D%27Ascenzo\" style=\"color: #edece3; text-decoration: underline;\" target=\"_blank\" rel=\"noopener\">Per maggiori informazioni, vedete Wikipedia.<\/a><\/span><\/span><\/div>\n<p>&nbsp;<\/p>\n<p>[\/et_pb_text][\/et_pb_column][\/et_pb_row][\/et_pb_section][et_pb_section fb_built=&#8221;1&#8243; _builder_version=&#8221;4.21.0&#8243; _module_preset=&#8221;default&#8221; background_color=&#8221;#EDECE3&#8243; custom_padding=&#8221;0px||35px|||&#8221; global_colors_info=&#8221;{}&#8221;][et_pb_row column_structure=&#8221;3_5,2_5&#8243; _builder_version=&#8221;4.21.0&#8243; _module_preset=&#8221;default&#8221; custom_padding=&#8221;48px||38px|||&#8221; global_colors_info=&#8221;{}&#8221;][et_pb_column type=&#8221;3_5&#8243; _builder_version=&#8221;4.21.0&#8243; _module_preset=&#8221;default&#8221; global_colors_info=&#8221;{}&#8221;][et_pb_text _builder_version=&#8221;4.23&#8243; _module_preset=&#8221;default&#8221; header_font_size=&#8221;40px&#8221; global_colors_info=&#8221;{}&#8221;]<\/p>\n<h1><span>Angelo Di Tommaso<\/span><\/h1>\n<p>&nbsp;<\/p>\n<p><a href=\"https:\/\/www.flickr.com\/people\/ditommasoangelo\/\" target=\"_blank\" rel=\"noopener\">Angelo Di Tommaso<\/a> \u00e8 un noto fotografo torricellano, attualmente residente in Francia. Dal 1993 partecipa regolarmente a concorsi fotografici sia in Italia che all\u2019estero ottenendo ottimi risultati, 170 ammissioni ed una trentina tra premi e segnalazioni. I suoi lavori sono stati pubblicati su Reflex, Fotografare, Tutti Fotografi, Progresso Fotografico e sull\u2019Annuario F.I.A.F. (Federazione Italiana di Associazioni Fotografiche). Nel 1997 rientra nel \u201cWho\u2019s Who in Photography\u201d della P.S.A. (Photographic Society of America) ed alcune sue fotografie fanno parte degli archivi storici della F.I.A.F. e di I.S.F. (Image Sans Frontieres).     <\/p>\n<p>Ha cominciato a fotografare a met\u00e0 degli anni 80 seguendo un corso di educazione all\u2019immagine tenuto a Torricella dal compianto sacerdote Don Ignazio Cocco nell\u2019ambito delle scuole medie. Nel 1988 vinse il primo premio in un concorso di fotografia organizzato dagli \u201cAmici di Torricella\u201d. Quasi subito scopre e si appassiona alla camera oscura dove sviluppa e stampa le sue fotografie in bianco e nero. Nei primi anni di attivit\u00e0 foto amatoriale ad Altino in un club di fotografi si \u00e8 dedicato alla fotografia di paesaggio e di reportage, fino a quando ha scoperto la passione per il ritratto e il nudo artistico.   <\/p>\n<p>Torna spesso a Torricella. Durante le edizioni di Puteche aperte a Torricella ha esposto alcune sue opere, sempre molto apprezzate dal pubblico. <a href=\"https:\/\/comunicazioneinform.it\/abruzzesi-in-francia-torricellano-nel-mondo-2023-il-fotografo-angelo-di-tommaso\/\" target=\"_blank\" rel=\"noopener\"> Nel 2023 gli \u00e8 stato conferito il Premio di \u201cTorricellano nel Mondo\u201d.<\/a><\/p>\n<p>&nbsp;<\/p>\n<p>[\/et_pb_text][\/et_pb_column][et_pb_column type=&#8221;2_5&#8243; _builder_version=&#8221;4.21.0&#8243; _module_preset=&#8221;default&#8221; global_colors_info=&#8221;{}&#8221;][et_pb_image src=&#8221;https:\/\/torricellapeligna.org\/wp-content\/uploads\/2023\/11\/Di-Tommaso-Angelo.jpeg&#8221; title_text=&#8221;Di Tommaso Angelo&#8221; _builder_version=&#8221;4.23&#8243; _module_preset=&#8221;default&#8221; max_height=&#8221;500px&#8221; global_colors_info=&#8221;{}&#8221;][\/et_pb_image][\/et_pb_column][\/et_pb_row][\/et_pb_section]<\/p>\n","protected":false},"excerpt":{"rendered":"<p>In questa pagina troverete persone che hanno avuto una carriera degna di nota nelle arti visive. Guglielmo Coladonato Nato il 3 gennaio del 1933 a Torricella Peligna, risiede e lavora a Roma . A 12 anni, nel 1945, insieme ad altri 150 ragazzi, fra i 5 e i 15 anni, accumunati dalla stessa sorte di [&hellip;]<\/p>\n","protected":false},"author":1,"featured_media":0,"parent":0,"menu_order":0,"comment_status":"closed","ping_status":"closed","template":"","meta":{"_et_pb_use_builder":"on","_et_pb_old_content":"","_et_gb_content_width":"","_uf_show_specific_survey":0,"_uf_disable_surveys":false,"iawp_total_views":92,"footnotes":""},"class_list":["post-207695","page","type-page","status-publish","hentry"],"_links":{"self":[{"href":"https:\/\/torricellapeligna.org\/it\/wp-json\/wp\/v2\/pages\/207695","targetHints":{"allow":["GET"]}}],"collection":[{"href":"https:\/\/torricellapeligna.org\/it\/wp-json\/wp\/v2\/pages"}],"about":[{"href":"https:\/\/torricellapeligna.org\/it\/wp-json\/wp\/v2\/types\/page"}],"author":[{"embeddable":true,"href":"https:\/\/torricellapeligna.org\/it\/wp-json\/wp\/v2\/users\/1"}],"replies":[{"embeddable":true,"href":"https:\/\/torricellapeligna.org\/it\/wp-json\/wp\/v2\/comments?post=207695"}],"version-history":[{"count":21,"href":"https:\/\/torricellapeligna.org\/it\/wp-json\/wp\/v2\/pages\/207695\/revisions"}],"predecessor-version":[{"id":208479,"href":"https:\/\/torricellapeligna.org\/it\/wp-json\/wp\/v2\/pages\/207695\/revisions\/208479"}],"wp:attachment":[{"href":"https:\/\/torricellapeligna.org\/it\/wp-json\/wp\/v2\/media?parent=207695"}],"curies":[{"name":"wp","href":"https:\/\/api.w.org\/{rel}","templated":true}]}}