{"id":207699,"date":"2023-11-08T10:07:08","date_gmt":"2023-11-08T10:07:08","guid":{"rendered":"https:\/\/torricellapeligna.org\/?page_id=207699"},"modified":"2023-11-13T10:35:05","modified_gmt":"2023-11-13T10:35:05","slug":"cinema-teatro-musica-tv-e-radio","status":"publish","type":"page","link":"https:\/\/torricellapeligna.org\/it\/cinema-teatro-musica-tv-e-radio\/","title":{"rendered":"Cinema, teatro, musica, TV e radio"},"content":{"rendered":"<p>[et_pb_section fb_built=&#8221;1&#8243; fullwidth=&#8221;on&#8221; admin_label=&#8221;Hero Section&#8221; _builder_version=&#8221;4.16&#8243; background_color=&#8221;#233b4e&#8221; parallax=&#8221;on&#8221; custom_padding=&#8221;0px|0px|0px|0px&#8221; global_colors_info=&#8221;{}&#8221;][et_pb_fullwidth_header title=&#8221;Cinema, teatro, musica, TV e radio&#8221; header_fullscreen=&#8221;on&#8221; background_overlay_color=&#8221;rgba(29,38,51,0.86)&#8221; content_max_width=&#8221;1100px&#8221; admin_label=&#8221;Hero&#8221; _builder_version=&#8221;4.23.1&#8243; title_font=&#8221;|700||on|||||&#8221; title_font_size=&#8221;80px&#8221; title_line_height=&#8221;1.3em&#8221; content_font=&#8221;||||||||&#8221; content_font_size=&#8221;20px&#8221; content_line_height=&#8221;1.8em&#8221; background_color=&#8221;rgba(255, 255, 255, 0)&#8221; background_enable_image=&#8221;off&#8221; custom_button_one=&#8221;on&#8221; button_one_border_radius=&#8221;0px&#8221; button_one_letter_spacing=&#8221;4px&#8221; button_one_font=&#8221;Oswald|on||on|&#8221; button_one_icon=&#8221;&#x24;||divi||400&#8243; button_one_icon_color=&#8221;#ffffff&#8221; custom_padding=&#8221;21px||21px||true|false&#8221; animation_style=&#8221;zoom&#8221; animation_direction=&#8221;bottom&#8221; animation_intensity_zoom=&#8221;4%&#8221; hover_enabled=&#8221;0&#8243; title_font_size_tablet=&#8221;80px&#8221; title_font_size_phone=&#8221;40px&#8221; title_font_size_last_edited=&#8221;on|phone&#8221; button_one_text_color_hover=&#8221;#ffffff&#8221; button_one_border_color_hover=&#8221;#ffffff&#8221; button_one_border_radius_hover=&#8221;0px&#8221; button_one_letter_spacing_hover=&#8221;4px&#8221; button_one_bg_color_hover=&#8221;rgba(0,0,0,0)&#8221; global_colors_info=&#8221;{}&#8221; button_one_text_size__hover_enabled=&#8221;off&#8221; button_two_text_size__hover_enabled=&#8221;off&#8221; button_one_text_color__hover_enabled=&#8221;on&#8221; button_one_text_color__hover=&#8221;#ffffff&#8221; button_two_text_color__hover_enabled=&#8221;off&#8221; button_one_border_width__hover_enabled=&#8221;off&#8221; button_two_border_width__hover_enabled=&#8221;off&#8221; button_one_border_color__hover_enabled=&#8221;on&#8221; button_one_border_color__hover=&#8221;#ffffff&#8221; button_two_border_color__hover_enabled=&#8221;off&#8221; button_one_border_radius__hover_enabled=&#8221;on&#8221; button_one_border_radius__hover=&#8221;0px&#8221; button_two_border_radius__hover_enabled=&#8221;off&#8221; button_one_letter_spacing__hover_enabled=&#8221;on&#8221; button_one_letter_spacing__hover=&#8221;4px&#8221; button_two_letter_spacing__hover_enabled=&#8221;off&#8221; button_one_bg_color__hover_enabled=&#8221;on&#8221; button_one_bg_color__hover=&#8221;rgba(0,0,0,0)&#8221; button_two_bg_color__hover_enabled=&#8221;off&#8221; sticky_enabled=&#8221;0&#8243;]<\/p>\n<p><span>In questa pagina troverete persone che hanno avuto carriere degne di nota nel campo del cinema, del teatro, della musica e della radiotelevisione.<\/span><\/p>\n<p>[\/et_pb_fullwidth_header][\/et_pb_section][et_pb_section fb_built=&#8221;1&#8243; _builder_version=&#8221;4.21.0&#8243; _module_preset=&#8221;default&#8221; background_color=&#8221;#343A40&#8243; custom_padding=&#8221;32px||35px|||&#8221; global_colors_info=&#8221;{}&#8221;][et_pb_row column_structure=&#8221;2_5,3_5&#8243; _builder_version=&#8221;4.21.0&#8243; _module_preset=&#8221;default&#8221; custom_padding=&#8221;||38px|||&#8221; global_colors_info=&#8221;{}&#8221;][et_pb_column type=&#8221;2_5&#8243; _builder_version=&#8221;4.21.0&#8243; _module_preset=&#8221;default&#8221; global_colors_info=&#8221;{}&#8221;][et_pb_image src=&#8221;https:\/\/torricellapeligna.org\/wp-content\/uploads\/2023\/06\/how-to-eat-like-silvia-collocay-19252-3.jpg&#8221; title_text=&#8221;how-to-eat-like-silvia-collocay-19252-3&#8243; _builder_version=&#8221;4.21.0&#8243; _module_preset=&#8221;default&#8221; global_colors_info=&#8221;{}&#8221;][\/et_pb_image][\/et_pb_column][et_pb_column type=&#8221;3_5&#8243; _builder_version=&#8221;4.21.0&#8243; _module_preset=&#8221;default&#8221; global_colors_info=&#8221;{}&#8221;][et_pb_text _builder_version=&#8221;4.21.0&#8243; _module_preset=&#8221;default&#8221; text_text_color=&#8221;#EDECE3&#8243; header_text_color=&#8221;#EDECE3&#8243; header_font_size=&#8221;40px&#8221; global_colors_info=&#8221;{}&#8221;]<\/p>\n<h1>Silvia Colloca<\/h1>\n<p>Silvia Colloca \u00e8 un&#8217;attrice italo-australiana, cantante lirica, autrice di libri di cucina e personaggio televisivo di programmi di cucina.<br \/>\nHa pubblicato sei libri di cucina. <\/p>\n<p>Colloca \u00e8 nata a Milano da Loredana e Mario Colloca.<br \/>\nIl suo unico ruolo cinematografico di rilievo \u00e8 stato in Van Helsing, dove interpretava Verona, una delle spose di Dracula.<br \/>\nIl 25 settembre 2004, nel castello medievale di Montalto in Toscana, ha sposato l&#8217;attore australiano Richard Roxburgh, che in quel film interpretava Dracula.<br \/>\nHanno due figli e una figlia.<br \/>\nLa famiglia risiede attualmente a Sydney.    <\/p>\n<p>Colloca \u00e8 un mezzosoprano di formazione operistica e ha lavorato come interprete di teatro musicale in Italia prima di diventare attrice cinematografica.<br \/>\n\u00c8 apparsa nel 2015 come Orfeo nell&#8217;Orfeo ed Euridice di Gluck a Sydney e come Regina nella produzione di Biancaneve di Lindy Hume per Opera Queensland e La Boite theatre nel 2016.<br \/>\nIl suo album di debutto, Sing Like an Italian, \u00e8 stato pubblicato da Decca nell&#8217;ottobre 2022.<br \/>\nL&#8217;attrice interpreta quattro numeri insieme ad arie e canzoni d&#8217;autore di cantanti di fama internazionale.<br \/>\nL&#8217;album ha debuttato al n. 1 delle classifiche ARIA Core Classical e Classical\/Crossover.    <\/p>\n<p>Made in Italy with Silvia Colloca \u00e8 una serie televisiva australiana in 10 puntate, trasmessa in anteprima su SBS TV nel novembre 2014, in coincidenza con la pubblicazione dell&#8217;omonimo libro.<br \/>\nLa Colloca ha portato una troupe a casa sua per incontrare la sua famiglia italiana, mostrando tre pittoresche regioni d&#8217;Italia: l&#8217;Abruzzo, in particolare Torricella Peligna, da cui proviene la sua famiglia, le Marche e il Molise, utilizzando la cucina di sua madre per presentare i suoi piatti. <\/p>\n<p>Silvia&#8217;s Italian Table, una serie di cucina e reality in otto puntate, ha debuttato sulla ABC il 6 ottobre 2016.<br \/>\nIn ogni episodio, Colloca invita un gruppo di celebrit\u00e0 a cucinare e mangiare con lei e a intrattenere una conversazione divertente e intelligente.   <\/p>\n<p>[\/et_pb_text][\/et_pb_column][\/et_pb_row][\/et_pb_section][et_pb_section fb_built=&#8221;1&#8243; _builder_version=&#8221;4.21.0&#8243; _module_preset=&#8221;default&#8221; background_color=&#8221;#EDECE3&#8243; custom_padding=&#8221;32px||35px|||&#8221; global_colors_info=&#8221;{}&#8221;][et_pb_row column_structure=&#8221;3_5,2_5&#8243; _builder_version=&#8221;4.21.0&#8243; _module_preset=&#8221;default&#8221; custom_padding=&#8221;||38px|||&#8221; global_colors_info=&#8221;{}&#8221;][et_pb_column type=&#8221;3_5&#8243; _builder_version=&#8221;4.21.0&#8243; _module_preset=&#8221;default&#8221; global_colors_info=&#8221;{}&#8221;][et_pb_text _builder_version=&#8221;4.23&#8243; _module_preset=&#8221;default&#8221; header_font_size=&#8221;40px&#8221; global_colors_info=&#8221;{}&#8221;]<\/p>\n<h1><span>Carlo Crivelli<\/span><\/h1>\n<p><span><\/span><\/p>\n<p><a href=\"https:\/\/it.wikipedia.org\/wiki\/Carlo_Crivelli_(compositore)\" target=\"_blank\" rel=\"noopener\">Carlo Crivelli<\/a> \u00e8 nato a Roma nel 1953 da genitori torricellani che a 5 anni gli regalarono una fisarmonica, da allora non ha pi\u00f9 smesso di suonare. \u00c8 un musicista di fama mondiale, autore di colonne sonore di film e programmi televisivi. Si \u00e8 diplomato in Composizione nel 1983 all\u2019Accademia Nazionale di Santa Cecilia di Roma ed ha insegnato al Conservatorio dell\u2019Aquila fino al 2020. Nel 2002 con Jonathan Williams ha fondato a Fossa l\u2019Orchestra Citt\u00e0 Aperta. \u00c8 stato introdotto nel cinema dal regista Marco Bellocchio. \u00c8 stato candidato tre volte al Ciak d\u2019oro, due volte alla Grolla d\u2019oro, due volte al Globo d\u2019oro e tre volte al David di Donatello.     <br \/>\u00c8 stato vincitore di numerosi premi, fra cui nel 2007 per \u201cIl 7 e l\u20198\u201d di Ficarra e Picone, nel 2013 per \u201cSangue del mio sangue\u201d e \u201cBella Addormentata\u201d di Marco Bellocchio e nel 2009 il prestigioso \u201cPrix France Musique\u201d per il film \u201cVincere\u201d di Marco Bellocchio.<br \/>cinema incontra la musica\u201d. Ha ricevuto dal Maestro Ennio Morricone il Premio \u201cGo$redo Petrassi\u201d da parte dell\u2019Ass. Cult. G.Petrassi, nell\u2019evento tenuto presso l\u2019Auditorium Parco della Musica.   <br \/><a href=\"https:\/\/www.ilcentro.it\/chieti\/torricella-incorona-il-musicista-crivelli-1.504156\" target=\"_blank\" rel=\"noopener\">Nel 2010 ha ricevuto il Premio di Torricellano nel Mondo.<\/a><\/p>\n<p>[\/et_pb_text][\/et_pb_column][et_pb_column type=&#8221;2_5&#8243; _builder_version=&#8221;4.21.0&#8243; _module_preset=&#8221;default&#8221; global_colors_info=&#8221;{}&#8221;][et_pb_image src=&#8221;https:\/\/torricellapeligna.org\/wp-content\/uploads\/2023\/11\/Crivelli-Carlo2.jpeg&#8221; title_text=&#8221;Crivelli Carlo2&#8243; _builder_version=&#8221;4.23&#8243; _module_preset=&#8221;default&#8221; global_colors_info=&#8221;{}&#8221;][\/et_pb_image][\/et_pb_column][\/et_pb_row][\/et_pb_section][et_pb_section fb_built=&#8221;1&#8243; _builder_version=&#8221;4.23&#8243; _module_preset=&#8221;default&#8221; background_color=&#8221;#343A40&#8243; custom_padding=&#8221;32px||35px|||&#8221; global_colors_info=&#8221;{}&#8221;][et_pb_row column_structure=&#8221;2_5,3_5&#8243; _builder_version=&#8221;4.21.0&#8243; _module_preset=&#8221;default&#8221; custom_padding=&#8221;||38px|||&#8221; global_colors_info=&#8221;{}&#8221;][et_pb_column type=&#8221;2_5&#8243; _builder_version=&#8221;4.21.0&#8243; _module_preset=&#8221;default&#8221; global_colors_info=&#8221;{}&#8221;][et_pb_image src=&#8221;https:\/\/torricellapeligna.org\/wp-content\/uploads\/2023\/06\/NotableAPStella.jpg&#8221; title_text=&#8221;NotableAPStella&#8221; _builder_version=&#8221;4.21.0&#8243; _module_preset=&#8221;default&#8221; global_colors_info=&#8221;{}&#8221;][\/et_pb_image][\/et_pb_column][et_pb_column type=&#8221;3_5&#8243; _builder_version=&#8221;4.21.0&#8243; _module_preset=&#8221;default&#8221; global_colors_info=&#8221;{}&#8221;][et_pb_text _builder_version=&#8221;4.23&#8243; _module_preset=&#8221;default&#8221; header_font_size=&#8221;40px&#8221; global_colors_info=&#8221;{}&#8221;]<\/p>\n<h1><span style=\"color: #ffffff;\"><b>Antonio Piccone Stella<\/b><\/span><\/h1>\n<p><span style=\"color: #ffffff;\">(1905-1996)<\/span><\/p>\n<p><span style=\"color: #ffffff;\">Direttore dei servizi giornalistici della RAI dal 1946 al 1962<\/span><\/p>\n<p><span style=\"color: #ffffff;\">All&#8217;inizio degli anni Trenta entra in EIAR proprio quando il primo direttore del radiogiornale, Pio Casali (giornalista de IL RESTO DEL CARLINO), sta mettendo insieme la redazione. Piccone Stella divenne in pochi anni capo redattore e braccio destro di Casali (il gr era stato trasferito a Roma). nel 1935 come direttore del giornale radio propone due nuove edizioni del grande Piccone Stella si reca in Etiopia come reporter di guerra e sbarca con i soldati italiani in Albania per raccontare, giorno per giorno, l&#8217;invasione voluta dal fascismo.<\/span><\/p>\n<p><span style=\"color: #ffffff;\">L&#8217;8 settembre 1943 scelse di non collaborare con i tedeschi per sfuggire alla possibile ingiunzione e si rifugi\u00f2 in casa di un amico. Torn\u00f2 quindi in Abruzzo per trasferirsi a Bari dove si present\u00f2 alla stazione radio gestita dall&#8217;VIII Armata britannica e riprese il suo lavoro: &#8220;Non avevo una lira, il che non imped\u00ec alla Radio Roma germanizzata di chiamare me e i miei collaboratori (Alba De Cepedes , Anton Giulio Majano, Diego Calcagno e Pio Ambrogetti). Tra gli altri collaboratori Pio Ambrogetti Antonietta Drago, Giorgio Spini, Agostino Degli Espinosa, Vicenzo Talarico.<\/span><\/p>\n<p><span style=\"color: #ffffff;\">Antonio Piccone Stella divenne direttore del radiogiornale, sostituendo Corrado Alvaro, il noto scrittore; con l&#8217;arrivo della televisione tocc\u00f2 a Piccone Stella il compito di organizzare il telegiornale la cui prima sede fu a Milano, inviato Vittorio Veltroni. Piccone Stella ha assunto l&#8217;incarico di direttore centrale dei servizi giornalistici con la doppia responsabilit\u00e0 del radiogiornale e del telegiornale. \u00c8 stato lui ad assumere Sergio Zavoli in Rai.<\/span><\/p>\n<p><span style=\"color: #ffffff;\">Nel 1948 Piccone Stella scrisse una GUIDA PRATICA PER CHI PARLA ALLA RADIO E PER CHI L&#8217;ASCOLTA, che per decenni fu quasi una Bibbia che i giornalisti appena assunti alla radio ricevettero con gli auguri per il loro lavoro. Con Antonio Piccone Stella \u00e8 nato il linguaggio radiofonico, quel libretto era un manuale del perfetto e obiettivo giornalista radiofonico. All&#8217;inizio degli anni Cinquanta Piccone rafforz\u00f2 il gr creando numerosi speciali (memorabile quello sulla valle del Polesine). Nel 1954, con l&#8217;avvento della TV Piccone Stella, viene nominato direttore dei servizi giornalistici della Rai. La lunga stagione di Piccone Stella alla Rai si conclude all&#8217;inizio del 1962, nei 35 anni fino alla sua morte nel 1997.<\/span><\/p>\n<p>[\/et_pb_text][\/et_pb_column][\/et_pb_row][\/et_pb_section][et_pb_section fb_built=&#8221;1&#8243; _builder_version=&#8221;4.21.0&#8243; _module_preset=&#8221;default&#8221; background_color=&#8221;#EDECE3&#8243; custom_padding=&#8221;32px||35px|||&#8221; global_colors_info=&#8221;{}&#8221;][et_pb_row column_structure=&#8221;2_5,3_5&#8243; _builder_version=&#8221;4.21.0&#8243; _module_preset=&#8221;default&#8221; custom_padding=&#8221;||38px|||&#8221; global_colors_info=&#8221;{}&#8221;][et_pb_column type=&#8221;2_5&#8243; _builder_version=&#8221;4.21.0&#8243; _module_preset=&#8221;default&#8221; global_colors_info=&#8221;{}&#8221;][et_pb_text _builder_version=&#8221;4.21.0&#8243; _module_preset=&#8221;default&#8221; header_font_size=&#8221;40px&#8221; global_colors_info=&#8221;{}&#8221;]<\/p>\n<h1><b>Ettore Porreca<\/b><\/h1>\n<p>(1920-2013)<\/p>\n<p>&nbsp;<\/p>\n<p>Ettore Porreca di ciufielle \u00e8 nato a Torricella Peligna nel 1920.<\/p>\n<p>Attualmente vive a Buffalo, New York. \u00c8 stato fotografo professionista http:\/\/www.ettoreinjapan.com\/ e musicista. Il Professional Photographers of America gli ha conferito i prestigiosi titoli di &#8220;Master of Photography&#8221; e &#8220;Craftsman of Photography&#8221; per l&#8217;eccezionale qualit\u00e0 del suo lavoro e per il suo contributo alla professione.<\/p>\n<p>Ha da poco compiuto 90 anni e continua a cantare e suonare il jazz degli anni &#8217;30 e &#8217;40 con la Sentimental Journey Band. \u00c8 stato presentato a pagina 23 del 18\u00b0 numero di Chi&#8217;ssi dicie?, la newsletter italiana online dedicata a Torricella Peligna. Clicca qui per la traduzione: &#8220;Ettore Porreca di ciufielle, affermato fotografo e musicista&#8221;.<\/p>\n<p>[\/et_pb_text][\/et_pb_column][et_pb_column type=&#8221;3_5&#8243; _builder_version=&#8221;4.21.0&#8243; _module_preset=&#8221;default&#8221; global_colors_info=&#8221;{}&#8221;][et_pb_code _builder_version=&#8221;4.21.0&#8243; _module_preset=&#8221;default&#8221; global_colors_info=&#8221;{}&#8221;]<iframe width=\"560\" height=\"315\" data-src=\"https:\/\/www.youtube.com\/embed\/Em07kXkUb5k\" title=\"YouTube video player\" frameborder=\"0\" allow=\"accelerometer; autoplay; clipboard-write; encrypted-media; gyroscope; picture-in-picture; web-share\" allowfullscreen=\"\" src=\"data:image\/svg+xml;base64,PHN2ZyB3aWR0aD0iMSIgaGVpZ2h0PSIxIiB4bWxucz0iaHR0cDovL3d3dy53My5vcmcvMjAwMC9zdmciPjwvc3ZnPg==\" class=\"lazyload\" data-load-mode=\"1\"><\/iframe>[\/et_pb_code][\/et_pb_column][\/et_pb_row][\/et_pb_section][et_pb_section fb_built=&#8221;1&#8243; _builder_version=&#8221;4.21.0&#8243; _module_preset=&#8221;default&#8221; background_color=&#8221;#343A40&#8243; custom_padding=&#8221;32px||35px|||&#8221; global_colors_info=&#8221;{}&#8221;][et_pb_row column_structure=&#8221;2_5,3_5&#8243; _builder_version=&#8221;4.21.0&#8243; _module_preset=&#8221;default&#8221; custom_padding=&#8221;||38px|||&#8221; global_colors_info=&#8221;{}&#8221;][et_pb_column type=&#8221;2_5&#8243; _builder_version=&#8221;4.21.0&#8243; _module_preset=&#8221;default&#8221; global_colors_info=&#8221;{}&#8221;][et_pb_image src=&#8221;https:\/\/torricellapeligna.org\/wp-content\/uploads\/2023\/06\/NotableVincenzoTaito1955.jpeg&#8221; title_text=&#8221;NotableVincenzoTaito1955&#8243; align=&#8221;center&#8221; _builder_version=&#8221;4.21.0&#8243; _module_preset=&#8221;default&#8221; max_height=&#8221;500px&#8221; global_colors_info=&#8221;{}&#8221;][\/et_pb_image][\/et_pb_column][et_pb_column type=&#8221;3_5&#8243; _builder_version=&#8221;4.21.0&#8243; _module_preset=&#8221;default&#8221; global_colors_info=&#8221;{}&#8221;][et_pb_text _builder_version=&#8221;4.23.1&#8243; _module_preset=&#8221;default&#8221; text_text_color=&#8221;#EDECE3&#8243; header_text_color=&#8221;#EDECE3&#8243; header_font_size=&#8221;40px&#8221; global_colors_info=&#8221;{}&#8221;]<\/p>\n<h1><b><\/b><\/h1>\n<h1><b>Vincenzo Taito<\/b><\/h1>\n<p>(1910-1970)<\/p>\n<p><b><\/b><\/p>\n<p>Produttore cinematografico<\/p>\n<p>&nbsp;<\/p>\n<p>Diversi film con Pier Paolo Pasolini.<\/p>\n<p><b><\/b><\/p>\n<p>Vincenzo Taito \u00e8 noto perBig Deal on Madonna Street (1958), Appointment for Murder (1951) and The White Sheik (1952).<\/p>\n<p>\u00c8 possibile consultare il suo <a href=\"https:\/\/www.imdb.com\/name\/nm0846931\/\" target=\"_blank\" rel=\"noopener\">profilo IMDB qui.<\/a><\/p>\n<p>[\/et_pb_text][\/et_pb_column][\/et_pb_row][\/et_pb_section][et_pb_section fb_built=&#8221;1&#8243; _builder_version=&#8221;4.21.0&#8243; _module_preset=&#8221;default&#8221; background_color=&#8221;#EDECE3&#8243; custom_padding=&#8221;32px||35px|||&#8221; global_colors_info=&#8221;{}&#8221;][et_pb_row column_structure=&#8221;3_5,2_5&#8243; _builder_version=&#8221;4.21.0&#8243; _module_preset=&#8221;default&#8221; custom_padding=&#8221;||38px|||&#8221; global_colors_info=&#8221;{}&#8221;][et_pb_column type=&#8221;3_5&#8243; _builder_version=&#8221;4.21.0&#8243; _module_preset=&#8221;default&#8221; global_colors_info=&#8221;{}&#8221;][et_pb_text _builder_version=&#8221;4.21.0&#8243; _module_preset=&#8221;default&#8221; header_font_size=&#8221;40px&#8221; global_colors_info=&#8221;{}&#8221;]<\/p>\n<h1><b>Camillo Teti<\/b><\/h1>\n<p><b><\/b><\/p>\n<p><b><\/b><\/p>\n<p>Camillo Teti \u00e8 un regista, produttore, produttore esecutivo, scrittore, sceneggiatore, nato il 5 marzo 1939 a Roma (Italia). Nei suoi 19 anni di carriera come regista ha diretto Yo-Rhad , Space Navigators e Titanic, mille e una storia. A volte Camillo lavorava con gli pseudonimi di Mark Davis e A. Maker. \u00c8 figlio del produttore cinematografico Federico Teti.<\/p>\n<p>[\/et_pb_text][\/et_pb_column][et_pb_column type=&#8221;2_5&#8243; _builder_version=&#8221;4.21.0&#8243; _module_preset=&#8221;default&#8221; global_colors_info=&#8221;{}&#8221;][et_pb_image src=&#8221;https:\/\/torricellapeligna.org\/wp-content\/uploads\/2023\/06\/NotableCTeti.jpg&#8221; title_text=&#8221;NotevoleCTeti&#8221; _builder_version=&#8221;4.21.0&#8243; _module_preset=&#8221;default&#8221; global_colors_info=&#8221;{}&#8221;][\/et_pb_image][\/et_pb_column][\/et_pb_row][\/et_pb_section][et_pb_section fb_built=&#8221;1&#8243; _builder_version=&#8221;4.21.0&#8243; _module_preset=&#8221;default&#8221; background_color=&#8221;#343A40&#8243; custom_padding=&#8221;32px||35px|||&#8221; global_colors_info=&#8221;{}&#8221;][et_pb_row column_structure=&#8221;2_5,3_5&#8243; _builder_version=&#8221;4.21.0&#8243; _module_preset=&#8221;default&#8221; custom_padding=&#8221;||16px|||&#8221; global_colors_info=&#8221;{}&#8221;][et_pb_column type=&#8221;2_5&#8243; _builder_version=&#8221;4.21.0&#8243; _module_preset=&#8221;default&#8221; global_colors_info=&#8221;{}&#8221;][et_pb_image src=&#8221;https:\/\/torricellapeligna.org\/wp-content\/uploads\/2023\/06\/NotableFedericoTeti-AP.jpg&#8221; title_text=&#8221;NotevoleFedericoTeti-AP&#8221; align=&#8221;center&#8221; _builder_version=&#8221;4.21.0&#8243; _module_preset=&#8221;default&#8221; max_height=&#8221;350px&#8221; global_colors_info=&#8221;{}&#8221;][\/et_pb_image][\/et_pb_column][et_pb_column type=&#8221;3_5&#8243; _builder_version=&#8221;4.21.0&#8243; _module_preset=&#8221;default&#8221; global_colors_info=&#8221;{}&#8221;][et_pb_text _builder_version=&#8221;4.21.0&#8243; _module_preset=&#8221;default&#8221; text_text_color=&#8221;#EDECE3&#8243; header_text_color=&#8221;#EDECE3&#8243; header_font_size=&#8221;40px&#8221; global_colors_info=&#8221;{}&#8221;]<\/p>\n<h1><b><\/b><\/h1>\n<h1><b><\/b><\/h1>\n<h1><b>Federico Teti<\/b><\/h1>\n<p>(1910-1975)<\/p>\n<p>Produttore di diversi film di successo. Federico Teti \u00e8 noto per Aida (1953), Vite perdute (1959) e La moglie \u00e8 uguale per tutti (1955).<\/p>\n<p>[\/et_pb_text][\/et_pb_column][\/et_pb_row][\/et_pb_section]<\/p>\n","protected":false},"excerpt":{"rendered":"<p>In questa pagina troverete persone che hanno avuto carriere degne di nota nel campo del cinema, del teatro, della musica e della radiotelevisione.Silvia Colloca Silvia Colloca \u00e8 un&#8217;attrice italo-australiana, cantante lirica, autrice di libri di cucina e personaggio televisivo di programmi di cucina. Ha pubblicato sei libri di cucina. Colloca \u00e8 nata a Milano da [&hellip;]<\/p>\n","protected":false},"author":1,"featured_media":0,"parent":0,"menu_order":0,"comment_status":"closed","ping_status":"closed","template":"","meta":{"_et_pb_use_builder":"on","_et_pb_old_content":"","_et_gb_content_width":"","_uf_show_specific_survey":0,"_uf_disable_surveys":false,"iawp_total_views":70,"footnotes":""},"class_list":["post-207699","page","type-page","status-publish","hentry"],"_links":{"self":[{"href":"https:\/\/torricellapeligna.org\/it\/wp-json\/wp\/v2\/pages\/207699","targetHints":{"allow":["GET"]}}],"collection":[{"href":"https:\/\/torricellapeligna.org\/it\/wp-json\/wp\/v2\/pages"}],"about":[{"href":"https:\/\/torricellapeligna.org\/it\/wp-json\/wp\/v2\/types\/page"}],"author":[{"embeddable":true,"href":"https:\/\/torricellapeligna.org\/it\/wp-json\/wp\/v2\/users\/1"}],"replies":[{"embeddable":true,"href":"https:\/\/torricellapeligna.org\/it\/wp-json\/wp\/v2\/comments?post=207699"}],"version-history":[{"count":19,"href":"https:\/\/torricellapeligna.org\/it\/wp-json\/wp\/v2\/pages\/207699\/revisions"}],"predecessor-version":[{"id":207986,"href":"https:\/\/torricellapeligna.org\/it\/wp-json\/wp\/v2\/pages\/207699\/revisions\/207986"}],"wp:attachment":[{"href":"https:\/\/torricellapeligna.org\/it\/wp-json\/wp\/v2\/media?parent=207699"}],"curies":[{"name":"wp","href":"https:\/\/api.w.org\/{rel}","templated":true}]}}