{"id":9099,"date":"2023-05-31T08:40:53","date_gmt":"2023-05-31T08:40:53","guid":{"rendered":"https:\/\/torricellapeligna.org\/informazione\/"},"modified":"2025-08-06T07:28:17","modified_gmt":"2025-08-06T07:28:17","slug":"informazione","status":"publish","type":"page","link":"https:\/\/torricellapeligna.org\/it\/informazione\/","title":{"rendered":"Informazione"},"content":{"rendered":"<p>[et_pb_section fb_built=&#8221;1&#8243; fullwidth=&#8221;on&#8221; admin_label=&#8221;Hero Section&#8221; _builder_version=&#8221;4.21.0&#8243; background_color=&#8221;#343A40&#8243; parallax=&#8221;on&#8221; custom_padding=&#8221;0px|0px|0px|0px&#8221; global_colors_info=&#8221;{}&#8221;][et_pb_fullwidth_header title=&#8221;Torricella Peligna&#8221; header_fullscreen=&#8221;on&#8221; header_scroll_down=&#8221;on&#8221; scroll_down_icon=&#8221;%%0%%&#8221; background_overlay_color=&#8221;rgba(65,59,53,0.51)&#8221; content_max_width=&#8221;1005px&#8221; content_max_width_tablet=&#8221;1005px&#8221; content_max_width_phone=&#8221;297px&#8221; content_max_width_last_edited=&#8221;on|desktop&#8221; admin_label=&#8221;Hero&#8221; _builder_version=&#8221;4.21.2&#8243; title_font=&#8221;|700||on|||||&#8221; title_font_size=&#8221;62px&#8221; title_line_height=&#8221;1.3em&#8221; content_font=&#8221;||||||||&#8221; content_font_size=&#8221;20px&#8221; content_line_height=&#8221;1.8em&#8221; background_enable_color=&#8221;off&#8221; background_image=&#8221;https:\/\/torricellapeligna.org\/wp-content\/uploads\/2023\/06\/352606343_842184800613893_5845775760418911672_n.jpg&#8221; custom_button_one=&#8221;on&#8221; button_one_border_radius=&#8221;0px&#8221; button_one_letter_spacing=&#8221;4px&#8221; button_one_font=&#8221;Oswald|on||on|&#8221; button_one_icon=&#8221;&#x24;||divi||400&#8243; button_one_icon_color=&#8221;#ffffff&#8221; max_width=&#8221;100%&#8221; custom_margin_tablet=&#8221;&#8221; custom_margin_phone=&#8221;&#8221; custom_margin_last_edited=&#8221;on|tablet&#8221; custom_padding=&#8221;100px||100px||true|false&#8221; animation_style=&#8221;zoom&#8221; animation_direction=&#8221;bottom&#8221; animation_intensity_zoom=&#8221;4%&#8221; hover_transition_duration=&#8221;0ms&#8221; title_font_size_tablet=&#8221;62px&#8221; title_font_size_phone=&#8221;37px&#8221; title_font_size_last_edited=&#8221;on|phone&#8221; button_one_text_color_hover=&#8221;#ffffff&#8221; button_one_border_color_hover=&#8221;#ffffff&#8221; button_one_border_radius_hover=&#8221;0px&#8221; button_one_letter_spacing_hover=&#8221;4px&#8221; button_one_bg_color_hover=&#8221;rgba(0,0,0,0)&#8221; global_colors_info=&#8221;{}&#8221; button_one_text_size__hover_enabled=&#8221;off&#8221; button_two_text_size__hover_enabled=&#8221;off&#8221; button_one_text_color__hover_enabled=&#8221;on&#8221; button_one_text_color__hover=&#8221;#ffffff&#8221; button_two_text_color__hover_enabled=&#8221;off&#8221; button_one_border_width__hover_enabled=&#8221;off&#8221; button_two_border_width__hover_enabled=&#8221;off&#8221; button_one_border_color__hover_enabled=&#8221;on&#8221; button_one_border_color__hover=&#8221;#ffffff&#8221; button_two_border_color__hover_enabled=&#8221;off&#8221; button_one_border_radius__hover_enabled=&#8221;on&#8221; button_one_border_radius__hover=&#8221;0px&#8221; button_two_border_radius__hover_enabled=&#8221;off&#8221; button_one_letter_spacing__hover_enabled=&#8221;on&#8221; button_one_letter_spacing__hover=&#8221;4px&#8221; button_two_letter_spacing__hover_enabled=&#8221;off&#8221; button_one_bg_color__hover_enabled=&#8221;on&#8221; button_one_bg_color__hover=&#8221;rgba(0,0,0,0)&#8221; button_two_bg_color__hover_enabled=&#8221;off&#8221;]<\/p>\n<p><span>Torricella Peligna \u00e8 il comune pi\u00f9 interno dell&#8217;ampio territorio delimitato dai confini della<\/span> Comunit\u00e0 Montana Aventino &#8211; Medio Sangro<span>ed \u00e8 il vero crocevia in cui giungono e partono tutte le strade provinciali che, come una ragnatela, mettono in comunicazione tutti i comuni. E&#8217; una localit\u00e0 molto frequentata per la posizione (si trova a 900 metri s.l.m.) e per gli ampi panorami che offre sui versanti del Sangro e dell&#8217;Aventino. <\/span><\/p>\n<p>[\/et_pb_fullwidth_header][\/et_pb_section][et_pb_section fb_built=&#8221;1&#8243; _builder_version=&#8221;4.21.0&#8243; background_color=&#8221;#EDECE3&#8243; custom_padding=&#8221;110px||19px|||&#8221; global_colors_info=&#8221;{}&#8221;][et_pb_row column_structure=&#8221;3_5,2_5&#8243; _builder_version=&#8221;4.21.0&#8243; global_colors_info=&#8221;{}&#8221;][et_pb_column type=&#8221;3_5&#8243; _builder_version=&#8221;4.16&#8243; custom_padding=&#8221;|||&#8221; global_colors_info=&#8221;{}&#8221; custom_padding__hover=&#8221;|||&#8221;][et_pb_text admin_label=&#8221;Discover Beatuty Title&#8221; _builder_version=&#8221;4.23.1&#8243; text_font=&#8221;||||&#8221; text_text_color=&#8221;#1a1a1a&#8221; header_font=&#8221;|700||on|||||&#8221; header_text_align=&#8221;right&#8221; header_font_size=&#8221;60px&#8221; header_line_height=&#8221;1.3em&#8221; animation_style=&#8221;slide&#8221; animation_direction=&#8221;top&#8221; animation_intensity_slide=&#8221;10%&#8221; header_font_size_tablet=&#8221;60px&#8221; header_font_size_phone=&#8221;30px&#8221; header_font_size_last_edited=&#8221;on|phone&#8221; global_colors_info=&#8221;{}&#8221;]<\/p>\n<h1 style=\"text-align: left;\">Sulle orme della Majella<\/h1>\n<p>[\/et_pb_text][et_pb_text admin_label=&#8221;Discover Beatuty Sub Title&#8221; _builder_version=&#8221;4.21.0&#8243; text_font=&#8221;||||||||&#8221; text_text_color=&#8221;#1a1a1a&#8221; text_font_size=&#8221;24px&#8221; text_line_height=&#8221;1.4em&#8221; animation_style=&#8221;slide&#8221; animation_direction=&#8221;top&#8221; animation_intensity_slide=&#8221;10%&#8221; global_colors_info=&#8221;{}&#8221;]<\/p>\n<p><span>Posizionato tra le montagne e il mare!<\/span><\/p>\n<p>[\/et_pb_text][et_pb_divider color=&#8221;#F1C377&#8243; divider_position=&#8221;center&#8221; divider_weight=&#8221;3px&#8221; disabled_on=&#8221;off|off|off&#8221; _builder_version=&#8221;4.21.0&#8243; max_width=&#8221;150px&#8221; height=&#8221;false&#8221; animation_style=&#8221;slide&#8221; animation_direction=&#8221;top&#8221; animation_delay=&#8221;100ms&#8221; animation_intensity_slide=&#8221;10%&#8221; global_colors_info=&#8221;{}&#8221;][\/et_pb_divider][et_pb_text admin_label=&#8221;Discover Beatuty Text&#8221; _builder_version=&#8221;4.21.0&#8243; text_font=&#8221;||||||||&#8221; text_font_size=&#8221;16px&#8221; text_line_height=&#8221;1.9em&#8221; custom_padding=&#8221;30px|||&#8221; animation_style=&#8221;slide&#8221; animation_direction=&#8221;top&#8221; animation_delay=&#8221;200ms&#8221; animation_intensity_slide=&#8221;10%&#8221; global_colors_info=&#8221;{}&#8221;]<\/p>\n<p>Al visitatore offre la possibilit\u00e0 di rilassarsi al piacevole fresco dell&#8217;ampia pinetina che si sviluppa proprio all&#8217;ingresso del paese, oppure lo spunto per una visita alla chiesa di<span> <\/span><a href=\"http:\/\/www.torricellapeligna.com\/Amici%20Article107-english.html\" target=\"_blank\" rel=\"noopener\">San Giacomo Apostolo<\/a><span> <\/span>che svetta sulle case del centro storico arroccato attorno alla chiesa e al borgo originario. Due piacevoli passeggiate sono quelle che conducono, la prima anche a piedi, verso la chiesa campestre della<span> <\/span><a href=\"http:\/\/www.torricellapeligna.com\/Amici%20Article118-english.html\" target=\"_blank\" rel=\"noopener\">Madonna del Roseto<\/a><span> <\/span>l&#8217;altra sconfinando leggermente nel comune di<span> <\/span><a target=\"_blank\" href=\"http:\/\/www.montenerodomo.net\/index.php\" rel=\"noopener\">Montenerodomo<\/a>, per salire sulla piana di Juvanum, importante citt\u00e0 dei Carecini, popolo pre-italico che abitava il territorio. La zona archeologica di<span> <\/span><a href=\"http:\/\/www.torricellapeligna.com\/Amici%20Article176italian-english.html\" target=\"_blank\" rel=\"noopener\">Juvanum<\/a>, con gli scavi tuttora in corso, \u00e8 il punto migliore per comprendere fino in fondo la storia e la cultura di questo territorio.<\/p>\n<p>Torricella, oltre ad assicurare un&#8217;accoglienza sia alberghiera che agrituristica e ad offrire un&#8217;ampia scelta di ristoranti e trattorie, propone anche numerosi punti vendita di prodotti tipici che sono il giusto complemento alla visita della cittadina.<\/p>\n<p>La cittadina ospita nel<span> <\/span><a href=\"http:\/\/www.torricellapeligna.com\/Museo.htm\" target=\"_blank\" rel=\"noopener\">Museo territoriale,<\/a><span> <\/span>di recente apertura, un&#8217;interessante raccolta di reperti archeologici rinvenuti nel territorio comunale a ridosso della zona di Juvanum. All&#8217;interno del museo \u00e8 esposta in una teca in vetro climatizzata,<span> <\/span><a href=\"http:\/\/www.torricellapeligna.com\/MummyFromTorricella.htm\" target=\"_blank\" rel=\"noopener\">una mummia<\/a><span> <\/span>settecentesca venuta alla luce durante i lavori di restauro della chiesa parrocchiale.<\/p>\n<p>[\/et_pb_text][\/et_pb_column][et_pb_column type=&#8221;2_5&#8243; _builder_version=&#8221;4.16&#8243; custom_padding=&#8221;|||&#8221; global_colors_info=&#8221;{}&#8221; custom_padding__hover=&#8221;|||&#8221;][et_pb_image src=&#8221;https:\/\/torricellapeligna.org\/wp-content\/uploads\/2023\/06\/355800541_219898960457448_4970070973040239275_n.jpg&#8221; title_text=&#8221;355800541_219898960457448_4970070973040239275_n&#8221; show_in_lightbox=&#8221;on&#8221; align=&#8221;center&#8221; align_tablet=&#8221;center&#8221; align_phone=&#8221;center&#8221; align_last_edited=&#8221;on|desktop&#8221; _builder_version=&#8221;4.21.2&#8243; module_alignment=&#8221;center&#8221; height=&#8221;616px&#8221; custom_margin=&#8221;90px|||&#8221; animation_style=&#8221;fold&#8221; animation_direction=&#8221;left&#8221; animation_intensity_fold=&#8221;20%&#8221; animation=&#8221;fade_in&#8221; global_colors_info=&#8221;{}&#8221;][\/et_pb_image][\/et_pb_column][\/et_pb_row][\/et_pb_section][et_pb_section fb_built=&#8221;1&#8243; _builder_version=&#8221;4.21.0&#8243; _module_preset=&#8221;default&#8221; background_color=&#8221;#343A40&#8243; global_colors_info=&#8221;{}&#8221;][et_pb_row _builder_version=&#8221;4.21.0&#8243; _module_preset=&#8221;default&#8221; global_colors_info=&#8221;{}&#8221;][et_pb_column type=&#8221;4_4&#8243; _builder_version=&#8221;4.21.0&#8243; _module_preset=&#8221;default&#8221; global_colors_info=&#8221;{}&#8221;][et_pb_video src=&#8221;https:\/\/torricellapeligna.org\/wp-content\/uploads\/2023\/07\/TP-Ariel-x2.mp4&#8243; _builder_version=&#8221;4.21.0&#8243; _module_preset=&#8221;default&#8221; global_colors_info=&#8221;{}&#8221;][\/et_pb_video][\/et_pb_column][\/et_pb_row][\/et_pb_section][et_pb_section fb_built=&#8221;1&#8243; _builder_version=&#8221;4.21.0&#8243; background_color=&#8221;#EDECE3&#8243; custom_padding=&#8221;36px||36px|||&#8221; global_colors_info=&#8221;{}&#8221;][et_pb_row column_structure=&#8221;1_2,1_2&#8243; _builder_version=&#8221;4.16&#8243; custom_margin=&#8221;-32px|auto||auto||&#8221; custom_padding=&#8221;17px||0px|||&#8221; global_colors_info=&#8221;{}&#8221;][et_pb_column type=&#8221;1_2&#8243; _builder_version=&#8221;4.16&#8243; custom_padding=&#8221;|||&#8221; global_colors_info=&#8221;{}&#8221; custom_padding__hover=&#8221;|||&#8221;][et_pb_image src=&#8221;https:\/\/torricellapeligna.org\/wp-content\/uploads\/2023\/05\/Val-di-Sangro-Postcard.jpeg&#8221; title_text=&#8221;Val di Sangro Postcard&#8221; show_in_lightbox=&#8221;on&#8221; align=&#8221;center&#8221; _builder_version=&#8221;4.23&#8243; _module_preset=&#8221;default&#8221; custom_padding=&#8221;82px|||||&#8221; global_colors_info=&#8221;{}&#8221;][\/et_pb_image][\/et_pb_column][et_pb_column type=&#8221;1_2&#8243; _builder_version=&#8221;4.16&#8243; custom_padding=&#8221;|||&#8221; global_colors_info=&#8221;{}&#8221; custom_padding__hover=&#8221;|||&#8221;][et_pb_text admin_label=&#8221;Top Destination Title&#8221; _builder_version=&#8221;4.21.2&#8243; text_font=&#8221;||||&#8221; text_text_color=&#8221;#1a1a1a&#8221; header_font=&#8221;|700||on|||||&#8221; header_text_align=&#8221;left&#8221; header_font_size=&#8221;60px&#8221; header_line_height=&#8221;1.3em&#8221; custom_margin=&#8221;|||&#8221; custom_padding=&#8221;|||&#8221; animation_style=&#8221;slide&#8221; animation_direction=&#8221;top&#8221; animation_intensity_slide=&#8221;10%&#8221; header_font_size_tablet=&#8221;60px&#8221; header_font_size_phone=&#8221;39px&#8221; header_font_size_last_edited=&#8221;on|phone&#8221; locked=&#8221;off&#8221; global_colors_info=&#8221;{}&#8221;]<\/p>\n<h1>Geografia<\/h1>\n<p>[\/et_pb_text][et_pb_text admin_label=&#8221;Top Destination Text&#8221; _builder_version=&#8221;4.21.0&#8243; text_font=&#8221;||||||||&#8221; text_font_size=&#8221;16px&#8221; text_line_height=&#8221;1.9em&#8221; custom_padding=&#8221;||17px|||&#8221; animation_style=&#8221;slide&#8221; animation_direction=&#8221;top&#8221; animation_intensity_slide=&#8221;4%&#8221; locked=&#8221;off&#8221; global_colors_info=&#8221;{}&#8221;]<\/p>\n<p><span>Nell&#8217;illustrazione, Torricella Peligna \u00e8 situata nel quadrante in alto a destra. L&#8217;illustrazione fornisce una prospettiva della Val di Sangro da Est a Ovest, dal Mare Adriatico in direzione di Roma.<\/span><\/p>\n<p>Torricella Peligna, a circa 25 km dall&#8217;Adriatico, offre una bella vista della Maiella e dell&#8217;Adriatico.<\/p>\n<p align=\"left\">Le stupefacenti fotografie che seguono offrono viste spettacolari della zona.<\/p>\n<p align=\"left\">La prima rappresenta un panorama della Maiella ad Ovest di Torricella Peligna L\u2019immagine \u00e8 l\u2019unione di cinque fotografie che ritraggono alcuni dei paesi vicini, con la maestosa Maiella come sfondo Il Mare Adriatico \u00e8 visibile a destra sullo sfondo.<\/p>\n<p>&nbsp;<\/p>\n<p>[\/et_pb_text][\/et_pb_column][\/et_pb_row][\/et_pb_section][et_pb_section fb_built=&#8221;1&#8243; fullwidth=&#8221;on&#8221; _builder_version=&#8221;4.21.0&#8243; _module_preset=&#8221;default&#8221; global_colors_info=&#8221;{}&#8221;][et_pb_fullwidth_image src=&#8221;https:\/\/torricellapeligna.org\/wp-content\/uploads\/2023\/05\/Maiella-Panoramic-View-scaled.jpg&#8221; title_text=&#8221;Vista panoramica della Maiella&#8221; show_in_lightbox=&#8221;on&#8221; _builder_version=&#8221;4.23&#8243; _module_preset=&#8221;default&#8221; global_colors_info=&#8221;{}&#8221;][\/et_pb_fullwidth_image][\/et_pb_section][et_pb_section fb_built=&#8221;1&#8243; _builder_version=&#8221;4.21.0&#8243; _module_preset=&#8221;default&#8221; background_color=&#8221;#EDECE3&#8243; custom_padding=&#8221;39px||22px|||&#8221; global_colors_info=&#8221;{}&#8221;][et_pb_row _builder_version=&#8221;4.21.0&#8243; _module_preset=&#8221;default&#8221; global_colors_info=&#8221;{}&#8221;][et_pb_column type=&#8221;4_4&#8243; _builder_version=&#8221;4.21.0&#8243; _module_preset=&#8221;default&#8221; global_colors_info=&#8221;{}&#8221;][et_pb_text _builder_version=&#8221;4.21.0&#8243; _module_preset=&#8221;default&#8221; text_font_size=&#8221;16px&#8221; global_colors_info=&#8221;{}&#8221;]<\/p>\n<p><span>La seconda foto rappresenta un panorama della Val di Sangro ad Est di Torricella Peligna. L\u2019immagine \u00e8 l\u2019unione di cinque fotografie che ritraggono alcuni dei paesi vicini, con il Mare Adriatico visibile sullo sfondo. Questa foto \u00e8 stata gentilmente fornita dal fotografo Silvio Di Paolo.<\/span><\/p>\n<p>[\/et_pb_text][\/et_pb_column][\/et_pb_row][\/et_pb_section][et_pb_section fb_built=&#8221;1&#8243; fullwidth=&#8221;on&#8221; _builder_version=&#8221;4.21.0&#8243; _module_preset=&#8221;default&#8221; global_colors_info=&#8221;{}&#8221;][et_pb_fullwidth_image src=&#8221;https:\/\/torricellapeligna.org\/wp-content\/uploads\/2023\/05\/Panorama-Sangro-Valley-scaled.jpg&#8221; title_text=&#8221;Panorama-Valle del Sangro&#8221; show_in_lightbox=&#8221;on&#8221; _builder_version=&#8221;4.21.2&#8243; _module_preset=&#8221;default&#8221; global_colors_info=&#8221;{}&#8221;][\/et_pb_fullwidth_image][\/et_pb_section][et_pb_section fb_built=&#8221;1&#8243; _builder_version=&#8221;4.21.0&#8243; _module_preset=&#8221;default&#8221; background_color=&#8221;#EDECE3&#8243; global_colors_info=&#8221;{}&#8221;][et_pb_row column_structure=&#8221;1_4,3_4&#8243; _builder_version=&#8221;4.21.0&#8243; _module_preset=&#8221;default&#8221; global_colors_info=&#8221;{}&#8221;][et_pb_column type=&#8221;1_4&#8243; _builder_version=&#8221;4.21.0&#8243; _module_preset=&#8221;default&#8221; global_colors_info=&#8221;{}&#8221;][et_pb_text _builder_version=&#8221;4.23.1&#8243; _module_preset=&#8221;default&#8221; header_font=&#8221;|||on|||||&#8221; header_font_size=&#8221;46px&#8221; global_colors_info=&#8221;{}&#8221;]<\/p>\n<h1 style=\"text-align: center;\"><span style=\"text-decoration: underline;\"><strong>Fatti:<\/strong><\/span><\/h1>\n<p>[\/et_pb_text][et_pb_image src=&#8221;https:\/\/torricellapeligna.org\/wp-content\/uploads\/2023\/08\/Coat.png&#8221; title_text=&#8221;Cappotto&#8221; _builder_version=&#8221;4.21.2&#8243; _module_preset=&#8221;default&#8221; global_colors_info=&#8221;{}&#8221;][\/et_pb_image][\/et_pb_column][et_pb_column type=&#8221;3_4&#8243; _builder_version=&#8221;4.21.0&#8243; _module_preset=&#8221;default&#8221; global_colors_info=&#8221;{}&#8221;][et_pb_text _builder_version=&#8221;4.23.1&#8243; _module_preset=&#8221;default&#8221; global_colors_info=&#8221;{}&#8221;]<\/p>\n<p><b>Regione:<\/b><span style=\"font-weight: 400;\"> Abruzzo<\/span><\/p>\n<p><b>Provincia:<\/b><span style=\"font-weight: 400;\"> Chieti (CH)<\/span><\/p>\n<p><b>Popolazione:<\/b><span style=\"font-weight: 400;\"> <span>1.125 (2022)<\/span><\/span><\/p>\n<p><b>Anni precedenti:<\/b><span style=\"font-weight: 400;\"> <span>1.152 (<\/span><span>2021) &#8211; <\/span>1.391 (2011) \u2013 1.587 (2001) \u2013 1.833 (1991)<\/span><\/p>\n<p><b>Superficie:<\/b><span style=\"font-weight: 400;\"> 36,11 Km2<\/span><\/p>\n<p><b>Densit\u00e0 di popolazione:<\/b><span style=\"font-weight: 400;\"> 44,83 persone per Km2<\/span><\/p>\n<p><b>Codice Istat:<\/b><span style=\"font-weight: 400;\"> 069095<\/span><\/p>\n<p><b>Codice catastale:<\/b><span style=\"font-weight: 400;\"> L291<\/span><\/p>\n<p><b>Nome degli abitanti:<\/b><span style=\"font-weight: 400;\"> Torricellani<\/span><\/p>\n<p><b>Cognome pi\u00f9 comune:<\/b><span style=\"font-weight: 400;\"> Teti<\/span><\/p>\n<p><b>Sindaco:<\/b><span style=\"font-weight: 400;\"> Carmine Ficca (10\/07\/1983)<\/span><\/p>\n<p><b>Indirizzo:<\/b><span style=\"font-weight: 400;\"> Viale R Paolucci 3, CAP 66019 Torricella Peligna CH<\/span><\/p>\n<p><b>Telefono:<\/b><span style=\"font-weight: 400;\"> 0872 969412<\/span><\/p>\n<p><b>Fax:<\/b><span style=\"font-weight: 400;\"> 0872 969412.<\/span><\/p>\n<p><b>E-Mail:<\/b><span style=\"font-weight: 400;\"> info@comunetorricellapeligna.it<\/span><\/p>\n<p><b>Pec:<\/b><span style=\"font-weight: 400;\"> protocollo@pec.comune.torricellapeligna.ch.it (pettorali)<\/span><\/p>\n<p>[\/et_pb_text][\/et_pb_column][\/et_pb_row][\/et_pb_section][et_pb_section fb_built=&#8221;1&#8243; _builder_version=&#8221;4.23&#8243; _module_preset=&#8221;default&#8221; background_color=&#8221;#EDECE3&#8243; global_colors_info=&#8221;{}&#8221;][et_pb_row _builder_version=&#8221;4.23&#8243; _module_preset=&#8221;default&#8221; global_colors_info=&#8221;{}&#8221;][et_pb_column type=&#8221;4_4&#8243; _builder_version=&#8221;4.23&#8243; _module_preset=&#8221;default&#8221; global_colors_info=&#8221;{}&#8221;][et_pb_text _builder_version=&#8221;4.27.4&#8243; _module_preset=&#8221;default&#8221; text_font=&#8221;||||||||&#8221; hover_enabled=&#8221;0&#8243; global_colors_info=&#8221;{}&#8221; sticky_enabled=&#8221;0&#8243;]<\/p>\n<p style=\"text-align: center;\"><span>Il comune di Torricella Peligna \u00e8 composto dal centro abitato e da numerose frazioni. In italiano si parla di &#8220;frazione&#8221;, &#8220;contrada&#8221;, &#8220;rione&#8221; o &#8220;localit\u00e0&#8221;. Il pi\u00f9 grande, Fallascoso, con circa 80 abitanti, \u00e8 stato un comune a s\u00e9 stante fino al 1928.<\/span><\/p>\n<p style=\"text-align: center;\"><span><\/span><\/p>\n<p><span><\/span><\/p>\n<table cellpadding=\"2\" width=\"70%\" border=\"0\" style=\"margin-left: auto; margin-right: auto;\">\n<tbody>\n<tr>\n<td width=\"33%\" align=\"left\" valign=\"top\" style=\"text-align: center;\"><span style=\"font-family: Arial;\"><b>Brecciarola<br \/>Bufalara<br \/>Colle delle More<br \/>Colle del Ponte<br \/>Colle Rotondo<br \/><a href=\"http:\/\/www.torricellapeligna.com\/Frazione-ColleZingaro.htm\" target=\"_blank\" rel=\"noopener\">Colle Zingaro<\/a><br \/><a href=\"http:\/\/www.torricellapeligna.com\/Frazione-CosteMulino.htm\" target=\"_blank\" rel=\"noopener\">Coste Mulino<\/a><br \/><a href=\"https:\/\/www.fallascoso.it\/\" target=\"_blank\" rel=\"noopener\">Fallascoso<\/a><br \/>Fontana delle Coste<br \/>Linari<br \/>Macchialemace<\/b><\/span><\/td>\n<td width=\"33%\" align=\"left\" valign=\"top\" style=\"text-align: center;\">\n<p><span style=\"font-family: Arial;\"><b>Madonna del Roseto<br \/><\/b><\/span><b style=\"font-family: Arial; font-size: 15px;\">Monte Lucino<\/b><br \/><b style=\"font-family: Arial; font-size: inherit;\"><a href=\"http:\/\/www.torricellapeligna.com\/Frazione-Morretto.htm\" target=\"_blank\" rel=\"noopener\">Morretto<\/a><br \/><\/b><b style=\"font-family: Arial; font-size: inherit;\">Passo Scuro<br \/><\/b><b style=\"font-family: Arial; font-size: 15px;\">Pescara<br \/><\/b><span style=\"font-family: Arial;\"><b>Piano delle Barche<br \/>Pietra Sant&#8217; Angelo<br \/>Pietra Schiavoltura<br \/>Pietre Ciferine<br \/>Purgatoio<br \/><a href=\"http:\/\/www.torricellapeligna.com\/Frazione-Riga.htm\" target=\"_blank\" rel=\"noopener\">Riga<\/a><\/b><\/span><\/p>\n<\/td>\n<td width=\"33%\" align=\"left\" valign=\"top\" style=\"text-align: center;\"><span style=\"font-family: Arial;\"><b><a href=\"http:\/\/www.torricellapeligna.com\/Frazione-RipaBianca.htm\" target=\"_blank\" rel=\"noopener\">Ripa Bianca<\/a><br \/>Santa Giusta<br \/>San Pietro<br \/>San Venanzio<br \/>Selva Grossa<br \/>Solagne di Pennadomo<br \/>Stazzo dei Cavalli<br \/>Tre Confini<br \/>Valle Verdura<br \/>Villa Roseto<\/b><\/span><\/td>\n<\/tr>\n<\/tbody>\n<\/table>\n<p>[\/et_pb_text][\/et_pb_column][\/et_pb_row][\/et_pb_section][et_pb_section fb_built=&#8221;1&#8243; _builder_version=&#8221;4.27.4&#8243; _module_preset=&#8221;default&#8221; background_color=&#8221;#343A40&#8243; global_module=&#8221;208529&#8243; global_colors_info=&#8221;{}&#8221;][et_pb_row column_structure=&#8221;1_2,1_2&#8243; _builder_version=&#8221;4.27.4&#8243; _module_preset=&#8221;default&#8221; global_colors_info=&#8221;{}&#8221;][et_pb_column type=&#8221;1_2&#8243; _builder_version=&#8221;4.27.4&#8243; _module_preset=&#8221;default&#8221; global_colors_info=&#8221;{}&#8221;][et_pb_image src=&#8221;https:\/\/torricellapeligna.org\/wp-content\/uploads\/2025\/05\/Map-Brochure1-scaled.jpg&#8221; title_text=&#8221;Map-Brochure1&#8243; show_in_lightbox=&#8221;on&#8221; _builder_version=&#8221;4.27.4&#8243; _module_preset=&#8221;default&#8221; global_colors_info=&#8221;{}&#8221;][\/et_pb_image][\/et_pb_column][et_pb_column type=&#8221;1_2&#8243; _builder_version=&#8221;4.27.4&#8243; _module_preset=&#8221;default&#8221; global_colors_info=&#8221;{}&#8221;][et_pb_image src=&#8221;https:\/\/torricellapeligna.org\/wp-content\/uploads\/2025\/05\/Map-Brochure2-1-scaled.jpg&#8221; title_text=&#8221;Map-Brochure2 (1)&#8221; show_in_lightbox=&#8221;on&#8221; _builder_version=&#8221;4.27.4&#8243; _module_preset=&#8221;default&#8221; global_colors_info=&#8221;{}&#8221;][\/et_pb_image][\/et_pb_column][\/et_pb_row][\/et_pb_section]<\/p>\n","protected":false},"excerpt":{"rendered":"<p>Torricella Peligna \u00e8 il comune pi\u00f9 interno dell&#8217;ampio territorio delimitato dai confini della Comunit\u00e0 Montana Aventino &#8211; Medio Sangroed \u00e8 il vero crocevia in cui giungono e partono tutte le strade provinciali che, come una ragnatela, mettono in comunicazione tutti i comuni. E&#8217; una localit\u00e0 molto frequentata per la posizione (si trova a 900 metri [&hellip;]<\/p>\n","protected":false},"author":1,"featured_media":0,"parent":0,"menu_order":0,"comment_status":"closed","ping_status":"closed","template":"","meta":{"_et_pb_use_builder":"on","_et_pb_old_content":"","_et_gb_content_width":"","_uf_show_specific_survey":0,"_uf_disable_surveys":false,"iawp_total_views":343,"footnotes":""},"class_list":["post-9099","page","type-page","status-publish","hentry"],"_links":{"self":[{"href":"https:\/\/torricellapeligna.org\/it\/wp-json\/wp\/v2\/pages\/9099","targetHints":{"allow":["GET"]}}],"collection":[{"href":"https:\/\/torricellapeligna.org\/it\/wp-json\/wp\/v2\/pages"}],"about":[{"href":"https:\/\/torricellapeligna.org\/it\/wp-json\/wp\/v2\/types\/page"}],"author":[{"embeddable":true,"href":"https:\/\/torricellapeligna.org\/it\/wp-json\/wp\/v2\/users\/1"}],"replies":[{"embeddable":true,"href":"https:\/\/torricellapeligna.org\/it\/wp-json\/wp\/v2\/comments?post=9099"}],"version-history":[{"count":55,"href":"https:\/\/torricellapeligna.org\/it\/wp-json\/wp\/v2\/pages\/9099\/revisions"}],"predecessor-version":[{"id":208596,"href":"https:\/\/torricellapeligna.org\/it\/wp-json\/wp\/v2\/pages\/9099\/revisions\/208596"}],"wp:attachment":[{"href":"https:\/\/torricellapeligna.org\/it\/wp-json\/wp\/v2\/media?parent=9099"}],"curies":[{"name":"wp","href":"https:\/\/api.w.org\/{rel}","templated":true}]}}