{"id":9103,"date":"2023-06-12T13:30:28","date_gmt":"2023-06-12T13:30:28","guid":{"rendered":"https:\/\/torricellapeligna.org\/arte-e-artigianato\/"},"modified":"2023-11-09T13:55:25","modified_gmt":"2023-11-09T13:55:25","slug":"arte-e-artigianato","status":"publish","type":"page","link":"https:\/\/torricellapeligna.org\/it\/arte-e-artigianato\/","title":{"rendered":"Artigianato"},"content":{"rendered":"<p>[et_pb_section fb_built=&#8221;1&#8243; fullwidth=&#8221;on&#8221; admin_label=&#8221;Hero Section&#8221; _builder_version=&#8221;4.23&#8243; background_color=&#8221;#233b4e&#8221; background_enable_image=&#8221;off&#8221; parallax=&#8221;on&#8221; custom_padding=&#8221;0px|0px|0px|0px&#8221; global_colors_info=&#8221;{}&#8221;][et_pb_fullwidth_header title=&#8221;Artigianato&#8221; header_fullscreen=&#8221;on&#8221; background_overlay_color=&#8221;rgba(29,38,51,0.86)&#8221; content_max_width=&#8221;700px&#8221; admin_label=&#8221;Hero&#8221; _builder_version=&#8221;4.23.1&#8243; title_font=&#8221;|700||on|||||&#8221; title_font_size=&#8221;40px&#8221; title_line_height=&#8221;1.3em&#8221; content_font=&#8221;||||||||&#8221; content_font_size=&#8221;20px&#8221; content_line_height=&#8221;1.8em&#8221; background_color=&#8221;rgba(255, 255, 255, 0)&#8221; background_enable_image=&#8221;off&#8221; custom_button_one=&#8221;on&#8221; button_one_border_radius=&#8221;0px&#8221; button_one_letter_spacing=&#8221;4px&#8221; button_one_font=&#8221;Oswald|on||on|&#8221; button_one_icon=&#8221;&#x24;||divi||400&#8243; button_one_icon_color=&#8221;#ffffff&#8221; custom_padding=&#8221;0px||0px||true|false&#8221; animation_style=&#8221;zoom&#8221; animation_direction=&#8221;bottom&#8221; animation_intensity_zoom=&#8221;4%&#8221; hover_enabled=&#8221;0&#8243; button_one_text_color_hover=&#8221;#ffffff&#8221; button_one_border_color_hover=&#8221;#ffffff&#8221; button_one_border_radius_hover=&#8221;0px&#8221; button_one_letter_spacing_hover=&#8221;4px&#8221; button_one_bg_color_hover=&#8221;rgba(0,0,0,0)&#8221; global_colors_info=&#8221;{}&#8221; button_one_text_size__hover_enabled=&#8221;off&#8221; button_two_text_size__hover_enabled=&#8221;off&#8221; button_one_text_color__hover_enabled=&#8221;on&#8221; button_one_text_color__hover=&#8221;#ffffff&#8221; button_two_text_color__hover_enabled=&#8221;off&#8221; button_one_border_width__hover_enabled=&#8221;off&#8221; button_two_border_width__hover_enabled=&#8221;off&#8221; button_one_border_color__hover_enabled=&#8221;on&#8221; button_one_border_color__hover=&#8221;#ffffff&#8221; button_two_border_color__hover_enabled=&#8221;off&#8221; button_one_border_radius__hover_enabled=&#8221;on&#8221; button_one_border_radius__hover=&#8221;0px&#8221; button_two_border_radius__hover_enabled=&#8221;off&#8221; button_one_letter_spacing__hover_enabled=&#8221;on&#8221; button_one_letter_spacing__hover=&#8221;4px&#8221; button_two_letter_spacing__hover_enabled=&#8221;off&#8221; button_one_bg_color__hover_enabled=&#8221;on&#8221; button_one_bg_color__hover=&#8221;rgba(0,0,0,0)&#8221; button_two_bg_color__hover_enabled=&#8221;off&#8221; sticky_enabled=&#8221;0&#8243;]<\/p>\n<p><span>Sono molti gli artigiani a Torricella Peligna. Ce ne sono molti anche altrove con radici a Torricella. Scopri di pi\u00f9 su chi sono e cosa fanno.<\/span><\/p>\n<p>[\/et_pb_fullwidth_header][\/et_pb_section][et_pb_section fb_built=&#8221;1&#8243; _builder_version=&#8221;4.21.0&#8243; _module_preset=&#8221;default&#8221; background_color=&#8221;#EDECE3&#8243; custom_padding=&#8221;0px||35px|||&#8221; global_colors_info=&#8221;{}&#8221;][et_pb_row column_structure=&#8221;1_4,1_4,1_4,1_4&#8243; use_custom_gutter=&#8221;on&#8221; gutter_width=&#8221;1&#8243; make_equal=&#8221;on&#8221; admin_label=&#8221;Galleria&#8221; module_class=&#8221; et_pb_row_fullwidth&#8221; _builder_version=&#8221;4.16&#8243; width=&#8221;100%&#8221; width_tablet=&#8221;100%&#8221; width_phone=&#8221;100%&#8221; width_last_edited=&#8221;on|desktop&#8221; max_width=&#8221;100%&#8221; max_width_tablet=&#8221;100%&#8221; max_width_phone=&#8221;100%&#8221; max_width_last_edited=&#8221;on|desktop&#8221; custom_padding=&#8221;0px||37px|||&#8221; make_fullwidth=&#8221;on&#8221; global_colors_info=&#8221;{}&#8221;][et_pb_column type=&#8221;1_4&#8243; _builder_version=&#8221;4.16&#8243; custom_padding=&#8221;|||&#8221; global_colors_info=&#8221;{}&#8221; custom_padding__hover=&#8221;|||&#8221;][et_pb_image src=&#8221;https:\/\/torricellapeligna.org\/wp-content\/uploads\/2023\/06\/Art-DiLuzio-004.jpg&#8221; title_text=&#8221;Art-DiLuzio-004&#8243; show_in_lightbox=&#8221;on&#8221; force_fullwidth=&#8221;on&#8221; align_tablet=&#8221;center&#8221; align_phone=&#8221;center&#8221; align_last_edited=&#8221;on|desktop&#8221; _builder_version=&#8221;4.21.0&#8243; height=&#8221;400px&#8221; animation_style=&#8221;zoom&#8221; animation_intensity_zoom=&#8221;10%&#8221; global_colors_info=&#8221;{}&#8221;][\/et_pb_image][\/et_pb_column][et_pb_column type=&#8221;1_4&#8243; _builder_version=&#8221;4.16&#8243; custom_padding=&#8221;|||&#8221; global_colors_info=&#8221;{}&#8221; custom_padding__hover=&#8221;|||&#8221;][et_pb_image src=&#8221;https:\/\/torricellapeligna.org\/wp-content\/uploads\/2023\/06\/Art-Pasquale008.jpg&#8221; title_text=&#8221;Art-Pasquale008&#8243; show_in_lightbox=&#8221;on&#8221; force_fullwidth=&#8221;on&#8221; align_tablet=&#8221;center&#8221; align_phone=&#8221;center&#8221; align_last_edited=&#8221;on|desktop&#8221; _builder_version=&#8221;4.21.0&#8243; height=&#8221;400px&#8221; animation_style=&#8221;zoom&#8221; animation_delay=&#8221;100ms&#8221; animation_intensity_zoom=&#8221;10%&#8221; locked=&#8221;off&#8221; global_colors_info=&#8221;{}&#8221;][\/et_pb_image][\/et_pb_column][et_pb_column type=&#8221;1_4&#8243; _builder_version=&#8221;4.16&#8243; custom_padding=&#8221;|||&#8221; global_colors_info=&#8221;{}&#8221; custom_padding__hover=&#8221;|||&#8221;][et_pb_image src=&#8221;https:\/\/torricellapeligna.org\/wp-content\/uploads\/2023\/06\/Art-Cammillo-Ficca015.jpg&#8221; title_text=&#8221;Arte-Cammillo Ficca015&#8243; show_in_lightbox=&#8221;on&#8221; force_fullwidth=&#8221;on&#8221; align_tablet=&#8221;center&#8221; align_phone=&#8221;center&#8221; align_last_edited=&#8221;on|desktop&#8221; _builder_version=&#8221;4.23&#8243; height=&#8221;400px&#8221; max_height=&#8221;400px&#8221; animation_style=&#8221;zoom&#8221; animation_delay=&#8221;200ms&#8221; animation_intensity_zoom=&#8221;10%&#8221; locked=&#8221;off&#8221; global_colors_info=&#8221;{}&#8221;][\/et_pb_image][\/et_pb_column][et_pb_column type=&#8221;1_4&#8243; _builder_version=&#8221;4.16&#8243; custom_padding=&#8221;|||&#8221; global_colors_info=&#8221;{}&#8221; custom_padding__hover=&#8221;|||&#8221;][et_pb_image src=&#8221;https:\/\/torricellapeligna.org\/wp-content\/uploads\/2023\/06\/Art-LisaDiFabrizio-00617.jpg&#8221; title_text=&#8221;Art-LisaDiFabrizio-00617&#8243; show_in_lightbox=&#8221;on&#8221; force_fullwidth=&#8221;on&#8221; align_tablet=&#8221;center&#8221; align_phone=&#8221;center&#8221; align_last_edited=&#8221;on|desktop&#8221; _builder_version=&#8221;4.21.0&#8243; height=&#8221;400px&#8221; max_height=&#8221;400px&#8221; animation_style=&#8221;zoom&#8221; animation_delay=&#8221;300ms&#8221; animation_intensity_zoom=&#8221;10%&#8221; locked=&#8221;off&#8221; global_colors_info=&#8221;{}&#8221;][\/et_pb_image][\/et_pb_column][\/et_pb_row][\/et_pb_section][et_pb_section fb_built=&#8221;1&#8243; _builder_version=&#8221;4.21.0&#8243; _module_preset=&#8221;default&#8221; background_color=&#8221;#EDECE3&#8243; custom_padding=&#8221;32px||35px|||&#8221; global_colors_info=&#8221;{}&#8221;][et_pb_row column_structure=&#8221;3_5,2_5&#8243; _builder_version=&#8221;4.21.0&#8243; _module_preset=&#8221;default&#8221; custom_padding=&#8221;||38px|||&#8221; global_colors_info=&#8221;{}&#8221;][et_pb_column type=&#8221;3_5&#8243; _builder_version=&#8221;4.21.0&#8243; _module_preset=&#8221;default&#8221; global_colors_info=&#8221;{}&#8221;][et_pb_text _builder_version=&#8221;4.21.0&#8243; _module_preset=&#8221;default&#8221; header_font_size=&#8221;40px&#8221; global_colors_info=&#8221;{}&#8221;]<\/p>\n<h1>Marialuisa (Lisa) Di Fabrizio<\/h1>\n<p>&nbsp;<\/p>\n<p>&nbsp;<\/p>\n<p> Marialuisa (Lisa) Di Fabrizio \u00e8 un\u2019appassionata di decoupage pittorico, a cui si dedica nel tempo libero con risultati sorprendenti. Lisa ha tramandato l\u2019arte di decoupage ad altri, praticamente a tutte le amiche che rivede ogni anno a Torricella, nel mese di agosto. Di Lisa, Laura de Laurentiis, sua grande amica, anche lei originaria di Torricella, dice:<\/p>\n<p>&nbsp;<\/p>\n<p>\u201cLe sue opere sono di rara bellezza, e forse lei non ne \u00e8 neppure consapevole. Fatto sta che alla bancarella di Torricella ha venduto tutto. E\u2019 bravissima! Una vera artista, sensibile e completa. Le sar\u00f2 grata per sempre per quello che mi ha insegnato.\u201d<\/p>\n<p>&nbsp;<\/p>\n<p> Lisa, del 1955, \u00e8 un architetto che ha scelto di insegnare educazione tecnica. Vive a Lanciano, ma appena pu\u00f2 corre a Torricella Peligna dove ha una bellissima casetta dove, nei pomeriggi estivi accoglie tutte le amiche per aiutarle a perfezionarsi nel decoupage. Ha un marito siciliano, Gianni e due figli, Matteo e Paolo Suo padre, Mario Di Fabrizio di trummincielle, era un impiegato delle poste ed \u00e8 stato sindaco di Torricella dal 1962 al 1976. Sua madre \u00e8 Teresita Porreca di mastredinate. Ha due sorelle minori: Getta (Virginia) e Paola. <\/p>\n<p>[\/et_pb_text][\/et_pb_column][et_pb_column type=&#8221;2_5&#8243; _builder_version=&#8221;4.21.0&#8243; _module_preset=&#8221;default&#8221; global_colors_info=&#8221;{}&#8221;][et_pb_gallery gallery_ids=&#8221;8200,8199,8201,8202,8203&#8243; fullwidth=&#8221;on&#8221; _builder_version=&#8221;4.23&#8243; _module_preset=&#8221;default&#8221; global_colors_info=&#8221;{}&#8221;][\/et_pb_gallery][\/et_pb_column][\/et_pb_row][\/et_pb_section][et_pb_section fb_built=&#8221;1&#8243; _builder_version=&#8221;4.21.0&#8243; _module_preset=&#8221;default&#8221; background_color=&#8221;#343A40&#8243; custom_padding=&#8221;32px||35px|||&#8221; global_colors_info=&#8221;{}&#8221;][et_pb_row column_structure=&#8221;2_5,3_5&#8243; _builder_version=&#8221;4.21.0&#8243; _module_preset=&#8221;default&#8221; custom_padding=&#8221;||38px|||&#8221; global_colors_info=&#8221;{}&#8221;][et_pb_column type=&#8221;2_5&#8243; _builder_version=&#8221;4.21.0&#8243; _module_preset=&#8221;default&#8221; global_colors_info=&#8221;{}&#8221;][et_pb_gallery gallery_ids=&#8221;8205,8206,8207,8208,8209,8210&#8243; fullwidth=&#8221;on&#8221; _builder_version=&#8221;4.21.0&#8243; _module_preset=&#8221;default&#8221; global_colors_info=&#8221;{}&#8221;][\/et_pb_gallery][\/et_pb_column][et_pb_column type=&#8221;3_5&#8243; _builder_version=&#8221;4.21.0&#8243; _module_preset=&#8221;default&#8221; global_colors_info=&#8221;{}&#8221;][et_pb_text _builder_version=&#8221;4.23&#8243; _module_preset=&#8221;default&#8221; text_text_color=&#8221;#EDECE3&#8243; header_text_color=&#8221;#EDECE3&#8243; header_font_size=&#8221;46px&#8221; header_2_text_color=&#8221;#EDECE3&#8243; header_2_font_size=&#8221;33px&#8221; global_colors_info=&#8221;{}&#8221;]<\/p>\n<h2><span lang=\"it\"><span style=\"font-size: x-large;\"><span>Giuseppe Di Luzio<\/span><\/span><\/span><\/h2>\n<p><span lang=\"it\"><span style=\"font-size: x-large;\"><span><\/span><\/span><\/span><\/p>\n<p>Giuseppe Di Luzio \u00e8 nato a Colle Zingaro ottantatre anni fa. Dal 1988 crea quadri con ricami su velluto. Con l\u2019ultimo, ancora non incorniciato, ha raggiunto il ragguardevole numero di cento unit\u00e0. Nella sua casa di Colle Zingaro ce ne sono solo alcuni, perch\u00e9 la maggior parte li ha regalati ad amici e parenti sparsi per il mondo: Francia, Belgio, ecc.<\/p>\n<p>[\/et_pb_text][\/et_pb_column][\/et_pb_row][\/et_pb_section][et_pb_section fb_built=&#8221;1&#8243; _builder_version=&#8221;4.21.0&#8243; _module_preset=&#8221;default&#8221; background_color=&#8221;#EDECE3&#8243; custom_padding=&#8221;32px||35px|||&#8221; global_colors_info=&#8221;{}&#8221;][et_pb_row column_structure=&#8221;3_5,2_5&#8243; _builder_version=&#8221;4.21.0&#8243; _module_preset=&#8221;default&#8221; custom_padding=&#8221;||38px|||&#8221; global_colors_info=&#8221;{}&#8221;][et_pb_column type=&#8221;3_5&#8243; _builder_version=&#8221;4.21.0&#8243; _module_preset=&#8221;default&#8221; global_colors_info=&#8221;{}&#8221;][et_pb_text _builder_version=&#8221;4.21.0&#8243; _module_preset=&#8221;default&#8221; header_font_size=&#8221;40px&#8221; global_colors_info=&#8221;{}&#8221;]<\/p>\n<h1>Camillo Ficca<\/h1>\n<p>Mi chiamo Camillo Ficca, vivo a Torricella Peligna, dove sono nato nel 1965. Ho sempre avuto una passione per l\u2019innovazione e le idee particolari.   <\/p>\n<p>Nel 2001, dopo aver lasciato una ditta dove mi ero specializzato nel settore metallurgico, decisi di andare a lavorare nella scuola per trasmettere agli altri le mie conoscenze. Avendo pi\u00f9 tempo a disposizione cominciai a sviluppare le mie idee per unirle alle mie capacit\u00e0. Riesco a costruire oggetti particolari, pezzi unici di ferro battuto.   <\/p>\n<p>&nbsp;<\/p>\n<p>Non disegno gli oggetti, semplicemente li creo seguendo l\u2019ispirazione del momento, questo vuol dire che il talento che si ha dentro, si sviluppa naturalmente; in questo caso il fuoco della forgia rappresenta la natura che viene in mio aiuto. Ogni anno presento i miei lavori a mostre e concorsi ed i giudizi e gli apprezzamenti della gente mi danno la forza e nuove idee per continuare. Di tutto ci\u00f2 sono orgoglioso, soprattutto per Torricella che \u00e8 un paese che ha dato vita a generazioni di artigiani di ogni genere.     <\/p>\n<p>Purtroppo oggi la cultura delle tradizioni e delle arti antiche si \u00e8 completamente persa e noi tutti ci dovremmo impegnare a conservare quel poco che \u00e8 rimasto, anche questo pu\u00f2 aiutare a tenere in vita questo paese. <\/p>\n<p>[\/et_pb_text][\/et_pb_column][et_pb_column type=&#8221;2_5&#8243; _builder_version=&#8221;4.21.0&#8243; _module_preset=&#8221;default&#8221; global_colors_info=&#8221;{}&#8221;][et_pb_gallery gallery_ids=&#8221;8211,8212,8213,8214,8215,8216,8217&#8243; fullwidth=&#8221;on&#8221; _builder_version=&#8221;4.21.0&#8243; _module_preset=&#8221;default&#8221; global_colors_info=&#8221;{}&#8221;][\/et_pb_gallery][\/et_pb_column][\/et_pb_row][\/et_pb_section][et_pb_section fb_built=&#8221;1&#8243; _builder_version=&#8221;4.21.0&#8243; _module_preset=&#8221;default&#8221; background_color=&#8221;#343A40&#8243; custom_padding=&#8221;32px||35px|||&#8221; global_colors_info=&#8221;{}&#8221;][et_pb_row column_structure=&#8221;2_5,3_5&#8243; _builder_version=&#8221;4.21.0&#8243; _module_preset=&#8221;default&#8221; custom_padding=&#8221;||38px|||&#8221; global_colors_info=&#8221;{}&#8221;][et_pb_column type=&#8221;2_5&#8243; _builder_version=&#8221;4.21.0&#8243; _module_preset=&#8221;default&#8221; global_colors_info=&#8221;{}&#8221;][et_pb_gallery gallery_ids=&#8221;8222,8219,8220,8221,8223,8224&#8243; fullwidth=&#8221;on&#8221; _builder_version=&#8221;4.23&#8243; _module_preset=&#8221;default&#8221; global_colors_info=&#8221;{}&#8221;][\/et_pb_gallery][\/et_pb_column][et_pb_column type=&#8221;3_5&#8243; _builder_version=&#8221;4.21.0&#8243; _module_preset=&#8221;default&#8221; global_colors_info=&#8221;{}&#8221;][et_pb_text _builder_version=&#8221;4.23&#8243; _module_preset=&#8221;default&#8221; text_text_color=&#8221;#EDECE3&#8243; header_text_color=&#8221;#EDECE3&#8243; header_font_size=&#8221;40px&#8221; global_colors_info=&#8221;{}&#8221;]<\/p>\n<h1>Pasquale Imbastaro<\/h1>\n<p>&nbsp;<\/p>\n<p>Il padre di Pasquale Ennio Imbastaro \u00e8 di Torricella Peligna e la madre di Pescocostanzo, in provincia dell&#8217;Aquila. <\/p>\n<p>Fin da bambino Pasquale ha nutrito un grande interesse per tutte le forme d&#8217;arte, dal disegno alla pittura. Poi, ha realizzato il suo sogno di diventare un artigiano di alta gioielleria. Dopo il diploma all&#8217;Istituto d&#8217;Arte di Lanciano, ha frequentato una scuola di gioielleria a Sulmona (Nuova Scuola Orafa Sulmonese). Ha poi partecipato a un corso tenuto da un maestro gioielliere a Sulmona. Con l&#8217;esperienza e la formazione tecnica acquisita, ha iniziato a realizzare gioielli e a partecipare a numerose mostre. Ha organizzato diverse sfilate di moda a Torricella Peligna, che hanno evidenziato la sua grande passione per questa forma d&#8217;arte. Sono diventati eventi molto attesi che danno alla citt\u00e0 un certo prestigio e notoriet\u00e0. Il 12 agosto 2006 ha realizzato il suo sogno aprendo un laboratorio di gioielli, &#8220;Il Soffio di Horus&#8221;, nome tratto dal suo libro preferito. \u00c8 qui che cerca l&#8217;ispirazione per creare i suoi gioielli, utilizzando tecniche elaborate come la filigrana e il montaggio di gemme. I suoi disegni moderni e stilizzati sono estremamente unici e alla moda.<\/p>\n<p>[\/et_pb_text][\/et_pb_column][\/et_pb_row][\/et_pb_section][et_pb_section fb_built=&#8221;1&#8243; _builder_version=&#8221;4.23&#8243; _module_preset=&#8221;default&#8221; background_color=&#8221;#EDECE3&#8243; custom_padding=&#8221;32px||35px|||&#8221; global_colors_info=&#8221;{}&#8221;][et_pb_row column_structure=&#8221;3_5,2_5&#8243; _builder_version=&#8221;4.21.0&#8243; _module_preset=&#8221;default&#8221; custom_padding=&#8221;||38px|||&#8221; global_colors_info=&#8221;{}&#8221;][et_pb_column type=&#8221;3_5&#8243; _builder_version=&#8221;4.21.0&#8243; _module_preset=&#8221;default&#8221; global_colors_info=&#8221;{}&#8221;][et_pb_text _builder_version=&#8221;4.23&#8243; _module_preset=&#8221;default&#8221; text_text_color=&#8221;#100F0D&#8221; header_text_color=&#8221;#100F0D&#8221; header_font_size=&#8221;40px&#8221; global_colors_info=&#8221;{}&#8221;]<\/p>\n<h1>Serafina Zinni<\/h1>\n<p>&nbsp;<\/p>\n<p>Serafina \u00e8 di Roccascalegna, ma vive a Torricella con suo marito Nicola Natale che \u00e8 nato in Paese. E\u2019 molto brava a ricamare con la macchina, ma non usa i programmi automatici, bens\u00ec crea i propri disegni e li realizza a mano libera. La tecnica si chiama \u201cMANO-MACCHINA\u201d. Insegna all\u2019 I.P.I.A. (Istituto Professionale Italiano di Artigianato) ad Ortona.   <\/p>\n<p>[\/et_pb_text][\/et_pb_column][et_pb_column type=&#8221;2_5&#8243; _builder_version=&#8221;4.21.0&#8243; _module_preset=&#8221;default&#8221; global_colors_info=&#8221;{}&#8221;][et_pb_gallery gallery_ids=&#8221;8230,8231,8234,8232,8233&#8243; fullwidth=&#8221;on&#8221; _builder_version=&#8221;4.21.0&#8243; _module_preset=&#8221;default&#8221; global_colors_info=&#8221;{}&#8221;][\/et_pb_gallery][\/et_pb_column][\/et_pb_row][\/et_pb_section]<\/p>\n","protected":false},"excerpt":{"rendered":"<p>Sono molti gli artigiani a Torricella Peligna. Ce ne sono molti anche altrove con radici a Torricella. Scopri di pi\u00f9 su chi sono e cosa fanno.Marialuisa (Lisa) Di Fabrizio &nbsp; &nbsp; Marialuisa (Lisa) Di Fabrizio \u00e8 un\u2019appassionata di decoupage pittorico, a cui si dedica nel tempo libero con risultati sorprendenti. Lisa ha tramandato l\u2019arte di [&hellip;]<\/p>\n","protected":false},"author":1,"featured_media":0,"parent":0,"menu_order":0,"comment_status":"closed","ping_status":"closed","template":"","meta":{"_et_pb_use_builder":"on","_et_pb_old_content":"","_et_gb_content_width":"","_uf_show_specific_survey":0,"_uf_disable_surveys":false,"iawp_total_views":55,"footnotes":""},"class_list":["post-9103","page","type-page","status-publish","hentry"],"_links":{"self":[{"href":"https:\/\/torricellapeligna.org\/it\/wp-json\/wp\/v2\/pages\/9103","targetHints":{"allow":["GET"]}}],"collection":[{"href":"https:\/\/torricellapeligna.org\/it\/wp-json\/wp\/v2\/pages"}],"about":[{"href":"https:\/\/torricellapeligna.org\/it\/wp-json\/wp\/v2\/types\/page"}],"author":[{"embeddable":true,"href":"https:\/\/torricellapeligna.org\/it\/wp-json\/wp\/v2\/users\/1"}],"replies":[{"embeddable":true,"href":"https:\/\/torricellapeligna.org\/it\/wp-json\/wp\/v2\/comments?post=9103"}],"version-history":[{"count":15,"href":"https:\/\/torricellapeligna.org\/it\/wp-json\/wp\/v2\/pages\/9103\/revisions"}],"predecessor-version":[{"id":207843,"href":"https:\/\/torricellapeligna.org\/it\/wp-json\/wp\/v2\/pages\/9103\/revisions\/207843"}],"wp:attachment":[{"href":"https:\/\/torricellapeligna.org\/it\/wp-json\/wp\/v2\/media?parent=9103"}],"curies":[{"name":"wp","href":"https:\/\/api.w.org\/{rel}","templated":true}]}}