{"id":9156,"date":"2023-06-02T11:06:29","date_gmt":"2023-06-02T11:06:29","guid":{"rendered":"https:\/\/torricellapeligna.org\/dialetto\/"},"modified":"2023-08-09T10:59:53","modified_gmt":"2023-08-09T10:59:53","slug":"dialetto","status":"publish","type":"page","link":"https:\/\/torricellapeligna.org\/it\/dialetto\/","title":{"rendered":"Dialetto"},"content":{"rendered":"<p>[et_pb_section fb_built=&#8221;1&#8243; _builder_version=&#8221;4.21.0&#8243; _module_preset=&#8221;default&#8221; background_color=&#8221;#EDECE3&#8243; global_colors_info=&#8221;{}&#8221;][et_pb_row _builder_version=&#8221;4.21.0&#8243; _module_preset=&#8221;default&#8221; custom_padding=&#8221;24px||44px|||&#8221; global_colors_info=&#8221;{}&#8221; custom_margin=&#8221;-3px|auto||auto||&#8221;][et_pb_column type=&#8221;4_4&#8243; _builder_version=&#8221;4.21.0&#8243; _module_preset=&#8221;default&#8221; global_colors_info=&#8221;{}&#8221;][et_pb_text _builder_version=&#8221;4.21.0&#8243; _module_preset=&#8221;default&#8221; header_font_size=&#8221;44px&#8221; global_colors_info=&#8221;{}&#8221;]<\/p>\n<h1 style=\"text-align: left;\">Dialetto<\/h1>\n<p>&nbsp;<\/p>\n<p style=\"text-align: left;\">Per fornire un contesto, i dialetti (ovvero le variet\u00e0 regionali di una lingua) sono evoluti dal latino in tutta Italia come risultato dell\u2019instabilit\u00e0 politica presente nel paese dal periodo subito dopo la caduta dell\u2019Impero Romano fino all\u2019unificazione d\u2019Italia nel 19imo secolo. Per saperne di pi\u00f9 sui dialetti italiani, vedere <span> <\/span><a target=\"_blank\" href=\"http:\/\/en.wikipedia.org\/wiki\/Dialects_of_Italian\" rel=\"noopener\">DIALETTO. <\/a>.<\/p>\n<p style=\"text-align: left;\">La standardizzazione della lingua divent\u00f2 un obiettivo nazionale e, sebbene abbia facilitato notevolmente il progresso economico, ha fatto svanire lentamente i dialetti nella storia. Le parole e le frasi in dialetto permettono a molti di noi di connetterci con i ricordi cari dei nostri antenati, e quindi non vogliamo perderle. Su questa pagina, vogliamo richiamare al presente il dialetto di Torricella Peligna. La costruiremo con il vostro aiuto. Inviateci la\/e vostra\/e parola\/e, fornendoci sia la parola o frase in dialetto e la sua traduzione in italiano o inglese. Se avete una storia associata a tale parola o frase in dialetto, includetela. \u00c8 bene notare che gli agricoltori (contadini) avevano un loro proprio dialetto nel dialetto di Torricella. Quando ci\u00f2 \u00e8 noto, una nota \u00e8 inclusa sotto. Un esempio divertente usando il dialetto locale:        <\/p>\n<blockquote>\n<p>I Torricellani vengono chiamati dai Fallascosani \u201c<a href=\"http:\/\/www.torricellapeligna.com\/Nicknames.htm#Coccialuonghe\" target=\"_blank\" rel=\"noopener\">Coccialuonghe<\/a>\u201d ossia \u201ctesta lunga\u201d I Fallascosani vengono chiamati dai Torricellani \u201cVisciariel\u201d che dovrebbe significare &#8216;piccoli fagioli bianchi&#8217;. Quelli di Roccascalegna sono &#8220;Li fruscillare di la Rocca&#8221;, perch\u00e8 facevano le fruscielle ossia i contenitori di vimini per fare la ricotta e quelli di Pennadomo &#8220;Li crapinare di la Penna&#8221; perch\u00e8 probabilmente avevano delle greggi di capre. <\/p>\n<\/blockquote>\n<p style=\"text-align: left;\">\u00c8 bene osservare che in dialetto, la vocale finale di solito non viene pronunciata con la forza e pienezza caratteristica della vocale finale dell\u2019italiano tradizionale. In dialetto, la vocale finale \u00e8 come muta, avente un suono simile ad \u201ceh\u201d in italiano oppure \u201cuh\u201d in inglese, ci\u00f2 che in linguistica \u00e8 denominato il suono \u201cschwa&#8221;.<\/p>\n<p>[\/et_pb_text][\/et_pb_column][\/et_pb_row][et_pb_row _builder_version=&#8221;4.21.0&#8243; _module_preset=&#8221;default&#8221; global_colors_info=&#8221;{}&#8221;][et_pb_column type=&#8221;4_4&#8243; _builder_version=&#8221;4.21.0&#8243; _module_preset=&#8221;default&#8221; global_colors_info=&#8221;{}&#8221;][et_pb_code _builder_version=&#8221;4.21.0&#8243; _module_preset=&#8221;default&#8221; global_colors_info=&#8221;{}&#8221;]\n<table id=\"tablepress-1\" class=\"tablepress tablepress-id-1 tablepress-responsive tablepress-responsive-stack-headers tablepress-responsive-stack-phone\">\n<thead>\n<tr class=\"row-1\">\n\t<th class=\"column-1\">Torricellano<\/th><th class=\"column-2\">Italiano \/ Italian<\/th><th class=\"column-3\">Inglese \/ English<\/th>\n<\/tr>\n<\/thead>\n<tbody class=\"row-striping row-hover\">\n<tr class=\"row-2\">\n\t<td class=\"column-1\"><\/td><td class=\"column-2\"><\/td><td class=\"column-3\"><\/td>\n<\/tr>\n<tr class=\"row-3\">\n\t<td class=\"column-1\">l'Abruzze<\/td><td class=\"column-2\">L'Abruzzo<\/td><td class=\"column-3\">the Abruzzo Region<\/td>\n<\/tr>\n<tr class=\"row-4\">\n\t<td class=\"column-1\">\u2019A bball p\u00e9 l\u2019 fuosse<\/td><td class=\"column-2\">in gi\u00f9 per i fossi<\/td><td class=\"column-3\">down the ravines or ditches<\/td>\n<\/tr>\n<tr class=\"row-5\">\n\t<td class=\"column-1\">Add\u00f2 sti?<\/td><td class=\"column-2\">dove stai?<\/td><td class=\"column-3\">where are you?<\/td>\n<\/tr>\n<tr class=\"row-6\">\n\t<td class=\"column-1\">addore<\/td><td class=\"column-2\">odora<\/td><td class=\"column-3\">it smells<\/td>\n<\/tr>\n<tr class=\"row-7\">\n\t<td class=\"column-1\">arifiat\u00e0<\/td><td class=\"column-2\">respirare<\/td><td class=\"column-3\">to breathe<\/td>\n<\/tr>\n<tr class=\"row-8\">\n\t<td class=\"column-1\">arialate<\/td><td class=\"column-2\">regalato<\/td><td class=\"column-3\">given\/gifted (as a present) (for a low price)<\/td>\n<\/tr>\n<tr class=\"row-9\">\n\t<td class=\"column-1\">aricuordete<\/td><td class=\"column-2\">ricordati<\/td><td class=\"column-3\">remember!<\/td>\n<\/tr>\n<tr class=\"row-10\">\n\t<td class=\"column-1\">arisponne<\/td><td class=\"column-2\">rispondere<\/td><td class=\"column-3\">to reply<\/td>\n<\/tr>\n<tr class=\"row-11\">\n\t<td class=\"column-1\">li cacchi<\/td><td class=\"column-2\">di salsiccia: pezzi di salsiccia<\/td><td class=\"column-3\">chopped pieces of sausage.<\/td>\n<\/tr>\n<tr class=\"row-12\">\n\t<td class=\"column-1\">la cannele<\/td><td class=\"column-2\">la candela<\/td><td class=\"column-3\">candle<\/td>\n<\/tr>\n<tr class=\"row-13\">\n\t<td class=\"column-1\">La capabballe<\/td><td class=\"column-2\">la discesa<\/td><td class=\"column-3\">a descent, way down<\/td>\n<\/tr>\n<tr class=\"row-14\">\n\t<td class=\"column-1\">La capammonde<\/td><td class=\"column-2\">la salita<\/td><td class=\"column-3\">a hill, a way up<\/td>\n<\/tr>\n<tr class=\"row-15\">\n\t<td class=\"column-1\">li capille<\/td><td class=\"column-2\">i capelli<\/td><td class=\"column-3\">hair<\/td>\n<\/tr>\n<tr class=\"row-16\">\n\t<td class=\"column-1\">lu callaruccie<\/td><td class=\"column-2\">pentolino di coccio da 1 lt in cui si cuocevano i fagioli, sul focolare<\/td><td class=\"column-3\">a small 1 litre saucepan (pot) in which they used to cook beans on the hearth<\/td>\n<\/tr>\n<tr class=\"row-17\">\n\t<td class=\"column-1\">La callare<\/td><td class=\"column-2\">Pentolone di rame da 50 - 100 lt in cui si riscalda l'acqua sul focolare<\/td><td class=\"column-3\">a huge 50-100 litre saucepan in which water was heated on the hearth<\/td>\n<\/tr>\n<tr class=\"row-18\">\n\t<td class=\"column-1\">cagnate<\/td><td class=\"column-2\">cambiato<\/td><td class=\"column-3\">changed<\/td>\n<\/tr>\n<tr class=\"row-19\">\n\t<td class=\"column-1\">li celli pieni<\/td><td class=\"column-2\">letteralmente uccelli ripieni perch\u00e8 nella forma assomigliano a dei passerotti ,sono dei dolci ripieni con il sanguinaccio e mandorle tritate<\/td><td class=\"column-3\">literally means filled birds \u2013 these are cakes that look like young sparrows, they are filled with sanguinaccio and chopped almonds<\/td>\n<\/tr>\n<tr class=\"row-20\">\n\t<td class=\"column-1\">chiane chiane<\/td><td class=\"column-2\">piano piano<\/td><td class=\"column-3\">slowly or gently<\/td>\n<\/tr>\n<tr class=\"row-21\">\n\t<td class=\"column-1\">nienti cchi\u00f9<\/td><td class=\"column-2\">niente pi\u00f9<\/td><td class=\"column-3\">nothing more<\/td>\n<\/tr>\n<tr class=\"row-22\">\n\t<td class=\"column-1\">la chittrole<\/td><td class=\"column-2\">Pentola di rame da 20-25 lt<\/td><td class=\"column-3\">big copper saucepan of 20-25 litres<\/td>\n<\/tr>\n<tr class=\"row-23\">\n\t<td class=\"column-1\">la ciuminiere<\/td><td class=\"column-2\">il camino<\/td><td class=\"column-3\">chimney<\/td>\n<\/tr>\n<tr class=\"row-24\">\n\t<td class=\"column-1\">la coppa<\/td><td class=\"column-2\">E' una specie di mortadellona fatta con i residui della testa del maiale.<\/td><td class=\"column-3\">a sort of large mortadella made from the leftover pieces from the pig\u2019s head.<\/td>\n<\/tr>\n<tr class=\"row-25\">\n\t<td class=\"column-1\">lu core<\/td><td class=\"column-2\">il cuore<\/td><td class=\"column-3\">heart<\/td>\n<\/tr>\n<tr class=\"row-26\">\n\t<td class=\"column-1\">la cucchiare<\/td><td class=\"column-2\">il cucchiaio<\/td><td class=\"column-3\">large spoon<\/td>\n<\/tr>\n<tr class=\"row-27\">\n\t<td class=\"column-1\">lu cucchiarine<\/td><td class=\"column-2\">il cucchiaino<\/td><td class=\"column-3\">small spoon<\/td>\n<\/tr>\n<tr class=\"row-28\">\n\t<td class=\"column-1\">lu curtelle<\/td><td class=\"column-2\">il coltello<\/td><td class=\"column-3\">knife<\/td>\n<\/tr>\n<tr class=\"row-29\">\n\t<td class=\"column-1\">fiia<\/td><td class=\"column-2\">figlia<\/td><td class=\"column-3\">daughter<\/td>\n<\/tr>\n<tr class=\"row-30\">\n\t<td class=\"column-1\">la frissora<\/td><td class=\"column-2\">la padella in cui si frigge sul fuoco<\/td><td class=\"column-3\">the frying pan in which they fry over the fire<\/td>\n<\/tr>\n<tr class=\"row-31\">\n\t<td class=\"column-1\">la fronna<\/td><td class=\"column-2\">la foglia<\/td><td class=\"column-3\">leaf<\/td>\n<\/tr>\n<tr class=\"row-32\">\n\t<td class=\"column-1\">la furcine<\/td><td class=\"column-2\">la forchetta<\/td><td class=\"column-3\">fork<\/td>\n<\/tr>\n<tr class=\"row-33\">\n\t<td class=\"column-1\">la furnacelle<\/td><td class=\"column-2\">il barbacue<\/td><td class=\"column-3\">barbecue or small wood burning iron oven<\/td>\n<\/tr>\n<tr class=\"row-34\">\n\t<td class=\"column-1\">a grascie<\/td><td class=\"column-2\">in abbondanza<\/td><td class=\"column-3\">plentiful<\/td>\n<\/tr>\n<tr class=\"row-35\">\n\t<td class=\"column-1\">ioie<\/td><td class=\"column-2\">io<\/td><td class=\"column-3\">I (typically, peasant use)<\/td>\n<\/tr>\n<tr class=\"row-36\">\n\t<td class=\"column-1\">tieue<\/td><td class=\"column-2\">tu<\/td><td class=\"column-3\">you (singular, familiar)<\/td>\n<\/tr>\n<tr class=\"row-37\">\n\t<td class=\"column-1\">esse<\/td><td class=\"column-2\">lui, egli<\/td><td class=\"column-3\">he (very formal you singular)<\/td>\n<\/tr>\n<tr class=\"row-38\">\n\t<td class=\"column-1\">nieue<\/td><td class=\"column-2\">noi<\/td><td class=\"column-3\">we<\/td>\n<\/tr>\n<tr class=\"row-39\">\n\t<td class=\"column-1\">vieuvve<\/td><td class=\"column-2\">voi<\/td><td class=\"column-3\">you (plural or semi-formal singular)<\/td>\n<\/tr>\n<tr class=\"row-40\">\n\t<td class=\"column-1\">isse<\/td><td class=\"column-2\">essi , loro<\/td><td class=\"column-3\">they<\/td>\n<\/tr>\n<tr class=\"row-41\">\n\t<td class=\"column-1\">lu<\/td><td class=\"column-2\">il<\/td><td class=\"column-3\">definite article \u2013 the (masculine singular)<\/td>\n<\/tr>\n<tr class=\"row-42\">\n\t<td class=\"column-1\">la<\/td><td class=\"column-2\">la<\/td><td class=\"column-3\">definite article \u2013 the (feminine singular)<\/td>\n<\/tr>\n<tr class=\"row-43\">\n\t<td class=\"column-1\">li<\/td><td class=\"column-2\">gli<\/td><td class=\"column-3\">definite article \u2013 the (plural)<\/td>\n<\/tr>\n<tr class=\"row-44\">\n\t<td class=\"column-1\">la lune<\/td><td class=\"column-2\">la luna<\/td><td class=\"column-3\">the moon<\/td>\n<\/tr>\n<tr class=\"row-45\">\n\t<td class=\"column-1\">luntane<\/td><td class=\"column-2\">lontano<\/td><td class=\"column-3\">far<\/td>\n<\/tr>\n<tr class=\"row-46\">\n\t<td class=\"column-1\">luccicappelle<\/td><td class=\"column-2\">lucciola<\/td><td class=\"column-3\">glow-worm, firefly<\/td>\n<\/tr>\n<tr class=\"row-47\">\n\t<td class=\"column-1\">mammone<\/td><td class=\"column-2\">nonna,<\/td><td class=\"column-3\">grandmother<\/td>\n<\/tr>\n<tr class=\"row-48\">\n\t<td class=\"column-1\">manche<\/td><td class=\"column-2\">neanche<\/td><td class=\"column-3\">not even<\/td>\n<\/tr>\n<tr class=\"row-49\">\n\t<td class=\"column-1\">mi n'addone<\/td><td class=\"column-2\">me ne accorgo<\/td><td class=\"column-3\">I understand it<\/td>\n<\/tr>\n<tr class=\"row-50\">\n\t<td class=\"column-1\">malamente<\/td><td class=\"column-2\">cattivo<\/td><td class=\"column-3\">bad, wicked, naughty, badly, rudely<\/td>\n<\/tr>\n<tr class=\"row-51\">\n\t<td class=\"column-1\">la mandiere<\/td><td class=\"column-2\">il grembiule<\/td><td class=\"column-3\">the apron<\/td>\n<\/tr>\n<tr class=\"row-52\">\n\t<td class=\"column-1\">lu misale<\/td><td class=\"column-2\">il tovaglia<\/td><td class=\"column-3\">the table cloth<\/td>\n<\/tr>\n<tr class=\"row-53\">\n\t<td class=\"column-1\">lu misticotte<\/td><td class=\"column-2\">Bevanda liquorosa ricavata cuocendo il mosto del vino<\/td><td class=\"column-3\">a dessert wine extracted from the cooking the wine\u2019s \"must\" (made from grapes that are pressed and cooked)<\/td>\n<\/tr>\n<tr class=\"row-54\">\n\t<td class=\"column-1\">m'bacce<\/td><td class=\"column-2\">di fronte<\/td><td class=\"column-3\">facing, in front<\/td>\n<\/tr>\n<tr class=\"row-55\">\n\t<td class=\"column-1\">mo'<\/td><td class=\"column-2\">adesso<\/td><td class=\"column-3\">now<\/td>\n<\/tr>\n<tr class=\"row-56\">\n\t<td class=\"column-1\">moie<\/td><td class=\"column-2\">la moglie<\/td><td class=\"column-3\">wife<\/td>\n<\/tr>\n<tr class=\"row-57\">\n\t<td class=\"column-1\">mo sci<\/td><td class=\"column-2\">adesso si<\/td><td class=\"column-3\">yes, now I understand<\/td>\n<\/tr>\n<tr class=\"row-58\">\n\t<td class=\"column-1\">muntagne<\/td><td class=\"column-2\">la montagna<\/td><td class=\"column-3\">mountain<\/td>\n<\/tr>\n<tr class=\"row-59\">\n\t<td class=\"column-1\">n'allucc\u00e0<\/td><td class=\"column-2\">non strillare<\/td><td class=\"column-3\">don\u2019t scream<\/td>\n<\/tr>\n<tr class=\"row-60\">\n\t<td class=\"column-1\">nan' zi<\/td><td class=\"column-2\">un poco<\/td><td class=\"column-3\">a little<\/td>\n<\/tr>\n<tr class=\"row-61\">\n\t<td class=\"column-1\">na freche<\/td><td class=\"column-2\">parecchio<\/td><td class=\"column-3\">a lot, much<\/td>\n<\/tr>\n<tr class=\"row-62\">\n\t<td class=\"column-1\">n'cime<\/td><td class=\"column-2\">sopra<\/td><td class=\"column-3\">above<\/td>\n<\/tr>\n<tr class=\"row-63\">\n\t<td class=\"column-1\">niende<\/td><td class=\"column-2\">niente<\/td><td class=\"column-3\">nothing<\/td>\n<\/tr>\n<tr class=\"row-64\">\n\t<td class=\"column-1\">none<\/td><td class=\"column-2\">no<\/td><td class=\"column-3\">no<\/td>\n<\/tr>\n<tr class=\"row-65\">\n\t<td class=\"column-1\">la ninguende<\/td><td class=\"column-2\">la neve<\/td><td class=\"column-3\">snow<\/td>\n<\/tr>\n<tr class=\"row-66\">\n\t<td class=\"column-1\">palazze<\/td><td class=\"column-2\">il palazzo<\/td><td class=\"column-3\">a building, palace<\/td>\n<\/tr>\n<tr class=\"row-67\">\n\t<td class=\"column-1\">pisciarocco<\/td><td class=\"column-2\">stalattiti<\/td><td class=\"column-3\">icicles<\/td>\n<\/tr>\n<tr class=\"row-68\">\n\t<td class=\"column-1\">la pignatelle<\/td><td class=\"column-2\">piccolo tegame di coccio<\/td><td class=\"column-3\">small earthenware skillet, frying pan<\/td>\n<\/tr>\n<tr class=\"row-69\">\n\t<td class=\"column-1\">li piparuole<\/td><td class=\"column-2\">il peperone<\/td><td class=\"column-3\">pepper<\/td>\n<\/tr>\n<tr class=\"row-70\">\n\t<td class=\"column-1\">le pizzelle<\/td><td class=\"column-2\">sono dolci abruzzesi che si fanno con un impasto di uova e farina , molto lento, si prende un cucchiaio di questo impasto e si posa entro un apposito ferro fatta come una grossa pinza . Si fa cuocere appena sul fuoco e si mangiano dopo averle fatte raffreddare.<\/td><td class=\"column-3\">sweet cakes\/biscuits from Abruzzo which are made from a very loose batter of eggs and flour; a spoonful of this batter is placed into an iron made like pincers which is then closed and used to cook quickly over a fire. The pizzelle are allowed to cool before eating.<\/td>\n<\/tr>\n<tr class=\"row-71\">\n\t<td class=\"column-1\">lu prisilelle<\/td><td class=\"column-2\">piccolo sedile ricavato da un tronco di albero<\/td><td class=\"column-3\">a small seat made from a severed tree trunk<\/td>\n<\/tr>\n<tr class=\"row-72\">\n\t<td class=\"column-1\">lu purcelle<\/td><td class=\"column-2\">il maiale<\/td><td class=\"column-3\">the pig<\/td>\n<\/tr>\n<tr class=\"row-73\">\n\t<td class=\"column-1\">salsicce pazze<\/td><td class=\"column-2\">salsicce fatte con carne di maiale e tenerami<\/td><td class=\"column-3\">sausages made with pork and \"tenerami\"<\/td>\n<\/tr>\n<tr class=\"row-74\">\n\t<td class=\"column-1\">li salsicciotti<\/td><td class=\"column-2\">salamini soppressati, salame di maiale fatto in casa, quelli di Torricella sono squisiti<\/td><td class=\"column-3\">large pressed salamis, home-made pork salami \u2013 those from Torricella are delicious.<\/td>\n<\/tr>\n<tr class=\"row-75\">\n\t<td class=\"column-1\">lu sanguinaccie<\/td><td class=\"column-2\">e' una specie di marmellata che si fa con il sangue del maiale( non ti so dire bene come si fa ma c'\u00e8 la cioccolata in mezzo). E' molto buona e si spalma sul pane<\/td><td class=\"column-3\">is a sort of \"jam\" or spread that is made using pig\u2019s blood, usually mixed with chocolate. It tastes very good when spread on bread.<\/td>\n<\/tr>\n<tr class=\"row-76\">\n\t<td class=\"column-1\">la scannatora<\/td><td class=\"column-2\">una specie di tavolo dove veniva appoggiato il maiale per ammazzarlo.<\/td><td class=\"column-3\">a sort of table to put the pig on for killing it.<\/td>\n<\/tr>\n<tr class=\"row-77\">\n\t<td class=\"column-1\">scine<\/td><td class=\"column-2\">si<\/td><td class=\"column-3\">yes<\/td>\n<\/tr>\n<tr class=\"row-78\">\n\t<td class=\"column-1\">la scienele<\/td><td class=\"column-2\">L'ala del pollo<\/td><td class=\"column-3\">chicken wing<\/td>\n<\/tr>\n<tr class=\"row-79\">\n\t<td class=\"column-1\">la seggie<\/td><td class=\"column-2\">la sedia<\/td><td class=\"column-3\">the chair<\/td>\n<\/tr>\n<tr class=\"row-80\">\n\t<td class=\"column-1\">li sfrivoli<\/td><td class=\"column-2\">sono dei tocchetti di carne di maiale presi nella zona delle costole e si friggono in abbondante olio di oliva e spicchi di aglio<\/td><td class=\"column-3\">tiny pieces of pork from near the ribs which are fried with cloves of garlic in copious amounts of olive oil<\/td>\n<\/tr>\n<tr class=\"row-81\">\n\t<td class=\"column-1\">lu silustre<\/td><td class=\"column-2\">i fulmini<\/td><td class=\"column-3\">lightning<\/td>\n<\/tr>\n<tr class=\"row-82\">\n\t<td class=\"column-1\">lu sole<\/td><td class=\"column-2\">il sole<\/td><td class=\"column-3\">the sun<\/td>\n<\/tr>\n<tr class=\"row-83\">\n\t<td class=\"column-1\">nu surrise belle<\/td><td class=\"column-2\">un sorriso bello<\/td><td class=\"column-3\">a beautiful smile<\/td>\n<\/tr>\n<tr class=\"row-84\">\n\t<td class=\"column-1\">li stelle<\/td><td class=\"column-2\">le stelle<\/td><td class=\"column-3\">the stars<\/td>\n<\/tr>\n<tr class=\"row-85\">\n\t<td class=\"column-1\">la tavela<\/td><td class=\"column-2\">la tavola<\/td><td class=\"column-3\">the table<\/td>\n<\/tr>\n<tr class=\"row-86\">\n\t<td class=\"column-1\">a tai<\/td><td class=\"column-2\">a te<\/td><td class=\"column-3\">to you (typically, peasant use)<\/td>\n<\/tr>\n<tr class=\"row-87\">\n\t<td class=\"column-1\">tatone<\/td><td class=\"column-2\">nonno<\/td><td class=\"column-3\">grandfather<\/td>\n<\/tr>\n<tr class=\"row-88\">\n\t<td class=\"column-1\">Lu ticchiarelle<\/td><td class=\"column-2\">tronchetto di legno che brucia pian piano entro il focolare<\/td><td class=\"column-3\">a log of wood that burns very slowly in the hearth<\/td>\n<\/tr>\n<tr class=\"row-89\">\n\t<td class=\"column-1\">li tenerami<\/td><td class=\"column-2\">ossa tenere, la cartilagene<\/td><td class=\"column-3\">tender bones, cartilage<\/td>\n<\/tr>\n<tr class=\"row-90\">\n\t<td class=\"column-1\">lu tone<\/td><td class=\"column-2\">il tuono<\/td><td class=\"column-3\">thunder<\/td>\n<\/tr>\n<tr class=\"row-91\">\n\t<td class=\"column-1\">tozzele<\/td><td class=\"column-2\">bussa ( bussare)<\/td><td class=\"column-3\">to knock<\/td>\n<\/tr>\n<tr class=\"row-92\">\n\t<td class=\"column-1\">lu tragne<\/td><td class=\"column-2\">e' un recipiente di stagno che contiene circa 25 lt, ha un manico mobile, \u00e8 il recipiente pi\u00f9 utilizzato dai contadini<\/td><td class=\"column-3\">a metal container holding about 25 litres, it has a moveable handle and is the receptacle most used by peasants.<\/td>\n<\/tr>\n<tr class=\"row-93\">\n\t<td class=\"column-1\">lu trocco<\/td><td class=\"column-2\">e' la mangiatoia del maiale<\/td><td class=\"column-3\">is the feeding trough for the pig.<\/td>\n<\/tr>\n<tr class=\"row-94\">\n\t<td class=\"column-1\">Trucell<\/td><td class=\"column-2\">Torricella<\/td><td class=\"column-3\">Torricella<\/td>\n<\/tr>\n<tr class=\"row-95\">\n\t<td class=\"column-1\">uocchie nire<\/td><td class=\"column-2\">occhi neri<\/td><td class=\"column-3\">brown eyes<\/td>\n<\/tr>\n<tr class=\"row-96\">\n\t<td class=\"column-1\">lu uamigliere<\/td><td class=\"column-2\">e\u2019 un attrezzo di legno di quercia fatto come due braccia allargate e serve per appendere il maiale a testa in giu dopo che e\u2019 stato ammazzato, in modo che si ripulisca di tutto il sangue.Si infila nelle tendini delle zampe posteriori<\/td><td class=\"column-3\">is a wooden tool made of oak with two side arms that is used to hang the pig head-down after it has been killed so that the blood can all pour out. It is inserted into the tendons of the trotters of the hind legs<\/td>\n<\/tr>\n<tr class=\"row-97\">\n\t<td class=\"column-1\">La vasanicola<\/td><td class=\"column-2\">il basilico<\/td><td class=\"column-3\">basil<\/td>\n<\/tr>\n<tr class=\"row-98\">\n\t<td class=\"column-1\">lu vrasciere<\/td><td class=\"column-2\">il braciere<\/td><td class=\"column-3\">brazier<\/td>\n<\/tr>\n<tr class=\"row-99\">\n\t<td class=\"column-1\">Vuoira<\/td><td class=\"column-2\">il vento gelido che soffia da Nord est, un vento invernale che porta freddo, neve e vento. In Italiano si chiama la Bora, \u00e8 il vento che soffia molto forte a Trieste, si incanala entro il mare Adriatico ed arriva sino alla Puglia. In Abruzzo , in particolare nella zona di Torricella, essendo alta 900 mt sul livello del mare, ci va a sbattere controe se lo prende tutto. Quando soffia la Bora fischia in un modo molto particolare e da proprio il senso del freddo gelido.<\/td><td class=\"column-3\">an icy wind that blows from the North-East, a winter wind that brings the cold, snow and strong winds. In Italian it is called the Bora and it blows really strongly at Trieste, from where it flows straight down the Adriatic and reaches as far as Puglia. In Abruzzo, and especially in the zone of Torricella, which is at 900 metres above sea level, it really hits hard and takes everything with it. When it blows, the Bora whistles in a particular way that really gives a sense of icy coldness.<\/td>\n<\/tr>\n<tr class=\"row-100\">\n\t<td class=\"column-1\">ti vuoie bene<\/td><td class=\"column-2\">Ti voglio bene<\/td><td class=\"column-3\">I love you<\/td>\n<\/tr>\n<tr class=\"row-101\">\n\t<td class=\"column-1\">ti vuoie tante bene<\/td><td class=\"column-2\">Ti voglio tanto bene<\/td><td class=\"column-3\">I love you very much<\/td>\n<\/tr>\n<tr class=\"row-102\">\n\t<td class=\"column-1\">ti vuoie vascia<\/td><td class=\"column-2\">Ti voglio baciare<\/td><td class=\"column-3\">I want to kiss you<\/td>\n<\/tr>\n<tr class=\"row-103\">\n\t<td class=\"column-1\">vi nghi me<\/td><td class=\"column-2\">vieni con me<\/td><td class=\"column-3\">come with me<\/td>\n<\/tr>\n<\/tbody>\n<\/table>\n<!-- #tablepress-1 from cache -->[\/et_pb_code][\/et_pb_column][\/et_pb_row][\/et_pb_section]<\/p>\n","protected":false},"excerpt":{"rendered":"<p>Dialetto &nbsp; Per fornire un contesto, i dialetti (ovvero le variet\u00e0 regionali di una lingua) sono evoluti dal latino in tutta Italia come risultato dell\u2019instabilit\u00e0 politica presente nel paese dal periodo subito dopo la caduta dell\u2019Impero Romano fino all\u2019unificazione d\u2019Italia nel 19imo secolo. Per saperne di pi\u00f9 sui dialetti italiani, vedere DIALETTO. . La standardizzazione [&hellip;]<\/p>\n","protected":false},"author":1,"featured_media":0,"parent":0,"menu_order":0,"comment_status":"closed","ping_status":"closed","template":"","meta":{"_et_pb_use_builder":"on","_et_pb_old_content":"","_et_gb_content_width":"","_uf_show_specific_survey":0,"_uf_disable_surveys":false,"iawp_total_views":131,"footnotes":""},"class_list":["post-9156","page","type-page","status-publish","hentry"],"_links":{"self":[{"href":"https:\/\/torricellapeligna.org\/it\/wp-json\/wp\/v2\/pages\/9156","targetHints":{"allow":["GET"]}}],"collection":[{"href":"https:\/\/torricellapeligna.org\/it\/wp-json\/wp\/v2\/pages"}],"about":[{"href":"https:\/\/torricellapeligna.org\/it\/wp-json\/wp\/v2\/types\/page"}],"author":[{"embeddable":true,"href":"https:\/\/torricellapeligna.org\/it\/wp-json\/wp\/v2\/users\/1"}],"replies":[{"embeddable":true,"href":"https:\/\/torricellapeligna.org\/it\/wp-json\/wp\/v2\/comments?post=9156"}],"version-history":[{"count":7,"href":"https:\/\/torricellapeligna.org\/it\/wp-json\/wp\/v2\/pages\/9156\/revisions"}],"predecessor-version":[{"id":206897,"href":"https:\/\/torricellapeligna.org\/it\/wp-json\/wp\/v2\/pages\/9156\/revisions\/206897"}],"wp:attachment":[{"href":"https:\/\/torricellapeligna.org\/it\/wp-json\/wp\/v2\/media?parent=9156"}],"curies":[{"name":"wp","href":"https:\/\/api.w.org\/{rel}","templated":true}]}}